{"id":2377,"date":"2014-12-08T20:37:54","date_gmt":"2014-12-08T19:37:54","guid":{"rendered":"http:\/\/www.mandabe.org\/?page_id=2377"},"modified":"2014-12-20T22:20:31","modified_gmt":"2014-12-20T21:20:31","slug":"incontro-degli-amici-della-missione-30112014","status":"publish","type":"page","link":"https:\/\/www.mandabe.org\/?page_id=2377","title":{"rendered":"Incontro degli &#8220;Amici della Missione&#8221; (30\/11\/2014)"},"content":{"rendered":"<p><span style=\"font-family: arial, helvetica, sans-serif; font-size: 12pt; color: #000000;\">La tradizionale serata missionaria con gli amici e benefattori quest\u2019anno ha portato con s\u00e9 alcune novit\u00e0, come il cambio di \u201clocation\u201d e di giorno per motivi puramente tecnici, ma soprattutto la piacevole sorpresa di avere con noi don Riccardo, rientrato in Italia giusto pochi giorni prima!<\/span><\/p>\n<p><span style=\"font-family: arial, helvetica, sans-serif; font-size: 12pt; color: #000000;\">Il tutto si \u00e8 svolto come da programma: la Messa celebrata dal nostro caro <em>Monpera<\/em> in una chiesa gremita di amici contenti per l\u2019inaspettato quanto desiderato incontro e commozione da entrambe le parti (significativi gli occhi di don Riccardo quando, all\u2019ingresso, ha alzato lo sguardo dall\u2019altare); curata come sempre la liturgia e i segni che hanno scandito i vari momenti della celebrazione, in particolare l\u2019offertorio durante il quale \u00e8 stata sottolineata l\u2019importanza del tempo da donare agli altri, specialmente agli anziani e alle persone pi\u00f9 sole (attraverso il segno dell\u2019orologio, del bastone e delle medicine) e del coraggio nell\u2019annuncio del Vangelo (con il dono di un megafono e del calendario della missione, dedicato quest\u2019anno proprio alla gioia dell\u2019annuncio con le riflessioni di Papa Francesco).<\/span><\/p>\n<p><span style=\"font-family: arial, helvetica, sans-serif; font-size: 12pt; color: #000000;\">La serata \u00e8 proseguita con il consueto momento conviviale, durante il quale don Riccardo ha potuto fermarsi a tavola con i tanti amici presenti, raccontarsi e ascoltare.<\/span><\/p>\n<p><span style=\"font-family: arial, helvetica, sans-serif; font-size: 12pt; color: #000000;\">Il video proiettato \u00e8 stato commentato dalla sua viva voce e non poteva essere diversamente: le immagini e i filmati li aveva portati proprio lui, dopo un lungo e periglioso viaggio e valeva davvero la pena guardarli insieme e farsi aiutare a comprendere dal suo racconto preciso e attento e alleggerito, di tanto in tanto, da qualche battuta: i presenti hanno potuto vedere i tratti pi\u00f9 significativi degli ultimi due viaggi di don Riccardo, gli aggiornamenti dalla missione e scene di vita quotidiana nella sua nuova realt\u00e0 dove le condizioni di vita e di lavoro sono ancora pi\u00f9 povere rispetto a Mandabe, ma dove \u00e8 stato fatto gi\u00e0 tantissimo in meno di due anni di attivit\u00e0.<\/span><\/p>\n<p><span style=\"font-family: arial, helvetica, sans-serif; font-size: 12pt; color: #000000;\">Grazie alla collaborazione e alla sinergia di molti, l\u2019organizzazione \u00e8 riuscita al meglio e i partecipanti hanno potuto respirare un clima accogliente e famigliare: un momento di sincera condivisione, di amicizia e di ringraziamento.<\/span><\/p>\n\n\t\t<div id='gallery-1' class='gallery galleryid-2377 gallery-columns-4 gallery-size-thumbnail gallery-link-file'><figure class='gallery-item'>\n\t\t\t<span class='gallery-icon'>\n\t\t\t\t<a rel='attachment' href='https:\/\/www.mandabe.org\/wp-content\/uploads\/2014\/12\/serata1.jpg'><img loading=\"lazy\" decoding=\"async\" width=\"150\" height=\"150\" src=\"https:\/\/www.mandabe.org\/wp-content\/uploads\/2014\/12\/serata1-150x150.jpg\" class=\"attachment-thumbnail size-thumbnail\" alt=\"\" srcset=\"https:\/\/www.mandabe.org\/wp-content\/uploads\/2014\/12\/serata1-150x150.jpg 150w, https:\/\/www.mandabe.org\/wp-content\/uploads\/2014\/12\/serata1-100x100.jpg 100w\" sizes=\"(max-width: 150px) 100vw, 150px\" \/><\/a>\n\t\t\t<\/span><\/figure><figure class='gallery-item'>\n\t\t\t<span class='gallery-icon'>\n\t\t\t\t<a rel='attachment' href='https:\/\/www.mandabe.org\/wp-content\/uploads\/2014\/12\/serata2-e1419109528612.jpg'><img loading=\"lazy\" decoding=\"async\" width=\"150\" height=\"150\" src=\"https:\/\/www.mandabe.org\/wp-content\/uploads\/2014\/12\/serata2-e1419109528612-150x150.jpg\" class=\"attachment-thumbnail size-thumbnail\" alt=\"\" srcset=\"https:\/\/www.mandabe.org\/wp-content\/uploads\/2014\/12\/serata2-e1419109528612-150x150.jpg 150w, https:\/\/www.mandabe.org\/wp-content\/uploads\/2014\/12\/serata2-e1419109528612-100x100.jpg 100w\" sizes=\"(max-width: 150px) 100vw, 150px\" \/><\/a>\n\t\t\t<\/span><\/figure><figure class='gallery-item'>\n\t\t\t<span class='gallery-icon'>\n\t\t\t\t<a rel='attachment' href='https:\/\/www.mandabe.org\/wp-content\/uploads\/2014\/12\/serata3.jpg'><img loading=\"lazy\" decoding=\"async\" width=\"150\" height=\"150\" src=\"https:\/\/www.mandabe.org\/wp-content\/uploads\/2014\/12\/serata3-150x150.jpg\" class=\"attachment-thumbnail size-thumbnail\" alt=\"\" srcset=\"https:\/\/www.mandabe.org\/wp-content\/uploads\/2014\/12\/serata3-150x150.jpg 150w, https:\/\/www.mandabe.org\/wp-content\/uploads\/2014\/12\/serata3-100x100.jpg 100w\" sizes=\"(max-width: 150px) 100vw, 150px\" \/><\/a>\n\t\t\t<\/span><\/figure><figure class='gallery-item'>\n\t\t\t<span class='gallery-icon'>\n\t\t\t\t<a rel='attachment' href='https:\/\/www.mandabe.org\/wp-content\/uploads\/2014\/12\/serata4.jpg'><img loading=\"lazy\" decoding=\"async\" width=\"150\" height=\"150\" src=\"https:\/\/www.mandabe.org\/wp-content\/uploads\/2014\/12\/serata4-150x150.jpg\" class=\"attachment-thumbnail size-thumbnail\" alt=\"\" srcset=\"https:\/\/www.mandabe.org\/wp-content\/uploads\/2014\/12\/serata4-150x150.jpg 150w, https:\/\/www.mandabe.org\/wp-content\/uploads\/2014\/12\/serata4-100x100.jpg 100w\" sizes=\"(max-width: 150px) 100vw, 150px\" \/><\/a>\n\t\t\t<\/span><\/figure><br style=\"clear: both\" \/><figure class='gallery-item'>\n\t\t\t<span class='gallery-icon'>\n\t\t\t\t<a rel='attachment' href='https:\/\/www.mandabe.org\/wp-content\/uploads\/2014\/12\/serata5.jpg'><img loading=\"lazy\" decoding=\"async\" width=\"150\" height=\"150\" src=\"https:\/\/www.mandabe.org\/wp-content\/uploads\/2014\/12\/serata5-150x150.jpg\" class=\"attachment-thumbnail size-thumbnail\" alt=\"\" srcset=\"https:\/\/www.mandabe.org\/wp-content\/uploads\/2014\/12\/serata5-150x150.jpg 150w, https:\/\/www.mandabe.org\/wp-content\/uploads\/2014\/12\/serata5-100x100.jpg 100w\" sizes=\"(max-width: 150px) 100vw, 150px\" \/><\/a>\n\t\t\t<\/span><\/figure><figure class='gallery-item'>\n\t\t\t<span class='gallery-icon'>\n\t\t\t\t<a rel='attachment' href='https:\/\/www.mandabe.org\/wp-content\/uploads\/2014\/12\/serata6.jpg'><img loading=\"lazy\" decoding=\"async\" width=\"150\" height=\"150\" src=\"https:\/\/www.mandabe.org\/wp-content\/uploads\/2014\/12\/serata6-150x150.jpg\" class=\"attachment-thumbnail size-thumbnail\" alt=\"\" srcset=\"https:\/\/www.mandabe.org\/wp-content\/uploads\/2014\/12\/serata6-150x150.jpg 150w, https:\/\/www.mandabe.org\/wp-content\/uploads\/2014\/12\/serata6-100x100.jpg 100w\" sizes=\"(max-width: 150px) 100vw, 150px\" \/><\/a>\n\t\t\t<\/span><\/figure><figure class='gallery-item'>\n\t\t\t<span class='gallery-icon'>\n\t\t\t\t<a rel='attachment' href='https:\/\/www.mandabe.org\/wp-content\/uploads\/2014\/12\/serata7.jpg'><img loading=\"lazy\" decoding=\"async\" width=\"150\" height=\"150\" src=\"https:\/\/www.mandabe.org\/wp-content\/uploads\/2014\/12\/serata7-150x150.jpg\" class=\"attachment-thumbnail size-thumbnail\" alt=\"\" srcset=\"https:\/\/www.mandabe.org\/wp-content\/uploads\/2014\/12\/serata7-150x150.jpg 150w, https:\/\/www.mandabe.org\/wp-content\/uploads\/2014\/12\/serata7-100x100.jpg 100w\" sizes=\"(max-width: 150px) 100vw, 150px\" \/><\/a>\n\t\t\t<\/span><\/figure><figure class='gallery-item'>\n\t\t\t<span class='gallery-icon'>\n\t\t\t\t<a rel='attachment' href='https:\/\/www.mandabe.org\/wp-content\/uploads\/2014\/12\/serata8.jpg'><img loading=\"lazy\" decoding=\"async\" width=\"150\" height=\"150\" src=\"https:\/\/www.mandabe.org\/wp-content\/uploads\/2014\/12\/serata8-150x150.jpg\" class=\"attachment-thumbnail size-thumbnail\" alt=\"\" srcset=\"https:\/\/www.mandabe.org\/wp-content\/uploads\/2014\/12\/serata8-150x150.jpg 150w, https:\/\/www.mandabe.org\/wp-content\/uploads\/2014\/12\/serata8-100x100.jpg 100w\" sizes=\"(max-width: 150px) 100vw, 150px\" \/><\/a>\n\t\t\t<\/span><\/figure><br style=\"clear: both\" \/><figure class='gallery-item'>\n\t\t\t<span class='gallery-icon'>\n\t\t\t\t<a rel='attachment' href='https:\/\/www.mandabe.org\/wp-content\/uploads\/2014\/12\/serata9.jpg'><img loading=\"lazy\" decoding=\"async\" width=\"150\" height=\"150\" src=\"https:\/\/www.mandabe.org\/wp-content\/uploads\/2014\/12\/serata9-150x150.jpg\" class=\"attachment-thumbnail size-thumbnail\" alt=\"\" srcset=\"https:\/\/www.mandabe.org\/wp-content\/uploads\/2014\/12\/serata9-150x150.jpg 150w, https:\/\/www.mandabe.org\/wp-content\/uploads\/2014\/12\/serata9-100x100.jpg 100w\" sizes=\"(max-width: 150px) 100vw, 150px\" \/><\/a>\n\t\t\t<\/span><\/figure><figure class='gallery-item'>\n\t\t\t<span class='gallery-icon'>\n\t\t\t\t<a rel='attachment' href='https:\/\/www.mandabe.org\/wp-content\/uploads\/2014\/12\/serata10.jpg'><img loading=\"lazy\" decoding=\"async\" width=\"150\" height=\"150\" src=\"https:\/\/www.mandabe.org\/wp-content\/uploads\/2014\/12\/serata10-150x150.jpg\" class=\"attachment-thumbnail size-thumbnail\" alt=\"\" srcset=\"https:\/\/www.mandabe.org\/wp-content\/uploads\/2014\/12\/serata10-150x150.jpg 150w, https:\/\/www.mandabe.org\/wp-content\/uploads\/2014\/12\/serata10-100x100.jpg 100w\" sizes=\"(max-width: 150px) 100vw, 150px\" \/><\/a>\n\t\t\t<\/span><\/figure><figure class='gallery-item'>\n\t\t\t<span class='gallery-icon'>\n\t\t\t\t<a rel='attachment' href='https:\/\/www.mandabe.org\/wp-content\/uploads\/2014\/12\/serata11.jpg'><img loading=\"lazy\" decoding=\"async\" width=\"150\" height=\"150\" src=\"https:\/\/www.mandabe.org\/wp-content\/uploads\/2014\/12\/serata11-150x150.jpg\" class=\"attachment-thumbnail size-thumbnail\" alt=\"\" srcset=\"https:\/\/www.mandabe.org\/wp-content\/uploads\/2014\/12\/serata11-150x150.jpg 150w, https:\/\/www.mandabe.org\/wp-content\/uploads\/2014\/12\/serata11-100x100.jpg 100w\" sizes=\"(max-width: 150px) 100vw, 150px\" \/><\/a>\n\t\t\t<\/span><\/figure><figure class='gallery-item'>\n\t\t\t<span class='gallery-icon'>\n\t\t\t\t<a rel='attachment' href='https:\/\/www.mandabe.org\/wp-content\/uploads\/2014\/12\/serata12.jpg'><img loading=\"lazy\" decoding=\"async\" width=\"150\" height=\"150\" src=\"https:\/\/www.mandabe.org\/wp-content\/uploads\/2014\/12\/serata12-150x150.jpg\" class=\"attachment-thumbnail size-thumbnail\" alt=\"\" srcset=\"https:\/\/www.mandabe.org\/wp-content\/uploads\/2014\/12\/serata12-150x150.jpg 150w, https:\/\/www.mandabe.org\/wp-content\/uploads\/2014\/12\/serata12-100x100.jpg 100w\" sizes=\"(max-width: 150px) 100vw, 150px\" \/><\/a>\n\t\t\t<\/span><\/figure><br style=\"clear: both\" \/><figure class='gallery-item'>\n\t\t\t<span class='gallery-icon'>\n\t\t\t\t<a rel='attachment' href='https:\/\/www.mandabe.org\/wp-content\/uploads\/2014\/12\/serata13.jpg'><img loading=\"lazy\" decoding=\"async\" width=\"150\" height=\"150\" src=\"https:\/\/www.mandabe.org\/wp-content\/uploads\/2014\/12\/serata13-150x150.jpg\" class=\"attachment-thumbnail size-thumbnail\" alt=\"\" srcset=\"https:\/\/www.mandabe.org\/wp-content\/uploads\/2014\/12\/serata13-150x150.jpg 150w, https:\/\/www.mandabe.org\/wp-content\/uploads\/2014\/12\/serata13-100x100.jpg 100w\" sizes=\"(max-width: 150px) 100vw, 150px\" \/><\/a>\n\t\t\t<\/span><\/figure><figure class='gallery-item'>\n\t\t\t<span class='gallery-icon'>\n\t\t\t\t<a rel='attachment' href='https:\/\/www.mandabe.org\/wp-content\/uploads\/2014\/12\/serata14.jpg'><img loading=\"lazy\" decoding=\"async\" width=\"150\" height=\"150\" src=\"https:\/\/www.mandabe.org\/wp-content\/uploads\/2014\/12\/serata14-150x150.jpg\" class=\"attachment-thumbnail size-thumbnail\" alt=\"\" srcset=\"https:\/\/www.mandabe.org\/wp-content\/uploads\/2014\/12\/serata14-150x150.jpg 150w, https:\/\/www.mandabe.org\/wp-content\/uploads\/2014\/12\/serata14-100x100.jpg 100w\" sizes=\"(max-width: 150px) 100vw, 150px\" \/><\/a>\n\t\t\t<\/span><\/figure><figure class='gallery-item'>\n\t\t\t<span class='gallery-icon'>\n\t\t\t\t<a rel='attachment' href='https:\/\/www.mandabe.org\/wp-content\/uploads\/2014\/12\/serata15.jpg'><img loading=\"lazy\" decoding=\"async\" width=\"150\" height=\"150\" src=\"https:\/\/www.mandabe.org\/wp-content\/uploads\/2014\/12\/serata15-150x150.jpg\" class=\"attachment-thumbnail size-thumbnail\" alt=\"\" srcset=\"https:\/\/www.mandabe.org\/wp-content\/uploads\/2014\/12\/serata15-150x150.jpg 150w, https:\/\/www.mandabe.org\/wp-content\/uploads\/2014\/12\/serata15-100x100.jpg 100w\" sizes=\"(max-width: 150px) 100vw, 150px\" \/><\/a>\n\t\t\t<\/span><\/figure><figure class='gallery-item'>\n\t\t\t<span class='gallery-icon'>\n\t\t\t\t<a rel='attachment' href='https:\/\/www.mandabe.org\/wp-content\/uploads\/2014\/12\/serata16.jpg'><img loading=\"lazy\" decoding=\"async\" width=\"150\" height=\"150\" src=\"https:\/\/www.mandabe.org\/wp-content\/uploads\/2014\/12\/serata16-150x150.jpg\" class=\"attachment-thumbnail size-thumbnail\" alt=\"\" srcset=\"https:\/\/www.mandabe.org\/wp-content\/uploads\/2014\/12\/serata16-150x150.jpg 150w, https:\/\/www.mandabe.org\/wp-content\/uploads\/2014\/12\/serata16-100x100.jpg 100w\" sizes=\"(max-width: 150px) 100vw, 150px\" \/><\/a>\n\t\t\t<\/span><\/figure><br style=\"clear: both\" \/><figure class='gallery-item'>\n\t\t\t<span class='gallery-icon'>\n\t\t\t\t<a rel='attachment' href='https:\/\/www.mandabe.org\/wp-content\/uploads\/2014\/12\/serata17.jpg'><img loading=\"lazy\" decoding=\"async\" width=\"150\" height=\"150\" src=\"https:\/\/www.mandabe.org\/wp-content\/uploads\/2014\/12\/serata17-150x150.jpg\" class=\"attachment-thumbnail size-thumbnail\" alt=\"\" srcset=\"https:\/\/www.mandabe.org\/wp-content\/uploads\/2014\/12\/serata17-150x150.jpg 150w, https:\/\/www.mandabe.org\/wp-content\/uploads\/2014\/12\/serata17-100x100.jpg 100w\" sizes=\"(max-width: 150px) 100vw, 150px\" \/><\/a>\n\t\t\t<\/span><\/figure>\n\t\t\t<div class='clear'><\/div>\n\t\t<\/div>\n\n","protected":false},"excerpt":{"rendered":"<p>La tradizionale serata missionaria con gli amici e benefattori quest\u2019anno ha portato con s\u00e9 alcune novit\u00e0, come il cambio di \u201clocation\u201d e di giorno per motivi puramente tecnici, ma soprattutto la piacevole sorpresa di avere con noi don Riccardo, rientrato in Italia giusto pochi giorni prima! Il tutto si \u00e8 &#8230;<\/p>\n","protected":false},"author":1,"featured_media":0,"parent":0,"menu_order":0,"comment_status":"closed","ping_status":"open","template":"","meta":{"footnotes":""},"_links":{"self":[{"href":"https:\/\/www.mandabe.org\/index.php?rest_route=\/wp\/v2\/pages\/2377"}],"collection":[{"href":"https:\/\/www.mandabe.org\/index.php?rest_route=\/wp\/v2\/pages"}],"about":[{"href":"https:\/\/www.mandabe.org\/index.php?rest_route=\/wp\/v2\/types\/page"}],"author":[{"embeddable":true,"href":"https:\/\/www.mandabe.org\/index.php?rest_route=\/wp\/v2\/users\/1"}],"replies":[{"embeddable":true,"href":"https:\/\/www.mandabe.org\/index.php?rest_route=%2Fwp%2Fv2%2Fcomments&post=2377"}],"version-history":[{"count":9,"href":"https:\/\/www.mandabe.org\/index.php?rest_route=\/wp\/v2\/pages\/2377\/revisions"}],"predecessor-version":[{"id":2456,"href":"https:\/\/www.mandabe.org\/index.php?rest_route=\/wp\/v2\/pages\/2377\/revisions\/2456"}],"wp:attachment":[{"href":"https:\/\/www.mandabe.org\/index.php?rest_route=%2Fwp%2Fv2%2Fmedia&parent=2377"}],"curies":[{"name":"wp","href":"https:\/\/api.w.org\/{rel}","templated":true}]}}