{"id":2752,"date":"2015-08-02T22:13:41","date_gmt":"2015-08-02T20:13:41","guid":{"rendered":"http:\/\/www.mandabe.org\/?page_id=2752"},"modified":"2015-08-02T22:13:54","modified_gmt":"2015-08-02T20:13:54","slug":"la-missione-viene-a-noi","status":"publish","type":"page","link":"https:\/\/www.mandabe.org\/?page_id=2752","title":{"rendered":"La missione che viene a noi"},"content":{"rendered":"<p><span style=\"font-family: arial, helvetica, sans-serif; font-size: 12pt; color: #000000;\">Sabato 20 giugno a Ziano Piacentino, localit\u00e0 Albareto, si \u00e9 tenuto un incontro\/riflessione su come essere missionari nel nostro quotidiano al quale\u00a0\u00e8 seguita, dopo una piacevole passeggiata attraverso i vigneti, una cena di raccolta-fondi per la missione di Betanatanana.<\/span><\/p>\n<p><a href=\"https:\/\/www.mandabe.org\/wp-content\/uploads\/2015\/07\/Grigliata2.jpg\"><img loading=\"lazy\" decoding=\"async\" class=\"aligncenter size-medium wp-image-2683\" src=\"https:\/\/www.mandabe.org\/wp-content\/uploads\/2015\/07\/Grigliata2-300x211.jpg\" alt=\"Grigliata2\" width=\"300\" height=\"211\" srcset=\"https:\/\/www.mandabe.org\/wp-content\/uploads\/2015\/07\/Grigliata2-300x211.jpg 300w, https:\/\/www.mandabe.org\/wp-content\/uploads\/2015\/07\/Grigliata2.jpg 694w\" sizes=\"(max-width: 300px) 100vw, 300px\" \/><\/a><\/p>\n<p>&nbsp;<\/p>\n<p><span style=\"font-family: arial, helvetica, sans-serif; color: #000000; font-size: 12pt;\">La scelta della data non \u00e8 stata casuale, infatti Padre Gianromano ha precisato subito che il 20 giugno \u00e8 la Giornata Mondiale del rifugiato; cos\u00ec \u00e8 stata in quest\u2019ottica che si \u00e8 sviluppata la semplice ma costruttiva riflessione guidata dal nostro caro amico e missionario scalabriniano nella gradevole cornice davanti alla chiesa di Albareto sul prato tagliato di fresco, in un\u2019atmosfera conviviale ma allo stesso tempo raccolta, tanto che persino i bambini presenti se ne sono resi conto e hanno saputo giocare nelle immediate vicinanze in maniera assolutamente rispettosa.<\/span><\/p>\n<p><span style=\"font-family: arial, helvetica, sans-serif; color: #000000; font-size: 12pt;\">Al centro il brano biblico dell\u2019incontro di Abramo con i tre ospiti alle querce di Mamre (Gen 18, 1-15), la sacralit\u00e0 dell\u2019ospitalit\u00e0, pur se avviene \u201cnell\u2019ora pi\u00f9 calda del giorno\u201d, cio\u00e8 nel momento meno opportuno. Da qui diversi spunti e collegamenti con il nostro quotidiano e alcune sollecitazioni: la questione delle migrazioni \u00e8 un fatto, prima che essere un problema e, soprattutto, riguarda delle persone, con dei volti e delle storie precise. A questo proposito padre Gianromano ci ha invitato a vedere il film \u201cLamerica\u201d di Gianni Amelio e in particolare gli ultimi tre minuti.<\/span><\/p>\n<p><span style=\"font-family: arial, helvetica, sans-serif; color: #000000; font-size: 12pt;\">Non c\u2019\u00e8 stata alcuna pretesa di presentare soluzioni facili n\u00e9 di dare lezioni, molto pi\u00f9 semplicemente di trovarci insieme a riflettere sulla missione: essere missionari implica il non chiudere gli occhi su quanto accade nel nostro quotidiano, cercando, se possibile, di superare i luoghi comuni e ricordandoci cosa ci dice San Paolo: \u201cNon dimenticate l\u2019ospitalit\u00e0; alcuni, praticandola, hanno accolto degli angeli senza saperlo\u201d (Eb 13, 2).<\/span><\/p>\n<p>&nbsp;<\/p>\n<p><span style=\"font-family: arial, helvetica, sans-serif; color: #000000; font-size: 12pt;\"><a href=\"https:\/\/www.mandabe.org\/wp-content\/uploads\/2015\/07\/Grigliata-1.jpg\"><img loading=\"lazy\" decoding=\"async\" class=\"alignleft size-medium wp-image-2684\" src=\"https:\/\/www.mandabe.org\/wp-content\/uploads\/2015\/07\/Grigliata-1-300x197.jpg\" alt=\"Grigliata 1\" width=\"300\" height=\"197\" srcset=\"https:\/\/www.mandabe.org\/wp-content\/uploads\/2015\/07\/Grigliata-1-300x197.jpg 300w, https:\/\/www.mandabe.org\/wp-content\/uploads\/2015\/07\/Grigliata-1-700x460.jpg 700w, https:\/\/www.mandabe.org\/wp-content\/uploads\/2015\/07\/Grigliata-1.jpg 742w\" sizes=\"(max-width: 300px) 100vw, 300px\" \/><\/a>Al termine ci siamo diretti verso il luogo preparato per la cena con una gradevole passeggiata in mezzo ai vigneti, apprezzata in particolare per il panorama e la luminosit\u00e0 della giornata e per averci permesso di arrivare a tavola in un clima di amicizia e condivisione. <\/span><\/p>\n<p><span style=\"font-family: arial, helvetica, sans-serif; font-size: 12pt; color: #000000;\">Infine un\u2019ultima precisazione: essere missionari significa anche cercare la sobriet\u00e0 e avendo utilizzato piatti e bicchieri biodegradabili, stoviglie in acciaio e acqua in bottiglie di vetro \u00e8 stato possibile ridurre i rifiuti a \u201cappena\u201d mezzo sacco, nonostante il cospicuo numero di partecipanti: \u00e8 importante mantenere l\u2019attenzione anche su questo aspetto, ridurre gli sprechi e dimostrare che \u00e8 fattibile.<\/span><\/p>\n<p><a href=\"https:\/\/www.mandabe.org\/wp-content\/uploads\/2015\/07\/Grigliata3.jpg\"><img loading=\"lazy\" decoding=\"async\" class=\"alignleft size-full wp-image-2685\" src=\"https:\/\/www.mandabe.org\/wp-content\/uploads\/2015\/07\/Grigliata3.jpg\" alt=\"Grigliata3\" width=\"799\" height=\"464\" srcset=\"https:\/\/www.mandabe.org\/wp-content\/uploads\/2015\/07\/Grigliata3.jpg 799w, https:\/\/www.mandabe.org\/wp-content\/uploads\/2015\/07\/Grigliata3-300x174.jpg 300w, https:\/\/www.mandabe.org\/wp-content\/uploads\/2015\/07\/Grigliata3-700x407.jpg 700w\" sizes=\"(max-width: 799px) 100vw, 799px\" \/><\/a><\/p>\n<p><span style=\"font-family: arial, helvetica, sans-serif; font-size: 12pt; color: #000000;\">Grazie a tutti!!!<\/span><\/p>\n","protected":false},"excerpt":{"rendered":"<p>Sabato 20 giugno a Ziano Piacentino, localit\u00e0 Albareto, si \u00e9 tenuto un incontro\/riflessione su come essere missionari nel nostro quotidiano al quale\u00a0\u00e8 seguita, dopo una piacevole passeggiata attraverso i vigneti, una cena di raccolta-fondi per la missione di Betanatanana. &nbsp; La scelta della data non \u00e8 stata casuale, infatti Padre &#8230;<\/p>\n","protected":false},"author":1,"featured_media":0,"parent":0,"menu_order":0,"comment_status":"closed","ping_status":"open","template":"","meta":{"footnotes":""},"_links":{"self":[{"href":"https:\/\/www.mandabe.org\/index.php?rest_route=\/wp\/v2\/pages\/2752"}],"collection":[{"href":"https:\/\/www.mandabe.org\/index.php?rest_route=\/wp\/v2\/pages"}],"about":[{"href":"https:\/\/www.mandabe.org\/index.php?rest_route=\/wp\/v2\/types\/page"}],"author":[{"embeddable":true,"href":"https:\/\/www.mandabe.org\/index.php?rest_route=\/wp\/v2\/users\/1"}],"replies":[{"embeddable":true,"href":"https:\/\/www.mandabe.org\/index.php?rest_route=%2Fwp%2Fv2%2Fcomments&post=2752"}],"version-history":[{"count":2,"href":"https:\/\/www.mandabe.org\/index.php?rest_route=\/wp\/v2\/pages\/2752\/revisions"}],"predecessor-version":[{"id":2754,"href":"https:\/\/www.mandabe.org\/index.php?rest_route=\/wp\/v2\/pages\/2752\/revisions\/2754"}],"wp:attachment":[{"href":"https:\/\/www.mandabe.org\/index.php?rest_route=%2Fwp%2Fv2%2Fmedia&parent=2752"}],"curies":[{"name":"wp","href":"https:\/\/api.w.org\/{rel}","templated":true}]}}