{"id":2755,"date":"2015-08-02T22:14:46","date_gmt":"2015-08-02T20:14:46","guid":{"rendered":"http:\/\/www.mandabe.org\/?page_id=2755"},"modified":"2015-10-07T21:13:36","modified_gmt":"2015-10-07T19:13:36","slug":"aperitivo-solidale","status":"publish","type":"page","link":"https:\/\/www.mandabe.org\/?page_id=2755","title":{"rendered":"Aperitivo solidale"},"content":{"rendered":"<p><span style=\"font-family: arial, helvetica, sans-serif; font-size: 12pt; color: #000000;\"><a href=\"https:\/\/www.mandabe.org\/wp-content\/uploads\/2015\/07\/Cattura.jpg\"><img loading=\"lazy\" decoding=\"async\" class=\"aligncenter size-medium wp-image-2693\" src=\"https:\/\/www.mandabe.org\/wp-content\/uploads\/2015\/07\/Cattura-212x300.jpg\" alt=\"Cattura\" width=\"212\" height=\"300\" srcset=\"https:\/\/www.mandabe.org\/wp-content\/uploads\/2015\/07\/Cattura-212x300.jpg 212w, https:\/\/www.mandabe.org\/wp-content\/uploads\/2015\/07\/Cattura.jpg 544w\" sizes=\"(max-width: 212px) 100vw, 212px\" \/><\/a><\/span><\/p>\n<p>&nbsp;<\/p>\n<p><span style=\"font-family: arial, helvetica, sans-serif; font-size: 12pt; color: #000000;\">Il 24 luglio nella corte dell&#8217;Azienda Agrituristica in localit\u00e0 Montalbo si \u00e8 tenuto un aperitivo solidale il cui ricavato \u00e8 stato devoluto per finanziare i progetti della missione di Betanatanana.<\/span><\/p>\n<p><span style=\"font-family: arial, helvetica, sans-serif; font-size: 12pt; color: #000000;\">Al seguente link, chi non ha avuto la possibilit\u00e0 di partecipare alla serata, pu\u00f2 ascoltare il discorso fatto per l&#8217;occasione dal Presidente dell&#8217;Associazione:<\/span><\/p>\n<p><a href=\"https:\/\/youtu.be\/-XvHUOECEz8\">https:\/\/youtu.be\/-XvHUOECEz8<\/a><\/p>\n<p><span style=\"font-family: arial, helvetica, sans-serif; font-size: 12pt; color: #000000;\">Inoltre riportiamo qualche fotografia della serata:<\/span><\/p>\n<p>&nbsp;<\/p>\n\n\t\t<div id='gallery-1' class='gallery galleryid-2755 gallery-columns-4 gallery-size-thumbnail gallery-link-attachment'><figure class='gallery-item'>\n\t\t\t<span class='gallery-icon'>\n\t\t\t\t<a rel='attachment' href='https:\/\/www.mandabe.org\/?attachment_id=2726'><img loading=\"lazy\" decoding=\"async\" width=\"150\" height=\"150\" src=\"https:\/\/www.mandabe.org\/wp-content\/uploads\/2015\/08\/IMG_1905-150x150.jpg\" class=\"attachment-thumbnail size-thumbnail\" alt=\"\" srcset=\"https:\/\/www.mandabe.org\/wp-content\/uploads\/2015\/08\/IMG_1905-150x150.jpg 150w, https:\/\/www.mandabe.org\/wp-content\/uploads\/2015\/08\/IMG_1905-100x100.jpg 100w\" sizes=\"(max-width: 150px) 100vw, 150px\" \/><\/a>\n\t\t\t<\/span><\/figure><figure class='gallery-item'>\n\t\t\t<span class='gallery-icon'>\n\t\t\t\t<a rel='attachment' href='https:\/\/www.mandabe.org\/?attachment_id=2725'><img loading=\"lazy\" decoding=\"async\" width=\"150\" height=\"150\" src=\"https:\/\/www.mandabe.org\/wp-content\/uploads\/2015\/08\/IMG_1910-150x150.jpg\" class=\"attachment-thumbnail size-thumbnail\" alt=\"\" srcset=\"https:\/\/www.mandabe.org\/wp-content\/uploads\/2015\/08\/IMG_1910-150x150.jpg 150w, https:\/\/www.mandabe.org\/wp-content\/uploads\/2015\/08\/IMG_1910-100x100.jpg 100w\" sizes=\"(max-width: 150px) 100vw, 150px\" \/><\/a>\n\t\t\t<\/span><\/figure><figure class='gallery-item'>\n\t\t\t<span class='gallery-icon'>\n\t\t\t\t<a rel='attachment' href='https:\/\/www.mandabe.org\/?attachment_id=2724'><img loading=\"lazy\" decoding=\"async\" width=\"150\" height=\"150\" src=\"https:\/\/www.mandabe.org\/wp-content\/uploads\/2015\/08\/IMG_1911-150x150.jpg\" class=\"attachment-thumbnail size-thumbnail\" alt=\"\" srcset=\"https:\/\/www.mandabe.org\/wp-content\/uploads\/2015\/08\/IMG_1911-150x150.jpg 150w, https:\/\/www.mandabe.org\/wp-content\/uploads\/2015\/08\/IMG_1911-100x100.jpg 100w\" sizes=\"(max-width: 150px) 100vw, 150px\" \/><\/a>\n\t\t\t<\/span><\/figure><figure class='gallery-item'>\n\t\t\t<span class='gallery-icon'>\n\t\t\t\t<a rel='attachment' href='https:\/\/www.mandabe.org\/?attachment_id=2723'><img loading=\"lazy\" decoding=\"async\" width=\"150\" height=\"150\" src=\"https:\/\/www.mandabe.org\/wp-content\/uploads\/2015\/08\/IMG_1914-150x150.jpg\" class=\"attachment-thumbnail size-thumbnail\" alt=\"\" srcset=\"https:\/\/www.mandabe.org\/wp-content\/uploads\/2015\/08\/IMG_1914-150x150.jpg 150w, https:\/\/www.mandabe.org\/wp-content\/uploads\/2015\/08\/IMG_1914-100x100.jpg 100w\" sizes=\"(max-width: 150px) 100vw, 150px\" \/><\/a>\n\t\t\t<\/span><\/figure><br style=\"clear: both\" \/><figure class='gallery-item'>\n\t\t\t<span class='gallery-icon'>\n\t\t\t\t<a rel='attachment' href='https:\/\/www.mandabe.org\/?attachment_id=2722'><img loading=\"lazy\" decoding=\"async\" width=\"150\" height=\"150\" src=\"https:\/\/www.mandabe.org\/wp-content\/uploads\/2015\/08\/IMG_1921-150x150.jpg\" class=\"attachment-thumbnail size-thumbnail\" alt=\"\" srcset=\"https:\/\/www.mandabe.org\/wp-content\/uploads\/2015\/08\/IMG_1921-150x150.jpg 150w, https:\/\/www.mandabe.org\/wp-content\/uploads\/2015\/08\/IMG_1921-100x100.jpg 100w\" sizes=\"(max-width: 150px) 100vw, 150px\" \/><\/a>\n\t\t\t<\/span><\/figure><figure class='gallery-item'>\n\t\t\t<span class='gallery-icon'>\n\t\t\t\t<a rel='attachment' href='https:\/\/www.mandabe.org\/?attachment_id=2721'><img loading=\"lazy\" decoding=\"async\" width=\"150\" height=\"150\" src=\"https:\/\/www.mandabe.org\/wp-content\/uploads\/2015\/08\/IMG_1922-150x150.jpg\" class=\"attachment-thumbnail size-thumbnail\" alt=\"\" srcset=\"https:\/\/www.mandabe.org\/wp-content\/uploads\/2015\/08\/IMG_1922-150x150.jpg 150w, https:\/\/www.mandabe.org\/wp-content\/uploads\/2015\/08\/IMG_1922-100x100.jpg 100w\" sizes=\"(max-width: 150px) 100vw, 150px\" \/><\/a>\n\t\t\t<\/span><\/figure><figure class='gallery-item'>\n\t\t\t<span class='gallery-icon'>\n\t\t\t\t<a rel='attachment' href='https:\/\/www.mandabe.org\/?attachment_id=2720'><img loading=\"lazy\" decoding=\"async\" width=\"150\" height=\"150\" src=\"https:\/\/www.mandabe.org\/wp-content\/uploads\/2015\/08\/IMG_1924-150x150.jpg\" class=\"attachment-thumbnail size-thumbnail\" alt=\"\" srcset=\"https:\/\/www.mandabe.org\/wp-content\/uploads\/2015\/08\/IMG_1924-150x150.jpg 150w, https:\/\/www.mandabe.org\/wp-content\/uploads\/2015\/08\/IMG_1924-100x100.jpg 100w\" sizes=\"(max-width: 150px) 100vw, 150px\" \/><\/a>\n\t\t\t<\/span><\/figure><figure class='gallery-item'>\n\t\t\t<span class='gallery-icon'>\n\t\t\t\t<a rel='attachment' href='https:\/\/www.mandabe.org\/?attachment_id=2719'><img loading=\"lazy\" decoding=\"async\" width=\"150\" height=\"150\" src=\"https:\/\/www.mandabe.org\/wp-content\/uploads\/2015\/08\/IMG_1940-150x150.jpg\" class=\"attachment-thumbnail size-thumbnail\" alt=\"\" srcset=\"https:\/\/www.mandabe.org\/wp-content\/uploads\/2015\/08\/IMG_1940-150x150.jpg 150w, https:\/\/www.mandabe.org\/wp-content\/uploads\/2015\/08\/IMG_1940-100x100.jpg 100w\" sizes=\"(max-width: 150px) 100vw, 150px\" \/><\/a>\n\t\t\t<\/span><\/figure><br style=\"clear: both\" \/><figure class='gallery-item'>\n\t\t\t<span class='gallery-icon'>\n\t\t\t\t<a rel='attachment' href='https:\/\/www.mandabe.org\/?attachment_id=2729'><img loading=\"lazy\" decoding=\"async\" width=\"150\" height=\"150\" src=\"https:\/\/www.mandabe.org\/wp-content\/uploads\/2015\/08\/IMG_1943-150x150.jpg\" class=\"attachment-thumbnail size-thumbnail\" alt=\"\" srcset=\"https:\/\/www.mandabe.org\/wp-content\/uploads\/2015\/08\/IMG_1943-150x150.jpg 150w, https:\/\/www.mandabe.org\/wp-content\/uploads\/2015\/08\/IMG_1943-100x100.jpg 100w\" sizes=\"(max-width: 150px) 100vw, 150px\" \/><\/a>\n\t\t\t<\/span><\/figure><figure class='gallery-item'>\n\t\t\t<span class='gallery-icon'>\n\t\t\t\t<a rel='attachment' href='https:\/\/www.mandabe.org\/?attachment_id=2727'><img loading=\"lazy\" decoding=\"async\" width=\"150\" height=\"150\" src=\"https:\/\/www.mandabe.org\/wp-content\/uploads\/2015\/08\/IMG_1947-150x150.jpg\" class=\"attachment-thumbnail size-thumbnail\" alt=\"\" srcset=\"https:\/\/www.mandabe.org\/wp-content\/uploads\/2015\/08\/IMG_1947-150x150.jpg 150w, https:\/\/www.mandabe.org\/wp-content\/uploads\/2015\/08\/IMG_1947-100x100.jpg 100w\" sizes=\"(max-width: 150px) 100vw, 150px\" \/><\/a>\n\t\t\t<\/span><\/figure><figure class='gallery-item'>\n\t\t\t<span class='gallery-icon'>\n\t\t\t\t<a rel='attachment' href='https:\/\/www.mandabe.org\/?attachment_id=2728'><img loading=\"lazy\" decoding=\"async\" width=\"150\" height=\"150\" src=\"https:\/\/www.mandabe.org\/wp-content\/uploads\/2015\/08\/IMG_1944-150x150.jpg\" class=\"attachment-thumbnail size-thumbnail\" alt=\"\" srcset=\"https:\/\/www.mandabe.org\/wp-content\/uploads\/2015\/08\/IMG_1944-150x150.jpg 150w, https:\/\/www.mandabe.org\/wp-content\/uploads\/2015\/08\/IMG_1944-100x100.jpg 100w\" sizes=\"(max-width: 150px) 100vw, 150px\" \/><\/a>\n\t\t\t<\/span><\/figure>\n\t\t\t<div class='clear'><\/div>\n\t\t<\/div>\n\n<p>&nbsp;<\/p>\n","protected":false},"excerpt":{"rendered":"<p>&nbsp; Il 24 luglio nella corte dell&#8217;Azienda Agrituristica in localit\u00e0 Montalbo si \u00e8 tenuto un aperitivo solidale il cui ricavato \u00e8 stato devoluto per finanziare i progetti della missione di Betanatanana. Al seguente link, chi non ha avuto la possibilit\u00e0 di partecipare alla serata, pu\u00f2 ascoltare il discorso fatto per &#8230;<\/p>\n","protected":false},"author":1,"featured_media":0,"parent":0,"menu_order":0,"comment_status":"closed","ping_status":"open","template":"","meta":{"footnotes":""},"_links":{"self":[{"href":"https:\/\/www.mandabe.org\/index.php?rest_route=\/wp\/v2\/pages\/2755"}],"collection":[{"href":"https:\/\/www.mandabe.org\/index.php?rest_route=\/wp\/v2\/pages"}],"about":[{"href":"https:\/\/www.mandabe.org\/index.php?rest_route=\/wp\/v2\/types\/page"}],"author":[{"embeddable":true,"href":"https:\/\/www.mandabe.org\/index.php?rest_route=\/wp\/v2\/users\/1"}],"replies":[{"embeddable":true,"href":"https:\/\/www.mandabe.org\/index.php?rest_route=%2Fwp%2Fv2%2Fcomments&post=2755"}],"version-history":[{"count":2,"href":"https:\/\/www.mandabe.org\/index.php?rest_route=\/wp\/v2\/pages\/2755\/revisions"}],"predecessor-version":[{"id":2769,"href":"https:\/\/www.mandabe.org\/index.php?rest_route=\/wp\/v2\/pages\/2755\/revisions\/2769"}],"wp:attachment":[{"href":"https:\/\/www.mandabe.org\/index.php?rest_route=%2Fwp%2Fv2%2Fmedia&parent=2755"}],"curies":[{"name":"wp","href":"https:\/\/api.w.org\/{rel}","templated":true}]}}