{"id":2920,"date":"2016-02-01T22:44:12","date_gmt":"2016-02-01T21:44:12","guid":{"rendered":"http:\/\/www.mandabe.org\/?page_id=2920"},"modified":"2016-02-01T22:56:51","modified_gmt":"2016-02-01T21:56:51","slug":"s-messa-in-suffragio-degli-amici-della-missione-defunti-240116","status":"publish","type":"page","link":"https:\/\/www.mandabe.org\/?page_id=2920","title":{"rendered":"S.Messa in suffragio degli Amici della Missione defunti (24\/01\/2016)"},"content":{"rendered":"<p><span style=\"font-family: arial, helvetica, sans-serif; font-size: 12pt; color: #000000;\"><a href=\"https:\/\/www.mandabe.org\/wp-content\/uploads\/2016\/02\/IMG_2419.jpg\"><img loading=\"lazy\" decoding=\"async\" class=\"aligncenter wp-image-2915\" src=\"https:\/\/www.mandabe.org\/wp-content\/uploads\/2016\/02\/IMG_2419-300x225.jpg\" alt=\"IMG_2419\" width=\"500\" height=\"375\" srcset=\"https:\/\/www.mandabe.org\/wp-content\/uploads\/2016\/02\/IMG_2419-300x225.jpg 300w, https:\/\/www.mandabe.org\/wp-content\/uploads\/2016\/02\/IMG_2419-1024x768.jpg 1024w, https:\/\/www.mandabe.org\/wp-content\/uploads\/2016\/02\/IMG_2419-268x200.jpg 268w, https:\/\/www.mandabe.org\/wp-content\/uploads\/2016\/02\/IMG_2419-700x525.jpg 700w\" sizes=\"(max-width: 500px) 100vw, 500px\" \/><\/a>Domenica 24 gennaio don Riccardo ci ha riuniti nella bella cappella dedicata a Santa Gianna Beretta Molla (Via Gonin, Milano) per una Messa in suffragio degli amici e benefattori della missione recentemente scomparsi. Una preghiera comunitaria per ricordare i nostri cari ma soprattutto per ancorarci sempre pi\u00f9 in Ges\u00f9 Risorto.<\/span><\/p>\n<p><span style=\"font-family: arial, helvetica, sans-serif; font-size: 12pt; color: #000000;\"><a href=\"https:\/\/www.mandabe.org\/wp-content\/uploads\/2016\/02\/IMG_2471.jpg\"><img loading=\"lazy\" decoding=\"async\" class=\"alignright size-medium wp-image-2917\" src=\"https:\/\/www.mandabe.org\/wp-content\/uploads\/2016\/02\/IMG_2471-300x225.jpg\" alt=\"IMG_2471\" width=\"300\" height=\"225\" srcset=\"https:\/\/www.mandabe.org\/wp-content\/uploads\/2016\/02\/IMG_2471-300x225.jpg 300w, https:\/\/www.mandabe.org\/wp-content\/uploads\/2016\/02\/IMG_2471-1024x768.jpg 1024w, https:\/\/www.mandabe.org\/wp-content\/uploads\/2016\/02\/IMG_2471-268x200.jpg 268w, https:\/\/www.mandabe.org\/wp-content\/uploads\/2016\/02\/IMG_2471-700x525.jpg 700w\" sizes=\"(max-width: 300px) 100vw, 300px\" \/><\/a>Tutto \u00e8 stato ben preparato e curato nei dettagli: a partire dalla sala che ci vedeva ospiti, allestita in maniera semplice ma attenta, in modo da favorire il raccoglimento (don Riccardo ha citato una frase di Sant\u2019Agostino a lui cara che dice \u201cI morti non sono degli assenti, sono degli invisibili che con i loro occhi di gloria guardano i nostri volti pieni di lacrime\u201d e si \u00e8 detto certo che in quella stessa sala insieme a noi c\u2019erano anche tutti i nostri cari), alla liturgia che \u00e8 stata toccante, a partire dal momento in cui sono stati letti, lentamente e a voci alterne, i nomi di tutti gli amici che stavamo ricordando in questa messa.<\/span><\/p>\n<p><span style=\"font-family: arial, helvetica, sans-serif; font-size: 12pt; color: #000000;\"><a href=\"https:\/\/www.mandabe.org\/wp-content\/uploads\/2016\/02\/IMG_2448.jpg\"><img loading=\"lazy\" decoding=\"async\" class=\"alignleft size-medium wp-image-2916\" src=\"https:\/\/www.mandabe.org\/wp-content\/uploads\/2016\/02\/IMG_2448-300x225.jpg\" alt=\"IMG_2448\" width=\"300\" height=\"225\" srcset=\"https:\/\/www.mandabe.org\/wp-content\/uploads\/2016\/02\/IMG_2448-300x225.jpg 300w, https:\/\/www.mandabe.org\/wp-content\/uploads\/2016\/02\/IMG_2448-1024x768.jpg 1024w, https:\/\/www.mandabe.org\/wp-content\/uploads\/2016\/02\/IMG_2448-268x200.jpg 268w, https:\/\/www.mandabe.org\/wp-content\/uploads\/2016\/02\/IMG_2448-700x525.jpg 700w\" sizes=\"(max-width: 300px) 100vw, 300px\" \/><\/a>La celebrazione \u00e8 stata scandita da tre momenti precisi: il momento del perdono, a Dio e ai nostri defunti per tutti le nostre reciproche fragilit\u00e0 (perdono quindi dato e ricevuto): siamo stati invitati ad avvicinarci in processione al crocifisso e a sostare per un attimo davanti a Ges\u00f9, mettendo la nostra mano sul suo corpo in croce. A seguire il momento della memoria, durante il quale diverse persone si sono avvicinate all\u2019altare deponendo un oggetto particolarmente caro e significativo per il loro defunto e spiegando il motivo della loro scelta (c\u2019\u00e8 stato chi ha portato una statuetta di un Buddha per spiegare la spiritualit\u00e0 che aveva la sua mamma, chi ha deposto le fedi nuziali per dire la fedelt\u00e0 che lo ha legato al suo sposo per la vita, chi una chitarra, chi le foto della persona amata e chi non avendo nulla da portare ha desiderato comunque ricordare davanti a tutti il bene e l\u2019amore che il loro caro ha avuto per loro); il terzo e ultimo momento \u00e8 stato quello del ringraziamento per il dono che i nostri cari ci hanno fatto con la loro presenza.<\/span><\/p>\n<p><span style=\"font-family: arial, helvetica, sans-serif; font-size: 12pt; color: #000000;\">In conclusione, don Riccardo ha letto una poesia di un autore polacco, Jan Twardowski, dal titolo eloquente, \u201cAffrettiamoci ad amare\u201d (potete trovare il testo su questo sito alla sezione \u201cBaobab\u201d), sia come invito a non \u201csprecare\u201d il nostro tempo sia per pensare ai nostri cari come a santi, gi\u00e0 vicini a Ges\u00f9 e che non ci abbandonano ma che, anzi, sono I PRESENTI.<\/span><\/p>\n<p><span style=\"font-family: arial, helvetica, sans-serif; font-size: 12pt; color: #000000;\">Infine don Riccardo ha spezzato il pane benedetto presente sull\u2019altare e ha poi invitato tutti a prenderne un pezzetto da portare a casa, insieme ad un acino d\u2019uva, simboli dell\u2019Eucaristia appena celebrata. \u00a0<\/span><\/p>\n<p>&nbsp;<\/p>\n","protected":false},"excerpt":{"rendered":"<p>Domenica 24 gennaio don Riccardo ci ha riuniti nella bella cappella dedicata a Santa Gianna Beretta Molla (Via Gonin, Milano) per una Messa in suffragio degli amici e benefattori della missione recentemente scomparsi. Una preghiera comunitaria per ricordare i nostri cari ma soprattutto per ancorarci sempre pi\u00f9 in Ges\u00f9 Risorto. &#8230;<\/p>\n","protected":false},"author":1,"featured_media":0,"parent":0,"menu_order":0,"comment_status":"closed","ping_status":"open","template":"","meta":{"footnotes":""},"_links":{"self":[{"href":"https:\/\/www.mandabe.org\/index.php?rest_route=\/wp\/v2\/pages\/2920"}],"collection":[{"href":"https:\/\/www.mandabe.org\/index.php?rest_route=\/wp\/v2\/pages"}],"about":[{"href":"https:\/\/www.mandabe.org\/index.php?rest_route=\/wp\/v2\/types\/page"}],"author":[{"embeddable":true,"href":"https:\/\/www.mandabe.org\/index.php?rest_route=\/wp\/v2\/users\/1"}],"replies":[{"embeddable":true,"href":"https:\/\/www.mandabe.org\/index.php?rest_route=%2Fwp%2Fv2%2Fcomments&post=2920"}],"version-history":[{"count":2,"href":"https:\/\/www.mandabe.org\/index.php?rest_route=\/wp\/v2\/pages\/2920\/revisions"}],"predecessor-version":[{"id":2941,"href":"https:\/\/www.mandabe.org\/index.php?rest_route=\/wp\/v2\/pages\/2920\/revisions\/2941"}],"wp:attachment":[{"href":"https:\/\/www.mandabe.org\/index.php?rest_route=%2Fwp%2Fv2%2Fmedia&parent=2920"}],"curies":[{"name":"wp","href":"https:\/\/api.w.org\/{rel}","templated":true}]}}