{"id":3001,"date":"2016-04-12T22:50:12","date_gmt":"2016-04-12T20:50:12","guid":{"rendered":"http:\/\/www.mandabe.org\/?page_id=3001"},"modified":"2016-04-12T22:50:12","modified_gmt":"2016-04-12T20:50:12","slug":"betanatanana-tre-anni-dopo","status":"publish","type":"page","link":"https:\/\/www.mandabe.org\/?page_id=3001","title":{"rendered":"BETANATANANA&#8230; TRE ANNI DOPO"},"content":{"rendered":"<div id=\"attachment_2967\" style=\"width: 693px\" class=\"wp-caption aligncenter\"><a href=\"https:\/\/www.mandabe.org\/wp-content\/uploads\/2016\/02\/La-nostra-missione-i-due-terreni-attualmente-in-uso1.jpg\"><img loading=\"lazy\" decoding=\"async\" aria-describedby=\"caption-attachment-2967\" class=\"wp-image-2967 size-full\" src=\"https:\/\/www.mandabe.org\/wp-content\/uploads\/2016\/02\/La-nostra-missione-i-due-terreni-attualmente-in-uso1.jpg\" alt=\"La nostra missione: i due terreni attualmente in uso\" width=\"683\" height=\"919\" srcset=\"https:\/\/www.mandabe.org\/wp-content\/uploads\/2016\/02\/La-nostra-missione-i-due-terreni-attualmente-in-uso1.jpg 683w, https:\/\/www.mandabe.org\/wp-content\/uploads\/2016\/02\/La-nostra-missione-i-due-terreni-attualmente-in-uso1-223x300.jpg 223w\" sizes=\"(max-width: 683px) 100vw, 683px\" \/><\/a><p id=\"caption-attachment-2967\" class=\"wp-caption-text\">La nostra missione: i due terreni attualmente in uso<\/p><\/div>\n<p><span style=\"font-family: arial, helvetica, sans-serif; font-size: 12pt; color: #000000;\">Ci scusiamo con te, lettore, per il nostro lungo ritardo ad aggiornare questa rubrica.<\/span><\/p>\n<p><span style=\"font-family: arial, helvetica, sans-serif; font-size: 12pt; color: #000000;\"><a href=\"https:\/\/www.mandabe.org\/wp-content\/uploads\/2016\/02\/Il-terreno-alle-porte-di-Betanatanana-dove-sorgono-le-scuole-medi.jpg\"><img loading=\"lazy\" decoding=\"async\" class=\"alignright wp-image-2947\" src=\"https:\/\/www.mandabe.org\/wp-content\/uploads\/2016\/02\/Il-terreno-alle-porte-di-Betanatanana-dove-sorgono-le-scuole-medi-300x220.jpg\" alt=\"Il terreno alle porte di Betanatanana dove sorgono le scuole medi\" width=\"350\" height=\"256\" srcset=\"https:\/\/www.mandabe.org\/wp-content\/uploads\/2016\/02\/Il-terreno-alle-porte-di-Betanatanana-dove-sorgono-le-scuole-medi-300x220.jpg 300w, https:\/\/www.mandabe.org\/wp-content\/uploads\/2016\/02\/Il-terreno-alle-porte-di-Betanatanana-dove-sorgono-le-scuole-medi-1024x750.jpg 1024w, https:\/\/www.mandabe.org\/wp-content\/uploads\/2016\/02\/Il-terreno-alle-porte-di-Betanatanana-dove-sorgono-le-scuole-medi-700x513.jpg 700w, https:\/\/www.mandabe.org\/wp-content\/uploads\/2016\/02\/Il-terreno-alle-porte-di-Betanatanana-dove-sorgono-le-scuole-medi.jpg 1028w\" sizes=\"(max-width: 350px) 100vw, 350px\" \/><\/a>In tre anni sono successe diverse cose, come \u00e8 prevedibile; cerchiamo di ricordare le pi\u00f9 importanti:<\/span><\/p>\n<ul>\n<li><span style=\"font-family: arial, helvetica, sans-serif; font-size: 12pt; color: #000000;\">dopo un periodo di anarchia (dovuta al fatto che il sindaco precedente era stato messo in prigione per omicidio), Betanatanana ha un nuovo sindaco. <em>Biby tsy manan doha, tsy mankaisa!<\/em> (Un animale senza testa non va da nessuna parte, dice un proverbio malgascio)<\/span><\/li>\n<\/ul>\n<p><span style=\"font-family: arial, helvetica, sans-serif; font-size: 12pt; color: #000000;\"><a href=\"https:\/\/www.mandabe.org\/wp-content\/uploads\/2015\/07\/Sindaco.jpg\"><img loading=\"lazy\" decoding=\"async\" class=\"alignleft wp-image-2708\" src=\"https:\/\/www.mandabe.org\/wp-content\/uploads\/2015\/07\/Sindaco-300x168.jpg\" alt=\"Sindaco\" width=\"250\" height=\"140\" srcset=\"https:\/\/www.mandabe.org\/wp-content\/uploads\/2015\/07\/Sindaco-300x168.jpg 300w, https:\/\/www.mandabe.org\/wp-content\/uploads\/2015\/07\/Sindaco.jpg 1024w, https:\/\/www.mandabe.org\/wp-content\/uploads\/2015\/07\/Sindaco-700x393.jpg 700w\" sizes=\"(max-width: 250px) 100vw, 250px\" \/><\/a><\/span><\/p>\n<p><span style=\"font-family: arial, helvetica, sans-serif; font-size: 12pt; color: #000000;\">Le elezioni sono state, ovviamente, contestate per sospetti brogli e traffici illegali; comunque, il nuovo sindaco si \u00e8 messo al lavoro di buona lena animando la gente ad andare alla presa del canale sul fiume <em>Demoka <\/em>per ripristinare la rete idrica e far arrivare di nuovo un po\u2019 di acqua nelle risaie.<\/span><\/p>\n<p>&nbsp;<\/p>\n<ul>\n<li><span style=\"font-family: arial, helvetica, sans-serif; font-size: 12pt; color: #000000;\">i furti degli zeb\u00f9 sono continuati senza interruzione. Anzi, ci sono stati dei momenti molto dolorosi per la popolazione che, non solo si \u00e8 vista portare via gli zeb\u00f9, ma che ha visto scontri a fuoco e numerosi morti e feriti. Le promesse del governo di arginare questi fenomeni criminali sono rimaste promesse senza seguito.<a href=\"https:\/\/www.mandabe.org\/wp-content\/uploads\/2016\/02\/IMG_0516.jpg\"><img loading=\"lazy\" decoding=\"async\" class=\"alignright size-medium wp-image-2948\" src=\"https:\/\/www.mandabe.org\/wp-content\/uploads\/2016\/02\/IMG_0516-300x225.jpg\" alt=\"IMG_0516\" width=\"300\" height=\"225\" srcset=\"https:\/\/www.mandabe.org\/wp-content\/uploads\/2016\/02\/IMG_0516-300x225.jpg 300w, https:\/\/www.mandabe.org\/wp-content\/uploads\/2016\/02\/IMG_0516-1024x768.jpg 1024w, https:\/\/www.mandabe.org\/wp-content\/uploads\/2016\/02\/IMG_0516-268x200.jpg 268w, https:\/\/www.mandabe.org\/wp-content\/uploads\/2016\/02\/IMG_0516-700x525.jpg 700w\" sizes=\"(max-width: 300px) 100vw, 300px\" \/><\/a> Ultimamente una disposizione ha obbligato tutti a correre in comune e farsi fare una specie di passaporto corredato di foto perch\u00e9, a dire del prefetto di Maintirano, questa sarebbe stata una misura garantita e efficace: nei fatti, \u00e8 stata una trovata abbastanza cinica. Di conseguenza, la popolazione si trova adesso in piena stagione delle piogge privata di qualche migliaio di zeb\u00f9 che sarebbe indispensabile per la preparazione dei terreni e la creazione delle risaie.<\/span><\/li>\n<\/ul>\n<ul>\n<li><a href=\"https:\/\/www.mandabe.org\/wp-content\/uploads\/2014\/08\/comuni2.png\"><img loading=\"lazy\" decoding=\"async\" class=\"alignright wp-image-1778 size-medium\" src=\"https:\/\/www.mandabe.org\/wp-content\/uploads\/2014\/08\/comuni2-300x294.png\" alt=\"Confini dei tre comuni che costituiscono la Missione\" width=\"300\" height=\"294\" srcset=\"https:\/\/www.mandabe.org\/wp-content\/uploads\/2014\/08\/comuni2-300x294.png 300w, https:\/\/www.mandabe.org\/wp-content\/uploads\/2014\/08\/comuni2.png 649w\" sizes=\"(max-width: 300px) 100vw, 300px\" \/><\/a><span style=\"font-family: arial, helvetica, sans-serif; font-size: 12pt; color: #000000;\">Inutile dire che gli assalti dei ladri di bestiame hanno \u201cmesso in fuga\u201d subito molti insegnanti, per cui tutte le scuole del comune di Anzondrondava, parecchie dei comuni di Andabotoka e di Ankisatra, sono chiuse. E cos\u00ec qualche migliaio di bambini non \u00e8 andato a scuola. Ad onore del vero, la gente \u00e8 scontenta della gestione delle scuole pubbliche. Il governo qualche anno fa ha stabilito che anche i genitori devono contribuire alle spese e pagare met\u00e0 dello stipendio degli insegnanti. Tuttavia, molti dei genitori sono in grosse difficolt\u00e0 perch\u00e9 i raccolti si hanno solo nel mese di giugno\/luglio e risulta quindi impossibile pagare le rette scolastiche negli altri mesi. Diversi villaggi ci hanno chiesto di aprire una scuola da loro. Stiamo valutando dove e quando. Resta ben chiaro che queste scuole funzioneranno nella misura in cui il sostegno a distanza ci garantir\u00e0 la copertura finanziaria.<\/span><\/li>\n<\/ul>\n<ul>\n<li><span style=\"font-family: arial, helvetica, sans-serif; font-size: 12pt; color: #000000;\">Le grandi piogge dello scorso anno hanno sventrato l\u2019unica strada statale che congiunge Maintirano a Antsalova. Di conseguenza, le comunicazioni tra Betanatanana e i comuni vicini sono ancora pi\u00f9 difficili. Qualche punto \u00e8 stato aggiustato, ma i tre quarti del lavoro restano da fare. Bisogna per\u00f2 ammettere che saranno riparazioni costose perch\u00e9 l\u2019acqua ha veramente tirato via tutto e sar\u00e0 necessario dunque riportare tonnellate di materiale.<\/span><\/li>\n<\/ul>\n<ul>\n<li><span style=\"font-family: arial, helvetica, sans-serif; font-size: 12pt; color: #000000;\">Se queste notizie ci aiutano a capire come la situazione sia peggiorata rendendo pi\u00f9 difficile la vita di quella popolazione, dobbiamo dire per\u00f2 che l\u2019evangelizzazione conosce nuovi sviluppi molto promettenti. <a href=\"https:\/\/www.mandabe.org\/wp-content\/uploads\/2016\/02\/evangelizzazione-1.jpg\"><img loading=\"lazy\" decoding=\"async\" class=\"alignright size-medium wp-image-2944\" src=\"https:\/\/www.mandabe.org\/wp-content\/uploads\/2016\/02\/evangelizzazione-1-300x169.jpg\" alt=\"evangelizzazione 1\" width=\"300\" height=\"169\" srcset=\"https:\/\/www.mandabe.org\/wp-content\/uploads\/2016\/02\/evangelizzazione-1-300x169.jpg 300w, https:\/\/www.mandabe.org\/wp-content\/uploads\/2016\/02\/evangelizzazione-1-1024x575.jpg 1024w, https:\/\/www.mandabe.org\/wp-content\/uploads\/2016\/02\/evangelizzazione-1-700x393.jpg 700w\" sizes=\"(max-width: 300px) 100vw, 300px\" \/><\/a>L\u2019arrivo di una decina di insegnanti provenienti da Tananarive e dintorni costituisce di certo un aiuto straordinario per l\u2019attivit\u00e0 pastorale. Educati loro stessi dalle loro famiglie cattoliche, e animati da uno zelo sincero, si sono messi al lavoro con grande disponibilit\u00e0. Attualmente possiamo dire che la comunit\u00e0 cristiana di Betanatanana cresce rapidamente. <a href=\"https:\/\/www.mandabe.org\/wp-content\/uploads\/2016\/02\/evangelizzazione-3.jpg\"><img loading=\"lazy\" decoding=\"async\" class=\"alignleft size-medium wp-image-2946\" src=\"https:\/\/www.mandabe.org\/wp-content\/uploads\/2016\/02\/evangelizzazione-3-300x169.jpg\" alt=\"evangelizzazione 3\" width=\"300\" height=\"169\" srcset=\"https:\/\/www.mandabe.org\/wp-content\/uploads\/2016\/02\/evangelizzazione-3-300x169.jpg 300w, https:\/\/www.mandabe.org\/wp-content\/uploads\/2016\/02\/evangelizzazione-3-1024x575.jpg 1024w, https:\/\/www.mandabe.org\/wp-content\/uploads\/2016\/02\/evangelizzazione-3-700x393.jpg 700w\" sizes=\"(max-width: 300px) 100vw, 300px\" \/><\/a>Circa duecentocinquanta bambini e ragazzi frequentano il catechismo e la messa alla domenica, accompagnati dal direttore della scuola che \u00e8 anche catechista di Betanatanana. Invece, un altro mio collaboratore, insieme con me, visita periodicamente i villaggi della regione. Certo, io ero abituato alle grandi folle della missione di Faratsiho e adesso fare 10,15,20 km per incontrare una decina di cristiani tra bambini e adulti avrebbe di che scoraggiare. Tuttavia, la mia esperienza missionaria dice che la Parola affidata al cuore della gente semplice non solo non \u00e8 sterile, ma spesso conosce crescite impreviste. E ad ogni modo, la gioia della gente che mi incontra mi ripaga abbondantemente delle fatiche.<\/span><\/li>\n<\/ul>\n<p><span style=\"font-family: arial, helvetica, sans-serif; font-size: 12pt; color: #000000;\"><a href=\"https:\/\/www.mandabe.org\/wp-content\/uploads\/2016\/02\/evangelizzazione-2.jpg\"><img loading=\"lazy\" decoding=\"async\" class=\"alignright size-medium wp-image-2945\" src=\"https:\/\/www.mandabe.org\/wp-content\/uploads\/2016\/02\/evangelizzazione-2-300x169.jpg\" alt=\"evangelizzazione 2\" width=\"300\" height=\"169\" srcset=\"https:\/\/www.mandabe.org\/wp-content\/uploads\/2016\/02\/evangelizzazione-2-300x169.jpg 300w, https:\/\/www.mandabe.org\/wp-content\/uploads\/2016\/02\/evangelizzazione-2-1024x575.jpg 1024w, https:\/\/www.mandabe.org\/wp-content\/uploads\/2016\/02\/evangelizzazione-2-700x393.jpg 700w\" sizes=\"(max-width: 300px) 100vw, 300px\" \/><\/a>Dopo aver camminato sotto il sole quando arriviamo ci offrono il <em>madrafo<\/em>: la noce di cocco verde viene tagliata, aperta in un punto e offerta da bere: vi assicuro che non esiste nessun drink migliore al mondo!<\/span><\/p>\n<p><span style=\"font-family: arial, helvetica, sans-serif; font-size: 12pt; color: #000000;\">Un altro catechista anziano assicura la preparazione dei genitori che chiedono il battesimo per i loro bambini e accompagna le prime coppie che si preparano al matrimonio. Ho quindi tutti i motivi di credere che la gente desidera pregare, ricevere i Sacramenti, incontrarsi spesso con il missionario.<\/span><\/p>\n<ul>\n<li><span style=\"font-family: arial, helvetica, sans-serif; font-size: 12pt; color: #000000;\">La scuola di Betanatanana cresce ogni anno. Quest\u2019anno i pi\u00f9 grandi frequentano il terzo anno di scuola media (vi ricordo che nel sistema malgascio la media \u00e8 di quattro anni e quindi ci\u00f2 equivale al penultimo anno); molti genitori si accollano volentieri il sacrificio delle tasse scolastiche perch\u00e9 vedono che i loro figli frequentano una scuola bella, nuova, funzionale, dagli ampi spazi e che gli insegnanti sono anche educatori. Il numero dei ragazzi che grazie alle adozioni a distanza possono frequentare cresce ogni anno. Quest\u2019anno abbiamo speso 17.350.000 Ariary (l\u2019equivalente di quasi 5.000 euro) per l\u2019acquisto dei libri che ancora ci mancavano. E l\u2019anno scorso avevamo speso una cifra pressoch\u00e9 identica. Se ogni ragazzo ha i libri sotto gli occhi, risparmia all\u2019insegnante la fatica di passare ore a scrivere i testi alla lavagna. I libri poi sono corredati di esercizi e di foto che facilitano enormemente l\u2019apprendimento. Potete ben credere che questo \u00e8 per me e per voi motivo di enorme soddisfazione.<\/span><\/li>\n<\/ul>\n<ul>\n<li><span style=\"font-family: arial, helvetica, sans-serif; font-size: 12pt; color: #000000;\">Le scuole nelle campagne (Mandrosoa, Andapasoa, Ampanea, Ankisatra, Ankilimanarivo) crescono lentamente per il motivo dell\u2019insicurezza ed anche perch\u00e9 questi furti impoveriscono enormemente i contadini. Attualmente sono duecentocinquanta circa i ragazzi che le frequentano. A dire il vero, usare la parola \u201cscuole\u201d \u00e8 forse un\u2019esagerazione, perch\u00e9 gli edifici che ospitano le classi sono ben lontani dall\u2019esserlo \u2026 bisogner\u00e0 quindi mettere in programma, villaggio per villaggio, la costruzione di un pozzo, di due aule, di due alloggi per gli insegnanti e di una chiesetta. Si tratta di spese importanti che faremo poco alla volta fidandoci per\u00f2 del Signore che non dimentica certo i suoi poveri.<\/span><\/li>\n<\/ul>\n<p>&nbsp;<\/p>\n<p><span style=\"font-family: arial, helvetica, sans-serif; font-size: 12pt; color: #000000;\">Nel corso del 2015 abbiamo realizzato i seguenti lavori: \u00a0<\/span><\/p>\n<p><span style=\"font-family: arial, helvetica, sans-serif; font-size: 12pt; color: #000000;\">&#8211; lavori vari di manutenzione degli stabili;<\/span><\/p>\n<p><span style=\"font-family: arial, helvetica, sans-serif; font-size: 12pt; color: #000000;\">&#8211; acquisto di una quarantina di banchi per gli scolari, sia a Betanatanana, sia per le scuole di brousse;<\/span><\/p>\n<p><span style=\"font-family: arial, helvetica, sans-serif; font-size: 12pt; color: #000000;\">&#8211; acquisto di 20 banchi per una scuola pubblica i cui genitori non hanno mezzi per procurarseli e i ragazzi sono seduti per terra;<\/span><\/p>\n<p><span style=\"font-family: arial, helvetica, sans-serif; font-size: 12pt; color: #000000;\">&#8211; un pozzo a Andapasoa;<\/span><\/p>\n<p><span style=\"font-family: arial, helvetica, sans-serif; font-size: 12pt; color: #000000;\">&#8211; completamento dei lavori per la scuola media Notre Dame di Lourdes\u00a0a Betanatanana;<\/span><\/p>\n<p><span style=\"font-family: arial, helvetica, sans-serif; font-size: 12pt; color: #000000;\">&#8211; completamento dei lavori per risistemare la casa del missionario;<\/span><\/p>\n<p><span style=\"font-family: arial, helvetica, sans-serif; font-size: 12pt; color: #000000;\">&#8211; le fondamenta della nuova chiesa di Betanatanana;<\/span><\/p>\n<p><span style=\"font-family: arial, helvetica, sans-serif; font-size: 12pt; color: #000000;\">&#8211; costruzione dell&#8217;attuale cappella che servir\u00e0 poi per i bambini dell&#8217;asilo.<\/span><\/p>\n<ul>\n<li><span style=\"font-family: arial, helvetica, sans-serif; font-size: 12pt; color: #000000;\"><span style=\"font-family: arial, helvetica, sans-serif; font-size: 12pt; color: #000000;\">Progetti per il 2016? Ne abbiamo due: il primo \u00e8 la costruzione di un ambulatorio ben attrezzato che possa aiutare la popolazione di qui; come vedete dalle immagini, l\u2019ambulatorio dovrebbe rispondere a tre bisogni essenziali: la cura delle donne incinte, le visite mediche degli ammalati,la distribuzione dei medicinali. Tutto questo per\u00f2 \u00e8 subordinato a due condizioni:\u00a0<\/span><\/span>\n<p><div id=\"attachment_2950\" style=\"width: 710px\" class=\"wp-caption aligncenter\"><a href=\"https:\/\/www.mandabe.org\/wp-content\/uploads\/2016\/02\/PLAN-ENSEMB.jpg\"><img loading=\"lazy\" decoding=\"async\" aria-describedby=\"caption-attachment-2950\" class=\"wp-image-2950 size-large\" src=\"https:\/\/www.mandabe.org\/wp-content\/uploads\/2016\/02\/PLAN-ENSEMB-1024x724.jpg\" alt=\"PLAN ENSEMB\" width=\"700\" height=\"495\" srcset=\"https:\/\/www.mandabe.org\/wp-content\/uploads\/2016\/02\/PLAN-ENSEMB-1024x724.jpg 1024w, https:\/\/www.mandabe.org\/wp-content\/uploads\/2016\/02\/PLAN-ENSEMB-300x212.jpg 300w, https:\/\/www.mandabe.org\/wp-content\/uploads\/2016\/02\/PLAN-ENSEMB-700x495.jpg 700w, https:\/\/www.mandabe.org\/wp-content\/uploads\/2016\/02\/PLAN-ENSEMB.jpg 1122w\" sizes=\"(max-width: 700px) 100vw, 700px\" \/><\/a><p id=\"caption-attachment-2950\" class=\"wp-caption-text\">Progetto ambulatorio: pianta<\/p><\/div><\/li>\n<\/ul>\n<p>&nbsp;<\/p>\n<ol>\n<li><span style=\"font-family: arial, helvetica, sans-serif; font-size: 12pt; color: #000000;\">la concessione di un terreno che abbiamo gi\u00e0 pi\u00f9 volte richiesto all\u2019amministrazione;<\/span><\/li>\n<li><span style=\"font-family: arial, helvetica, sans-serif; font-size: 12pt; color: #000000;\">l\u2019arrivo di una comunit\u00e0 di religiose che dovrebbe prendere in mano la scuola, l\u2019ambulatorio e una parte dell\u2019attivit\u00e0 pastorale.<\/span><\/li>\n<\/ol>\n<div id=\"attachment_2951\" style=\"width: 710px\" class=\"wp-caption aligncenter\"><a href=\"https:\/\/www.mandabe.org\/wp-content\/uploads\/2016\/02\/POSTO-CHIESA.jpg\"><img loading=\"lazy\" decoding=\"async\" aria-describedby=\"caption-attachment-2951\" class=\"wp-image-2951 size-large\" src=\"https:\/\/www.mandabe.org\/wp-content\/uploads\/2016\/02\/POSTO-CHIESA-1024x575.jpg\" alt=\"POSTO CHIESA\" width=\"700\" height=\"393\" srcset=\"https:\/\/www.mandabe.org\/wp-content\/uploads\/2016\/02\/POSTO-CHIESA-1024x575.jpg 1024w, https:\/\/www.mandabe.org\/wp-content\/uploads\/2016\/02\/POSTO-CHIESA-300x169.jpg 300w, https:\/\/www.mandabe.org\/wp-content\/uploads\/2016\/02\/POSTO-CHIESA-700x393.jpg 700w\" sizes=\"(max-width: 700px) 100vw, 700px\" \/><\/a><p id=\"caption-attachment-2951\" class=\"wp-caption-text\">Terreno destinato alla costruzione della nuova chiesa<\/p><\/div>\n<p><span style=\"font-family: arial, helvetica, sans-serif; font-size: 12pt; color: #000000;\">Il secondo progetto \u00e8 la costruzione di una chiesa parrocchiale che possa contenere i ragazzi della scuola e i cristiani che vengono a pregare. (Ci tengo per\u00f2 a ricordarvi che parlando con i miei cristiani della costruzione della chiesa, ripeto sempre un ritornello: bisogna costruire prima una comunit\u00e0 cristiana solida che \u00e8 fatta da tutti noi. La chiesa in muratura sar\u00e0 quindi la conseguenza di una comunit\u00e0 cristiana fervente, generosa, missionaria, i cui membri si vogliono un gran bene).\u00a0<\/span><\/p>\n<p><span style=\"font-family: arial, helvetica, sans-serif; font-size: 12pt; color: #000000;\">Come vedete sono progetti importanti ma che esigono grandi risorse. Sappiamo per\u00f2 che saranno realizzati poco alla volta a seconda di quello che il Signore ci metter\u00e0 in mano.<\/span><\/p>\n<p><span style=\"font-family: arial, helvetica, sans-serif; font-size: 12pt; color: #000000;\">Betanatananana \u2026 tre anni dopo, diceva il titolo: non abbiamo davvero nessun motivo per essere preoccupati o inquieti!<\/span><\/p>\n<p><span style=\"font-family: arial, helvetica, sans-serif; font-size: 12pt; color: #000000;\">Ciao a tutti,<\/span><\/p>\n<p><span style=\"font-family: arial, helvetica, sans-serif; font-size: 12pt; color: #000000;\">Padre Riccardo<\/span><\/p>\n","protected":false},"excerpt":{"rendered":"<p>Ci scusiamo con te, lettore, per il nostro lungo ritardo ad aggiornare questa rubrica. In tre anni sono successe diverse cose, come \u00e8 prevedibile; cerchiamo di ricordare le pi\u00f9 importanti: dopo un periodo di anarchia (dovuta al fatto che il sindaco precedente era stato messo in prigione per omicidio), Betanatanana &#8230;<\/p>\n","protected":false},"author":1,"featured_media":0,"parent":0,"menu_order":0,"comment_status":"closed","ping_status":"open","template":"","meta":{"footnotes":""},"_links":{"self":[{"href":"https:\/\/www.mandabe.org\/index.php?rest_route=\/wp\/v2\/pages\/3001"}],"collection":[{"href":"https:\/\/www.mandabe.org\/index.php?rest_route=\/wp\/v2\/pages"}],"about":[{"href":"https:\/\/www.mandabe.org\/index.php?rest_route=\/wp\/v2\/types\/page"}],"author":[{"embeddable":true,"href":"https:\/\/www.mandabe.org\/index.php?rest_route=\/wp\/v2\/users\/1"}],"replies":[{"embeddable":true,"href":"https:\/\/www.mandabe.org\/index.php?rest_route=%2Fwp%2Fv2%2Fcomments&post=3001"}],"version-history":[{"count":1,"href":"https:\/\/www.mandabe.org\/index.php?rest_route=\/wp\/v2\/pages\/3001\/revisions"}],"predecessor-version":[{"id":3002,"href":"https:\/\/www.mandabe.org\/index.php?rest_route=\/wp\/v2\/pages\/3001\/revisions\/3002"}],"wp:attachment":[{"href":"https:\/\/www.mandabe.org\/index.php?rest_route=%2Fwp%2Fv2%2Fmedia&parent=3001"}],"curies":[{"name":"wp","href":"https:\/\/api.w.org\/{rel}","templated":true}]}}