{"id":3082,"date":"2016-07-04T22:55:03","date_gmt":"2016-07-04T20:55:03","guid":{"rendered":"http:\/\/www.mandabe.org\/?page_id=3082"},"modified":"2016-07-04T23:00:13","modified_gmt":"2016-07-04T21:00:13","slug":"grigliata-benefica","status":"publish","type":"page","link":"https:\/\/www.mandabe.org\/?page_id=3082","title":{"rendered":"&#8220;Usciamo, usciamo verso&#8230;&#8221; (25\/06\/2016)"},"content":{"rendered":"<p><a href=\"https:\/\/www.mandabe.org\/wp-content\/uploads\/2016\/07\/LOCANDINA.jpg\"><img loading=\"lazy\" decoding=\"async\" class=\"aligncenter size-full wp-image-3081\" src=\"https:\/\/www.mandabe.org\/wp-content\/uploads\/2016\/07\/LOCANDINA.jpg\" alt=\"LOCANDINA\" width=\"480\" height=\"630\" srcset=\"https:\/\/www.mandabe.org\/wp-content\/uploads\/2016\/07\/LOCANDINA.jpg 480w, https:\/\/www.mandabe.org\/wp-content\/uploads\/2016\/07\/LOCANDINA-229x300.jpg 229w\" sizes=\"(max-width: 480px) 100vw, 480px\" \/><\/a><\/p>\n<p><a href=\"https:\/\/www.mandabe.org\/wp-content\/uploads\/2016\/07\/1.jpg\"><img loading=\"lazy\" decoding=\"async\" class=\"alignleft wp-image-3074 size-medium\" src=\"https:\/\/www.mandabe.org\/wp-content\/uploads\/2016\/07\/1-300x225.jpg\" alt=\"1\" width=\"300\" height=\"225\" srcset=\"https:\/\/www.mandabe.org\/wp-content\/uploads\/2016\/07\/1-300x225.jpg 300w, https:\/\/www.mandabe.org\/wp-content\/uploads\/2016\/07\/1-1024x769.jpg 1024w, https:\/\/www.mandabe.org\/wp-content\/uploads\/2016\/07\/1-268x200.jpg 268w, https:\/\/www.mandabe.org\/wp-content\/uploads\/2016\/07\/1-700x525.jpg 700w, https:\/\/www.mandabe.org\/wp-content\/uploads\/2016\/07\/1.jpg 1472w\" sizes=\"(max-width: 300px) 100vw, 300px\" \/><\/a>L\u2019incontro pomeridiano \u00e8 stato realizzato in continuit\u00e0 con quello svoltosi lo scorso anno nella stessa occasione,\u00a0 il \u201csottotitolo\u201d ha infatti ripreso il titolo dell\u2019anno scorso e cio\u00e8 \u201cLa missione che viene a noi\u201d; don Gianromano Gnesotto, missionario scalabriniano (Giovanni Battista Scalabrini ha speso la propria vita dedicandosi agli emigranti italiani in America e gli scalabriniani hanno nel loro carisma proprio l\u2019opzione fondamentale per i migranti) che si \u00e8 definito un \u201cmissionario qui, nella nostra realt\u00e0 italiana\u201d ha portato i partecipanti a fare alcune riflessioni sulla situazione migratoria mondiale e italiana partendo per\u00f2 dalle parole del Papa sulla Chiesa in uscita (non a caso, infatti, il titolo di quest\u2019anno \u00e8 stato \u201cUsciamo usciamo verso \u2026 la missione che viene a noi\u201d); chi ha scelto di prendere parte a questo momento si \u00e8 interrogato sul senso di questo periodo storico e sul come poter essere effettivamente \u201cin uscita\u201d e accogliente verso i migranti.<\/p>\n<p><strong>Proprio per l\u2019importanza e la complessit\u00e0 del tema, abbiamo scelto di iniziare con una preghiera allo Spirito Santo di don Tonino Bello:<\/strong><\/p>\n<p><strong><em>Spirito Santo,<\/em><\/strong><em>\u00a0che riempivi di luce i profeti e accendevi parole di fuoco sulla loro bocca, torna a parlarci con accenti di speranza. Frantuma la corazza della nostra assuefazione all\u2019esilio. Ridestaci nel cuore nostalgie di patrie perdute. Dissipa le nostre paure. Scuotici dall\u2019omert\u00e0. Liberaci dalla tristezza di non saperci pi\u00f9 indignare per i soprusi consumati sui poveri. E preservaci dalla tragedia di dover riconoscere che le prime officine della violenza e della ingiustizia sono ospitate dai nostri cuori.<\/em><\/p>\n<p><a href=\"https:\/\/www.mandabe.org\/wp-content\/uploads\/2016\/07\/2.jpg\"><img loading=\"lazy\" decoding=\"async\" class=\"alignright wp-image-3075 size-medium\" src=\"https:\/\/www.mandabe.org\/wp-content\/uploads\/2016\/07\/2-300x225.jpg\" alt=\"2\" width=\"300\" height=\"225\" srcset=\"https:\/\/www.mandabe.org\/wp-content\/uploads\/2016\/07\/2-300x225.jpg 300w, https:\/\/www.mandabe.org\/wp-content\/uploads\/2016\/07\/2-1024x769.jpg 1024w, https:\/\/www.mandabe.org\/wp-content\/uploads\/2016\/07\/2-268x200.jpg 268w, https:\/\/www.mandabe.org\/wp-content\/uploads\/2016\/07\/2-700x525.jpg 700w, https:\/\/www.mandabe.org\/wp-content\/uploads\/2016\/07\/2.jpg 1472w\" sizes=\"(max-width: 300px) 100vw, 300px\" \/><\/a>Per il cristiano diventa obbligo morale quello di essere attento alla realt\u00e0 in cui vive, di acquisire uno spirito critico informandosi da fonti attendibili e autorevoli \u00a0(un dato \u201csconcertante\u201d che don Gianromano, che \u00e8 anche giornalista, ci ha fornito \u00e8 il seguente: nel mondo ci sono 60 milioni di rifugiati, di cui un milione in Europa. Ecco dunque i dati reali, al di l\u00e0 delle paure create ad hoc da tante e troppe notizie allarmiste); come gi\u00e0 ci aveva detto l\u2019anno scorso, si fa sempre pi\u00f9 necessario per il cristiano imparare a leggere i segni dei tempi (\u201c<em>In quel tempo, Ges\u00f9 diceva alle folle: \u201cQuando vedete una nuvola salire a ponente, subito dite: Viene la pioggia, e cos\u00ec accade. E quando soffia lo scirocco, dite: Ci sar\u00e0 caldo, e cos\u00ec accade. Ipocriti! Sapete giudicare l\u2019aspetto della terra e del cielo, come mai questo tempo non sapete giudicarlo?\u201d)<\/em> ; rimanendo sempre sulla Parola, citando\u00a0 il Vangelo della domenica seguente (\u201cLe volpi hanno le loro tane e gli uccelli del cielo i loro nidi, ma il Figlio dell\u2019uomo non ha dove posare il capo\u201d), abbiamo fatto un parallelismo tra Ges\u00f9, il Migrante \u201cper eccellenza\u201d e noi dunque, figli e fratelli del Migrante.<\/p>\n<p>Ecco dunque che la prospettiva si pu\u00f2 ribaltare con facilit\u00e0 e senza nemmeno stare a richiamare alla memoria quando \u201ci migranti eravamo noi\u201d; inoltre, in quest\u2019Europa cos\u00ec ormai scristianizzata, siamo giunti a un momento storico in cui siamo \u201cnoi\u00a0 europei\u201d ad essere nuovamente evangelizzati dai migranti, ad averne proprio bisogno. Una giovane ragazza \u00e8 intervenuta in proposito anche con una bella provocazione: \u201cnoi che ci diciamo cristiani, non siamo nemmeno pi\u00f9 capaci di fare il digiuno un giorno la settimana in Quaresima, invece le mie compagne di classe musulmane il Ramadan lo rispettano!\u201d. E non c\u2019era nessun giudizio al riguardo, semplicemente una constatazione nata dall\u2019esperienza diretta \u201cIo a casa mia invito le mie compagne di classe musulmane e non ci vediamo problema alcuno\u201d), un altro partecipante ha detto che sul posto di lavoro spesso si trova meglio e pi\u00f9 in sintonia con i colleghi stranieri che non con gli italiani.<\/p>\n<p><a href=\"https:\/\/www.mandabe.org\/wp-content\/uploads\/2016\/07\/3.jpg\"><img loading=\"lazy\" decoding=\"async\" class=\"alignleft size-thumbnail wp-image-3076\" src=\"https:\/\/www.mandabe.org\/wp-content\/uploads\/2016\/07\/3-150x150.jpg\" alt=\"3\" width=\"150\" height=\"150\" srcset=\"https:\/\/www.mandabe.org\/wp-content\/uploads\/2016\/07\/3-150x150.jpg 150w, https:\/\/www.mandabe.org\/wp-content\/uploads\/2016\/07\/3-100x100.jpg 100w\" sizes=\"(max-width: 150px) 100vw, 150px\" \/><\/a>Don Gianromano ha concluso che in effetti la speranza viene dalle nuove generazioni, pi\u00f9 abituate e cresciute in un ambiente multietnico e che vivono con molte meno difficolt\u00e0 la convivenza e gli scambi tra culture e religioni diverse.<\/p>\n<p>La conclusione vera e propria dell\u2019incontro \u00e8 stata lasciata alle parole di Ges\u00f9 riprendendo per intero il brano del Vangelo di Luca (9, 51-62) gi\u00e0 citato.<\/p>\n<p><a href=\"https:\/\/www.mandabe.org\/wp-content\/uploads\/2016\/07\/4.jpg\"><img loading=\"lazy\" decoding=\"async\" class=\"aligncenter wp-image-3077\" src=\"https:\/\/www.mandabe.org\/wp-content\/uploads\/2016\/07\/4-300x225.jpg\" alt=\"4\" width=\"400\" height=\"300\" srcset=\"https:\/\/www.mandabe.org\/wp-content\/uploads\/2016\/07\/4-300x225.jpg 300w, https:\/\/www.mandabe.org\/wp-content\/uploads\/2016\/07\/4-1024x769.jpg 1024w, https:\/\/www.mandabe.org\/wp-content\/uploads\/2016\/07\/4-268x200.jpg 268w, https:\/\/www.mandabe.org\/wp-content\/uploads\/2016\/07\/4-700x525.jpg 700w, https:\/\/www.mandabe.org\/wp-content\/uploads\/2016\/07\/4.jpg 1472w\" sizes=\"(max-width: 400px) 100vw, 400px\" \/><\/a>A seguire ci siamo avviati a piedi tra i vigneti godendo di un clima molto gradevole e del bel paesaggio tra il verde delle viti e l\u2019oro del grano maturo\u00a0e siamo giunti al luogo della grigliata dove gi\u00e0 tutto era pronto: si \u00e8 cos\u00ec proseguito in un clima di festa e di convivialit\u00e0.<\/p>\n<p><a href=\"https:\/\/www.mandabe.org\/wp-content\/uploads\/2016\/07\/5.jpg\"><img loading=\"lazy\" decoding=\"async\" class=\"alignleft size-medium wp-image-3078\" src=\"https:\/\/www.mandabe.org\/wp-content\/uploads\/2016\/07\/5-300x225.jpg\" alt=\"5\" width=\"300\" height=\"225\" srcset=\"https:\/\/www.mandabe.org\/wp-content\/uploads\/2016\/07\/5-300x225.jpg 300w, https:\/\/www.mandabe.org\/wp-content\/uploads\/2016\/07\/5-1024x769.jpg 1024w, https:\/\/www.mandabe.org\/wp-content\/uploads\/2016\/07\/5-268x200.jpg 268w, https:\/\/www.mandabe.org\/wp-content\/uploads\/2016\/07\/5-700x525.jpg 700w, https:\/\/www.mandabe.org\/wp-content\/uploads\/2016\/07\/5.jpg 1472w\" sizes=\"(max-width: 300px) 100vw, 300px\" \/><\/a>Una piccola ma significativa precisazione: il fatto di aver utilizzato stoviglie in acciaio, piatti e bicchieri biodegradabili e l\u2019acqua in bottiglie di vetro ci ha consentito di ottenere, a fine serata, una modesta quantit\u00e0 di rifiuti: circa 4 kg per un centinaio di persone.<\/p>\n<p>E grazie infinite a tutti coloro che hanno partecipato, a tutti coloro che hanno dato una mano per la cucina, la griglia, la preparazione dei tavoli e di tutto quello che serve (frigo, luci, generatore e quant\u2019altro) e che si sono poi fermati fino a mezzanotte inoltrata per sistemare il tutto, a chi ha grigliato le verdure e a chi ha offerto il vino e a chi ha cucinato le ottime torte!<\/p>\n<p><a href=\"https:\/\/www.mandabe.org\/wp-content\/uploads\/2016\/07\/6.jpg\"><img loading=\"lazy\" decoding=\"async\" class=\"alignright size-medium wp-image-3079\" src=\"https:\/\/www.mandabe.org\/wp-content\/uploads\/2016\/07\/6-300x225.jpg\" alt=\"6\" width=\"300\" height=\"225\" srcset=\"https:\/\/www.mandabe.org\/wp-content\/uploads\/2016\/07\/6-300x225.jpg 300w, https:\/\/www.mandabe.org\/wp-content\/uploads\/2016\/07\/6-1024x769.jpg 1024w, https:\/\/www.mandabe.org\/wp-content\/uploads\/2016\/07\/6-268x200.jpg 268w, https:\/\/www.mandabe.org\/wp-content\/uploads\/2016\/07\/6-700x525.jpg 700w, https:\/\/www.mandabe.org\/wp-content\/uploads\/2016\/07\/6.jpg 1472w\" sizes=\"(max-width: 300px) 100vw, 300px\" \/><\/a><\/p>\n<p>&nbsp;<\/p>\n<p><strong>Appuntamento all\u2019anno prossimo: vi aspettiamo numerosi!<\/strong><\/p>\n<p>&nbsp;<\/p>\n","protected":false},"excerpt":{"rendered":"<p>L\u2019incontro pomeridiano \u00e8 stato realizzato in continuit\u00e0 con quello svoltosi lo scorso anno nella stessa occasione,\u00a0 il \u201csottotitolo\u201d ha infatti ripreso il titolo dell\u2019anno scorso e cio\u00e8 \u201cLa missione che viene a noi\u201d; don Gianromano Gnesotto, missionario scalabriniano (Giovanni Battista Scalabrini ha speso la propria vita dedicandosi agli emigranti italiani &#8230;<\/p>\n","protected":false},"author":1,"featured_media":0,"parent":0,"menu_order":0,"comment_status":"closed","ping_status":"open","template":"","meta":{"footnotes":""},"_links":{"self":[{"href":"https:\/\/www.mandabe.org\/index.php?rest_route=\/wp\/v2\/pages\/3082"}],"collection":[{"href":"https:\/\/www.mandabe.org\/index.php?rest_route=\/wp\/v2\/pages"}],"about":[{"href":"https:\/\/www.mandabe.org\/index.php?rest_route=\/wp\/v2\/types\/page"}],"author":[{"embeddable":true,"href":"https:\/\/www.mandabe.org\/index.php?rest_route=\/wp\/v2\/users\/1"}],"replies":[{"embeddable":true,"href":"https:\/\/www.mandabe.org\/index.php?rest_route=%2Fwp%2Fv2%2Fcomments&post=3082"}],"version-history":[{"count":3,"href":"https:\/\/www.mandabe.org\/index.php?rest_route=\/wp\/v2\/pages\/3082\/revisions"}],"predecessor-version":[{"id":3089,"href":"https:\/\/www.mandabe.org\/index.php?rest_route=\/wp\/v2\/pages\/3082\/revisions\/3089"}],"wp:attachment":[{"href":"https:\/\/www.mandabe.org\/index.php?rest_route=%2Fwp%2Fv2%2Fmedia&parent=3082"}],"curies":[{"name":"wp","href":"https:\/\/api.w.org\/{rel}","templated":true}]}}