{"id":3349,"date":"2017-04-10T21:38:16","date_gmt":"2017-04-10T19:38:16","guid":{"rendered":"http:\/\/www.mandabe.org\/?page_id=3349"},"modified":"2017-04-10T21:38:16","modified_gmt":"2017-04-10T19:38:16","slug":"non-ce-due-senza-te-080417","status":"publish","type":"page","link":"https:\/\/www.mandabe.org\/?page_id=3349","title":{"rendered":"Non c&#8217;\u00e8 due senza te (08\/04\/17)"},"content":{"rendered":"<p><a href=\"https:\/\/www.mandabe.org\/wp-content\/uploads\/2017\/04\/cabaret.jpg\"><img loading=\"lazy\" decoding=\"async\" class=\"aligncenter wp-image-3350\" src=\"https:\/\/www.mandabe.org\/wp-content\/uploads\/2017\/04\/cabaret.jpg\" alt=\"cabaret\" width=\"600\" height=\"800\" srcset=\"https:\/\/www.mandabe.org\/wp-content\/uploads\/2017\/04\/cabaret.jpg 720w, https:\/\/www.mandabe.org\/wp-content\/uploads\/2017\/04\/cabaret-225x300.jpg 225w, https:\/\/www.mandabe.org\/wp-content\/uploads\/2017\/04\/cabaret-700x933.jpg 700w\" sizes=\"(max-width: 600px) 100vw, 600px\" \/><\/a><\/p>\n<p><span style=\"font-size: 12pt; font-family: arial, helvetica, sans-serif; color: #000000;\">Sabato 8 aprile presso il centro don Orione di Borgonovo V.T. l&#8217;associazione ex-Allievi dell&#8217;istituto ha organizzato una serata cabaret animata dal laboratorio teatrale Comic Club (si pu\u00f2 visitare anche il loro sito al seguente indirizzo: <a style=\"color: #000000;\" href=\"http:\/\/www.comicclub.it\/\" target=\"_blank\" data-saferedirecturl=\"https:\/\/www.google.com\/url?hl=it&amp;q=http:\/\/www.comicclub.it&amp;source=gmail&amp;ust=1491938823601000&amp;usg=AFQjCNEvfC1iXp-aZwYC80LzeS8OxZGCzg\">www.comicclub.it<\/a>) dal titolo &#8220;Non c&#8217;\u00e8 due senza te&#8221; il cui ricavato \u00e8 stato devoluto alla nostra missione.<\/span><\/p>\n","protected":false},"excerpt":{"rendered":"<p>Sabato 8 aprile presso il centro don Orione di Borgonovo V.T. l&#8217;associazione ex-Allievi dell&#8217;istituto ha organizzato una serata cabaret animata dal laboratorio teatrale Comic Club (si pu\u00f2 visitare anche il loro sito al seguente indirizzo: www.comicclub.it) dal titolo &#8220;Non c&#8217;\u00e8 due senza te&#8221; il cui ricavato \u00e8 stato devoluto alla &#8230;<\/p>\n","protected":false},"author":1,"featured_media":0,"parent":0,"menu_order":0,"comment_status":"closed","ping_status":"open","template":"","meta":{"footnotes":""},"_links":{"self":[{"href":"https:\/\/www.mandabe.org\/index.php?rest_route=\/wp\/v2\/pages\/3349"}],"collection":[{"href":"https:\/\/www.mandabe.org\/index.php?rest_route=\/wp\/v2\/pages"}],"about":[{"href":"https:\/\/www.mandabe.org\/index.php?rest_route=\/wp\/v2\/types\/page"}],"author":[{"embeddable":true,"href":"https:\/\/www.mandabe.org\/index.php?rest_route=\/wp\/v2\/users\/1"}],"replies":[{"embeddable":true,"href":"https:\/\/www.mandabe.org\/index.php?rest_route=%2Fwp%2Fv2%2Fcomments&post=3349"}],"version-history":[{"count":1,"href":"https:\/\/www.mandabe.org\/index.php?rest_route=\/wp\/v2\/pages\/3349\/revisions"}],"predecessor-version":[{"id":3351,"href":"https:\/\/www.mandabe.org\/index.php?rest_route=\/wp\/v2\/pages\/3349\/revisions\/3351"}],"wp:attachment":[{"href":"https:\/\/www.mandabe.org\/index.php?rest_route=%2Fwp%2Fv2%2Fmedia&parent=3349"}],"curies":[{"name":"wp","href":"https:\/\/api.w.org\/{rel}","templated":true}]}}