{"id":3433,"date":"2017-06-21T12:12:16","date_gmt":"2017-06-21T10:12:16","guid":{"rendered":"http:\/\/www.mandabe.org\/?page_id=3433"},"modified":"2017-07-31T22:20:48","modified_gmt":"2017-07-31T20:20:48","slug":"un-ponte-tra","status":"publish","type":"page","link":"https:\/\/www.mandabe.org\/?page_id=3433","title":{"rendered":"&#8220;Un ponte tra&#8230;&#8221; (01\/07\/17)"},"content":{"rendered":"<p><a href=\"https:\/\/www.mandabe.org\/wp-content\/uploads\/2017\/06\/Cattura.jpg\"><img loading=\"lazy\" decoding=\"async\" class=\"aligncenter size-full wp-image-3434\" src=\"https:\/\/www.mandabe.org\/wp-content\/uploads\/2017\/06\/Cattura.jpg\" alt=\"Cattura\" width=\"522\" height=\"730\" srcset=\"https:\/\/www.mandabe.org\/wp-content\/uploads\/2017\/06\/Cattura.jpg 522w, https:\/\/www.mandabe.org\/wp-content\/uploads\/2017\/06\/Cattura-215x300.jpg 215w\" sizes=\"(max-width: 522px) 100vw, 522px\" \/><\/a><\/p>\n<p>&nbsp;<\/p>\n<p><span style=\"font-family: arial, helvetica, sans-serif; font-size: 12pt; color: #000000;\"><br \/>\n<a href=\"https:\/\/www.mandabe.org\/wp-content\/uploads\/2017\/07\/Foto1-e1500495934652.jpg\"><img loading=\"lazy\" decoding=\"async\" class=\"alignleft size-full wp-image-3442\" src=\"https:\/\/www.mandabe.org\/wp-content\/uploads\/2017\/07\/Foto1-e1500495934652.jpg\" alt=\"Foto1\" width=\"300\" height=\"533\" \/><\/a>Oggi c\u2019\u00e8 stato l\u2019incontro missionario dal titolo \u201cLa missione che viene a noi \u2013 Un ponte tra\u2026\u201d ad Albareto di Ziano Piacentino; il tempo sembrava non promettere nulla di buono, infatti \u00e8 anche piovuto, ma alla fine tutto \u00e8 andato per il meglio e il clima \u00e8 stato gradevole.<\/span><\/p>\n<p><span style=\"font-family: arial, helvetica, sans-serif; font-size: 12pt; color: #000000;\">Nel pomeriggio un piccolo gruppetto ha partecipato al momento di riflessione guidato da Padre Gianromano che, riprendendo il tema degli scorsi anni, ha condotto i presenti sulla necessit\u00e0 di costruire ponti anzich\u00e9 muri e ha invitato a parlare delle proprie esperienze nel quotidiano, coinvolgendo anche i pi\u00f9 giovani; tra gli interventi, particolarmente bello \u00e8 stato quello di Antonella, insegnante di Lettere presso una scuola di formazione per giovani adulti che negli ultimi anni ha visto l\u2019iscrizione per la maggior parte di immigrati e, nell\u2019ultimo anno, di profughi: lei stessa ha detto di aver vissuto proprio quest\u2019ultimo anno come molto stimolante e arricchente.<\/span><\/p>\n<p><span style=\"font-family: arial, helvetica, sans-serif; font-size: 12pt; color: #000000;\">Un altro momento importante ha riguardato gli aggiornamento sulla nostra missione di Betanatanana e il contributo inviato da don Riccardo che ci ha raccontato di come vive l\u00e0 l\u2019essere ponte.<\/span><\/p>\n<p><span class=\"alignnone\" style=\"font-size: 12pt; font-family: arial, helvetica, sans-serif; color: #000000;\"><a href=\"https:\/\/www.mandabe.org\/wp-content\/uploads\/2017\/07\/Foto2-e1500496067917.jpg\"><img loading=\"lazy\" decoding=\"async\" class=\"alignright size-full wp-image-3443\" src=\"https:\/\/www.mandabe.org\/wp-content\/uploads\/2017\/07\/Foto2-e1500496067917.jpg\" alt=\"Foto2\" width=\"300\" height=\"169\" \/><\/a>Ci siamo successivamente trasferiti in mezzo ai vigneti per la grigliata dove la partecipazione \u00e8 stata molto numerosa, anche al di l\u00e0 delle nostre aspettative.<\/span><\/p>\n<p><span style=\"font-family: arial, helvetica, sans-serif; font-size: 12pt; color: #000000;\">L\u2019atmosfera \u00e8 stata molto buona, clima di festa e di convivialit\u00e0, con diverse amici della missione venuti da Milano, oltre che dai dintorni.<\/span><\/p>\n<p><a href=\"https:\/\/www.mandabe.org\/wp-content\/uploads\/2017\/07\/Foto3-e1500496091753.jpg\"><img loading=\"lazy\" decoding=\"async\" class=\"alignright size-full wp-image-3444\" src=\"https:\/\/www.mandabe.org\/wp-content\/uploads\/2017\/07\/Foto3-e1500496091753.jpg\" alt=\"Foto3\" width=\"169\" height=\"300\" \/><\/a> <a href=\"https:\/\/www.mandabe.org\/wp-content\/uploads\/2017\/07\/Foto4-e1500496110933.jpg\"><img loading=\"lazy\" decoding=\"async\" class=\"alignright size-full wp-image-3445\" src=\"https:\/\/www.mandabe.org\/wp-content\/uploads\/2017\/07\/Foto4-e1500496110933.jpg\" alt=\"Foto4\" width=\"300\" height=\"533\" \/><\/a> <a href=\"https:\/\/www.mandabe.org\/wp-content\/uploads\/2017\/07\/Foto5-e1500496128334.jpg\"><img loading=\"lazy\" decoding=\"async\" class=\"aligncenter size-full wp-image-3446\" src=\"https:\/\/www.mandabe.org\/wp-content\/uploads\/2017\/07\/Foto5-e1500496128334.jpg\" alt=\"Foto5\" width=\"300\" height=\"533\" \/><\/a><a href=\"https:\/\/www.mandabe.org\/wp-content\/uploads\/2017\/07\/Foto6-e1500496150384.jpg\"><img loading=\"lazy\" decoding=\"async\" class=\"aligncenter size-full wp-image-3447\" src=\"https:\/\/www.mandabe.org\/wp-content\/uploads\/2017\/07\/Foto6-e1500496150384.jpg\" alt=\"Foto6\" width=\"300\" height=\"533\" \/><\/a><\/p>\n<p><a href=\"https:\/\/www.mandabe.org\/wp-content\/uploads\/2017\/07\/Foto7-e1500496178887.jpg\"><img loading=\"lazy\" decoding=\"async\" class=\"aligncenter size-large wp-image-3448\" src=\"https:\/\/www.mandabe.org\/wp-content\/uploads\/2017\/07\/Foto7-e1500496170564-1024x576.jpg\" alt=\"Foto7\" width=\"700\" height=\"394\" \/><\/a><\/p>\n<p><span style=\"font-family: arial, helvetica, sans-serif; font-size: 12pt; color: #000000;\">Abbiamo inviato alcune foto della festa a padre Riccardo che ci ha seguito con affetto anche se lontano e ci ha inviato un bel messaggio di ringraziamento che riportiamo qui di seguito:<\/span><\/p>\n<p>&nbsp;<\/p>\n<p><span style=\"font-family: arial, helvetica, sans-serif; font-size: 12pt; color: #000000;\">\u201cCarissimi,<\/span><\/p>\n<p><span style=\"font-family: arial, helvetica, sans-serif; font-size: 12pt; color: #000000;\"><a href=\"https:\/\/www.mandabe.org\/wp-content\/uploads\/2017\/07\/Foto8-e1500496207314.jpg\"><img loading=\"lazy\" decoding=\"async\" class=\"alignright size-medium wp-image-3449\" src=\"https:\/\/www.mandabe.org\/wp-content\/uploads\/2017\/07\/Foto8-e1500496197333-169x300.jpg\" alt=\"Foto8\" width=\"169\" height=\"300\" \/><\/a>sono le due di notte, ma il sonno non viene\u2026 Sto scorrendo le immagini dell\u2019incontro che mi sono arrivate: sembrava che l\u2019acquazzone volesse far annullare l\u2019incontro, invece le cose sono andate nella direzione sperata.<\/span><\/p>\n<p><span style=\"font-family: arial, helvetica, sans-serif; font-size: 12pt; color: #000000;\">Sono qui a dirvi la parola corta, ma grande: GRAZIE!<\/span><\/p>\n<p>&nbsp;<\/p>\n<p><span style=\"font-family: arial, helvetica, sans-serif; font-size: 12pt; color: #000000;\">Grazie per aver messo il vostro tempo, il vostro entusiasmo semplice, \u201cnormale\u201d, a disposizione di queste persone venute da orizzonti diversi.<\/span><\/p>\n<p><span style=\"font-family: arial, helvetica, sans-serif; font-size: 12pt; color: #000000;\">Li conosco quasi tutti. Alcuni vivono situazioni di grandi difficolt\u00e0 famigliari: avete regalato loro qualche ora di distensione, di amicizia, di sostegno. I malgasci dicono che \u201cChi mangia insieme \u00e8 un\u2019anima sola\u201d.<\/span><\/p>\n<p><a href=\"https:\/\/www.mandabe.org\/wp-content\/uploads\/2017\/07\/Foto11-e1500496376867.jpg\"><img loading=\"lazy\" decoding=\"async\" class=\"alignright size-medium wp-image-3452\" src=\"https:\/\/www.mandabe.org\/wp-content\/uploads\/2017\/07\/Foto11-e1500496366981-300x169.jpg\" alt=\"Foto11\" width=\"300\" height=\"169\" \/><\/a> <a href=\"https:\/\/www.mandabe.org\/wp-content\/uploads\/2017\/07\/Foto10-e1500496346289.jpg\"><img loading=\"lazy\" decoding=\"async\" class=\"alignright size-medium wp-image-3451\" src=\"https:\/\/www.mandabe.org\/wp-content\/uploads\/2017\/07\/Foto10-e1500496337317-169x300.jpg\" alt=\"Foto10\" width=\"169\" height=\"300\" \/><\/a> <a href=\"https:\/\/www.mandabe.org\/wp-content\/uploads\/2017\/07\/Foto9-e1500496327734.jpg\"><img loading=\"lazy\" decoding=\"async\" class=\"aligncenter size-medium wp-image-3450\" src=\"https:\/\/www.mandabe.org\/wp-content\/uploads\/2017\/07\/Foto9-e1500496316494-169x300.jpg\" alt=\"Foto9\" width=\"169\" height=\"300\" \/><\/a><\/p>\n<p><span style=\"font-family: arial, helvetica, sans-serif; font-size: 12pt; color: #000000;\">E poi mi d\u00e0 una gioia infinita vedere voi insieme, uniti, servizievoli\u2026 E questo perch\u00e9 davanti ci siete voi,\u00a0Fausto e Adelina, che precedete con l\u2019esempio.<\/span><\/p>\n<p><span style=\"font-family: arial, helvetica, sans-serif; font-size: 12pt; color: #000000;\"><br \/>\n<a href=\"https:\/\/www.mandabe.org\/wp-content\/uploads\/2017\/07\/Foto12-e1500496393574.jpg\"><img loading=\"lazy\" decoding=\"async\" class=\"alignleft size-medium wp-image-3453\" src=\"https:\/\/www.mandabe.org\/wp-content\/uploads\/2017\/07\/Foto12-e1500496386682-169x300.jpg\" alt=\"Foto12\" width=\"169\" height=\"300\" \/><\/a>Grazie perch\u00e9 nel ricordo della missione avete messo insieme tante persone: volti ormai abituali\u2026<\/span><\/p>\n<p><span style=\"font-family: arial, helvetica, sans-serif; font-size: 12pt; color: #000000;\">\u2026e\u00a0volti nuovi.<\/span><\/p>\n<p><span style=\"font-family: arial, helvetica, sans-serif; font-size: 12pt; color: #000000;\">Direte un grande GRAZIE anche a chi non \u00e8 presente nelle foto ma ha contribuito alla riuscita della festa.<\/span><\/p>\n<p><span style=\"font-family: arial, helvetica, sans-serif; font-size: 12pt; color: #000000;\">Un abbraccio forte a tutti e sapete che siete nelle nostre preghiere e nel ricordo riconoscente.<\/span><\/p>\n<p><span style=\"font-family: arial, helvetica, sans-serif; font-size: 12pt; color: #000000;\">P. Riccardo<\/span><\/p>\n<p>&nbsp;<\/p>\n<p><a href=\"https:\/\/www.mandabe.org\/wp-content\/uploads\/2017\/07\/Foto13-e1500496408587.jpg\"><img loading=\"lazy\" decoding=\"async\" class=\"aligncenter size-medium wp-image-3454\" src=\"https:\/\/www.mandabe.org\/wp-content\/uploads\/2017\/07\/Foto13-e1500496401528-169x300.jpg\" alt=\"Foto13\" width=\"169\" height=\"300\" \/><\/a> <a href=\"https:\/\/www.mandabe.org\/wp-content\/uploads\/2017\/07\/Foto14-e1500496426406.jpg\"><img loading=\"lazy\" decoding=\"async\" class=\"aligncenter size-medium wp-image-3455\" src=\"https:\/\/www.mandabe.org\/wp-content\/uploads\/2017\/07\/Foto14-e1500496419821-169x300.jpg\" alt=\"Foto14\" width=\"169\" height=\"300\" \/><\/a><\/p>\n<p>&nbsp;<\/p>\n<p><span style=\"font-family: arial, helvetica, sans-serif; font-size: 12pt; color: #000000;\">Altre foto dell&#8217;evento:<\/span><\/p>\n\n\t\t<div id='gallery-1' class='gallery galleryid-3433 gallery-columns-5 gallery-size-thumbnail gallery-link-file'><figure class='gallery-item'>\n\t\t\t<span class='gallery-icon'>\n\t\t\t\t<a rel='attachment' href='https:\/\/www.mandabe.org\/wp-content\/uploads\/2017\/07\/DSC_2558-e1501532310222.jpg'><img loading=\"lazy\" decoding=\"async\" width=\"150\" height=\"150\" src=\"https:\/\/www.mandabe.org\/wp-content\/uploads\/2017\/07\/DSC_2558-e1501532310222-150x150.jpg\" class=\"attachment-thumbnail size-thumbnail\" alt=\"\" srcset=\"https:\/\/www.mandabe.org\/wp-content\/uploads\/2017\/07\/DSC_2558-e1501532310222-150x150.jpg 150w, https:\/\/www.mandabe.org\/wp-content\/uploads\/2017\/07\/DSC_2558-e1501532310222-100x100.jpg 100w\" sizes=\"(max-width: 150px) 100vw, 150px\" \/><\/a>\n\t\t\t<\/span><\/figure><figure class='gallery-item'>\n\t\t\t<span class='gallery-icon'>\n\t\t\t\t<a rel='attachment' href='https:\/\/www.mandabe.org\/wp-content\/uploads\/2017\/07\/IMG_1062.jpg'><img loading=\"lazy\" decoding=\"async\" width=\"150\" height=\"150\" src=\"https:\/\/www.mandabe.org\/wp-content\/uploads\/2017\/07\/IMG_1062-150x150.jpg\" class=\"attachment-thumbnail size-thumbnail\" alt=\"\" srcset=\"https:\/\/www.mandabe.org\/wp-content\/uploads\/2017\/07\/IMG_1062-150x150.jpg 150w, https:\/\/www.mandabe.org\/wp-content\/uploads\/2017\/07\/IMG_1062-100x100.jpg 100w\" sizes=\"(max-width: 150px) 100vw, 150px\" \/><\/a>\n\t\t\t<\/span><\/figure><figure class='gallery-item'>\n\t\t\t<span class='gallery-icon'>\n\t\t\t\t<a rel='attachment' href='https:\/\/www.mandabe.org\/wp-content\/uploads\/2017\/07\/IMG_1098.jpg'><img loading=\"lazy\" decoding=\"async\" width=\"150\" height=\"150\" src=\"https:\/\/www.mandabe.org\/wp-content\/uploads\/2017\/07\/IMG_1098-150x150.jpg\" class=\"attachment-thumbnail size-thumbnail\" alt=\"\" srcset=\"https:\/\/www.mandabe.org\/wp-content\/uploads\/2017\/07\/IMG_1098-150x150.jpg 150w, https:\/\/www.mandabe.org\/wp-content\/uploads\/2017\/07\/IMG_1098-100x100.jpg 100w\" sizes=\"(max-width: 150px) 100vw, 150px\" \/><\/a>\n\t\t\t<\/span><\/figure><figure class='gallery-item'>\n\t\t\t<span class='gallery-icon'>\n\t\t\t\t<a rel='attachment' href='https:\/\/www.mandabe.org\/wp-content\/uploads\/2017\/07\/IMG_1078.jpg'><img loading=\"lazy\" decoding=\"async\" width=\"150\" height=\"150\" src=\"https:\/\/www.mandabe.org\/wp-content\/uploads\/2017\/07\/IMG_1078-150x150.jpg\" class=\"attachment-thumbnail size-thumbnail\" alt=\"\" srcset=\"https:\/\/www.mandabe.org\/wp-content\/uploads\/2017\/07\/IMG_1078-150x150.jpg 150w, https:\/\/www.mandabe.org\/wp-content\/uploads\/2017\/07\/IMG_1078-100x100.jpg 100w\" sizes=\"(max-width: 150px) 100vw, 150px\" \/><\/a>\n\t\t\t<\/span><\/figure><figure class='gallery-item'>\n\t\t\t<span class='gallery-icon'>\n\t\t\t\t<a rel='attachment' href='https:\/\/www.mandabe.org\/wp-content\/uploads\/2017\/07\/IMG_1090.jpg'><img loading=\"lazy\" decoding=\"async\" width=\"150\" height=\"150\" src=\"https:\/\/www.mandabe.org\/wp-content\/uploads\/2017\/07\/IMG_1090-150x150.jpg\" class=\"attachment-thumbnail size-thumbnail\" alt=\"\" srcset=\"https:\/\/www.mandabe.org\/wp-content\/uploads\/2017\/07\/IMG_1090-150x150.jpg 150w, https:\/\/www.mandabe.org\/wp-content\/uploads\/2017\/07\/IMG_1090-100x100.jpg 100w\" sizes=\"(max-width: 150px) 100vw, 150px\" \/><\/a>\n\t\t\t<\/span><\/figure><br style=\"clear: both\" \/><figure class='gallery-item'>\n\t\t\t<span class='gallery-icon'>\n\t\t\t\t<a rel='attachment' href='https:\/\/www.mandabe.org\/wp-content\/uploads\/2017\/07\/IMG_1088.jpg'><img loading=\"lazy\" decoding=\"async\" width=\"150\" height=\"150\" src=\"https:\/\/www.mandabe.org\/wp-content\/uploads\/2017\/07\/IMG_1088-150x150.jpg\" class=\"attachment-thumbnail size-thumbnail\" alt=\"\" srcset=\"https:\/\/www.mandabe.org\/wp-content\/uploads\/2017\/07\/IMG_1088-150x150.jpg 150w, https:\/\/www.mandabe.org\/wp-content\/uploads\/2017\/07\/IMG_1088-100x100.jpg 100w\" sizes=\"(max-width: 150px) 100vw, 150px\" \/><\/a>\n\t\t\t<\/span><\/figure><figure class='gallery-item'>\n\t\t\t<span class='gallery-icon'>\n\t\t\t\t<a rel='attachment' href='https:\/\/www.mandabe.org\/wp-content\/uploads\/2017\/07\/IMG_1085.jpg'><img loading=\"lazy\" decoding=\"async\" width=\"150\" height=\"150\" src=\"https:\/\/www.mandabe.org\/wp-content\/uploads\/2017\/07\/IMG_1085-150x150.jpg\" class=\"attachment-thumbnail size-thumbnail\" alt=\"\" srcset=\"https:\/\/www.mandabe.org\/wp-content\/uploads\/2017\/07\/IMG_1085-150x150.jpg 150w, https:\/\/www.mandabe.org\/wp-content\/uploads\/2017\/07\/IMG_1085-100x100.jpg 100w\" sizes=\"(max-width: 150px) 100vw, 150px\" \/><\/a>\n\t\t\t<\/span><\/figure><figure class='gallery-item'>\n\t\t\t<span class='gallery-icon'>\n\t\t\t\t<a rel='attachment' href='https:\/\/www.mandabe.org\/wp-content\/uploads\/2017\/07\/IMG_1084.jpg'><img loading=\"lazy\" decoding=\"async\" width=\"150\" height=\"150\" src=\"https:\/\/www.mandabe.org\/wp-content\/uploads\/2017\/07\/IMG_1084-150x150.jpg\" class=\"attachment-thumbnail size-thumbnail\" alt=\"\" srcset=\"https:\/\/www.mandabe.org\/wp-content\/uploads\/2017\/07\/IMG_1084-150x150.jpg 150w, https:\/\/www.mandabe.org\/wp-content\/uploads\/2017\/07\/IMG_1084-100x100.jpg 100w\" sizes=\"(max-width: 150px) 100vw, 150px\" \/><\/a>\n\t\t\t<\/span><\/figure><figure class='gallery-item'>\n\t\t\t<span class='gallery-icon'>\n\t\t\t\t<a rel='attachment' href='https:\/\/www.mandabe.org\/wp-content\/uploads\/2017\/07\/IMG_1083.jpg'><img loading=\"lazy\" decoding=\"async\" width=\"150\" height=\"150\" src=\"https:\/\/www.mandabe.org\/wp-content\/uploads\/2017\/07\/IMG_1083-150x150.jpg\" class=\"attachment-thumbnail size-thumbnail\" alt=\"\" srcset=\"https:\/\/www.mandabe.org\/wp-content\/uploads\/2017\/07\/IMG_1083-150x150.jpg 150w, https:\/\/www.mandabe.org\/wp-content\/uploads\/2017\/07\/IMG_1083-100x100.jpg 100w\" sizes=\"(max-width: 150px) 100vw, 150px\" \/><\/a>\n\t\t\t<\/span><\/figure><figure class='gallery-item'>\n\t\t\t<span class='gallery-icon'>\n\t\t\t\t<a rel='attachment' href='https:\/\/www.mandabe.org\/wp-content\/uploads\/2017\/07\/IMG_1069.jpg'><img loading=\"lazy\" decoding=\"async\" width=\"150\" height=\"150\" src=\"https:\/\/www.mandabe.org\/wp-content\/uploads\/2017\/07\/IMG_1069-150x150.jpg\" class=\"attachment-thumbnail size-thumbnail\" alt=\"\" srcset=\"https:\/\/www.mandabe.org\/wp-content\/uploads\/2017\/07\/IMG_1069-150x150.jpg 150w, https:\/\/www.mandabe.org\/wp-content\/uploads\/2017\/07\/IMG_1069-100x100.jpg 100w\" sizes=\"(max-width: 150px) 100vw, 150px\" \/><\/a>\n\t\t\t<\/span><\/figure><br style=\"clear: both\" \/><figure class='gallery-item'>\n\t\t\t<span class='gallery-icon'>\n\t\t\t\t<a rel='attachment' href='https:\/\/www.mandabe.org\/wp-content\/uploads\/2017\/07\/IMG_1067.jpg'><img loading=\"lazy\" decoding=\"async\" width=\"150\" height=\"150\" src=\"https:\/\/www.mandabe.org\/wp-content\/uploads\/2017\/07\/IMG_1067-150x150.jpg\" class=\"attachment-thumbnail size-thumbnail\" alt=\"\" srcset=\"https:\/\/www.mandabe.org\/wp-content\/uploads\/2017\/07\/IMG_1067-150x150.jpg 150w, https:\/\/www.mandabe.org\/wp-content\/uploads\/2017\/07\/IMG_1067-100x100.jpg 100w\" sizes=\"(max-width: 150px) 100vw, 150px\" \/><\/a>\n\t\t\t<\/span><\/figure>\n\t\t\t<div class='clear'><\/div>\n\t\t<\/div>\n\n","protected":false},"excerpt":{"rendered":"<p>&nbsp; Oggi c\u2019\u00e8 stato l\u2019incontro missionario dal titolo \u201cLa missione che viene a noi \u2013 Un ponte tra\u2026\u201d ad Albareto di Ziano Piacentino; il tempo sembrava non promettere nulla di buono, infatti \u00e8 anche piovuto, ma alla fine tutto \u00e8 andato per il meglio e il clima \u00e8 stato gradevole. &#8230;<\/p>\n","protected":false},"author":1,"featured_media":0,"parent":0,"menu_order":0,"comment_status":"closed","ping_status":"open","template":"","meta":{"footnotes":""},"_links":{"self":[{"href":"https:\/\/www.mandabe.org\/index.php?rest_route=\/wp\/v2\/pages\/3433"}],"collection":[{"href":"https:\/\/www.mandabe.org\/index.php?rest_route=\/wp\/v2\/pages"}],"about":[{"href":"https:\/\/www.mandabe.org\/index.php?rest_route=\/wp\/v2\/types\/page"}],"author":[{"embeddable":true,"href":"https:\/\/www.mandabe.org\/index.php?rest_route=\/wp\/v2\/users\/1"}],"replies":[{"embeddable":true,"href":"https:\/\/www.mandabe.org\/index.php?rest_route=%2Fwp%2Fv2%2Fcomments&post=3433"}],"version-history":[{"count":8,"href":"https:\/\/www.mandabe.org\/index.php?rest_route=\/wp\/v2\/pages\/3433\/revisions"}],"predecessor-version":[{"id":3498,"href":"https:\/\/www.mandabe.org\/index.php?rest_route=\/wp\/v2\/pages\/3433\/revisions\/3498"}],"wp:attachment":[{"href":"https:\/\/www.mandabe.org\/index.php?rest_route=%2Fwp%2Fv2%2Fmedia&parent=3433"}],"curies":[{"name":"wp","href":"https:\/\/api.w.org\/{rel}","templated":true}]}}