{"id":3600,"date":"2018-03-27T08:15:19","date_gmt":"2018-03-27T06:15:19","guid":{"rendered":"http:\/\/www.mandabe.org\/?page_id=3600"},"modified":"2018-03-27T08:15:19","modified_gmt":"2018-03-27T06:15:19","slug":"incontro-di-cuore-amico-100318","status":"publish","type":"page","link":"https:\/\/www.mandabe.org\/?page_id=3600","title":{"rendered":"Incontro di &#8220;Cuore Amico&#8221; (10\/03\/18)"},"content":{"rendered":"<p><span style=\"font-family: arial, helvetica, sans-serif; font-size: 12pt; color: #000000;\">Oggi a Castelminio (TV) si \u00e8 tenuto il tradizionale incontro degli amici di Cuore Amico: due comunit\u00e0 parrocchiali insieme nella convivialit\u00e0 di un pasto durante il quale\u00a0c&#8217;\u00e8 stato il modo di aggiornarsi sulla nostra missione.<\/span><\/p>\n\n\t\t<div id='gallery-1' class='gallery galleryid-3600 gallery-columns-4 gallery-size-thumbnail gallery-link-file'><figure class='gallery-item'>\n\t\t\t<span class='gallery-icon'>\n\t\t\t\t<a rel='attachment' href='https:\/\/www.mandabe.org\/wp-content\/uploads\/2018\/03\/1.jpg'><img loading=\"lazy\" decoding=\"async\" width=\"150\" height=\"150\" src=\"https:\/\/www.mandabe.org\/wp-content\/uploads\/2018\/03\/1-150x150.jpg\" class=\"attachment-thumbnail size-thumbnail\" alt=\"\" srcset=\"https:\/\/www.mandabe.org\/wp-content\/uploads\/2018\/03\/1-150x150.jpg 150w, https:\/\/www.mandabe.org\/wp-content\/uploads\/2018\/03\/1-100x100.jpg 100w\" sizes=\"(max-width: 150px) 100vw, 150px\" \/><\/a>\n\t\t\t<\/span><\/figure><figure class='gallery-item'>\n\t\t\t<span class='gallery-icon'>\n\t\t\t\t<a rel='attachment' href='https:\/\/www.mandabe.org\/wp-content\/uploads\/2018\/03\/2.jpg'><img loading=\"lazy\" decoding=\"async\" width=\"150\" height=\"150\" src=\"https:\/\/www.mandabe.org\/wp-content\/uploads\/2018\/03\/2-150x150.jpg\" class=\"attachment-thumbnail size-thumbnail\" alt=\"\" srcset=\"https:\/\/www.mandabe.org\/wp-content\/uploads\/2018\/03\/2-150x150.jpg 150w, https:\/\/www.mandabe.org\/wp-content\/uploads\/2018\/03\/2-100x100.jpg 100w\" sizes=\"(max-width: 150px) 100vw, 150px\" \/><\/a>\n\t\t\t<\/span><\/figure><figure class='gallery-item'>\n\t\t\t<span class='gallery-icon'>\n\t\t\t\t<a rel='attachment' href='https:\/\/www.mandabe.org\/wp-content\/uploads\/2018\/03\/3.jpg'><img loading=\"lazy\" decoding=\"async\" width=\"150\" height=\"150\" src=\"https:\/\/www.mandabe.org\/wp-content\/uploads\/2018\/03\/3-150x150.jpg\" class=\"attachment-thumbnail size-thumbnail\" alt=\"\" srcset=\"https:\/\/www.mandabe.org\/wp-content\/uploads\/2018\/03\/3-150x150.jpg 150w, https:\/\/www.mandabe.org\/wp-content\/uploads\/2018\/03\/3-100x100.jpg 100w\" sizes=\"(max-width: 150px) 100vw, 150px\" \/><\/a>\n\t\t\t<\/span>\n\t\t\t\t<figcaption class='wp-caption-text gallery-caption'>\n\t\t\t\tW le cuoche!\n\t\t\t\t<\/figcaption><\/figure><figure class='gallery-item'>\n\t\t\t<span class='gallery-icon'>\n\t\t\t\t<a rel='attachment' href='https:\/\/www.mandabe.org\/wp-content\/uploads\/2018\/03\/4.jpg'><img loading=\"lazy\" decoding=\"async\" width=\"150\" height=\"150\" src=\"https:\/\/www.mandabe.org\/wp-content\/uploads\/2018\/03\/4-150x150.jpg\" class=\"attachment-thumbnail size-thumbnail\" alt=\"\" srcset=\"https:\/\/www.mandabe.org\/wp-content\/uploads\/2018\/03\/4-150x150.jpg 150w, https:\/\/www.mandabe.org\/wp-content\/uploads\/2018\/03\/4-100x100.jpg 100w\" sizes=\"(max-width: 150px) 100vw, 150px\" \/><\/a>\n\t\t\t<\/span>\n\t\t\t\t<figcaption class='wp-caption-text gallery-caption'>\n\t\t\t\tQuando il Cuore \u00e8&#8230; Amico!!! Grazie a tutti!!!\n\t\t\t\t<\/figcaption><\/figure><br style=\"clear: both\" \/><figure class='gallery-item'>\n\t\t\t<span class='gallery-icon'>\n\t\t\t\t<a rel='attachment' href='https:\/\/www.mandabe.org\/wp-content\/uploads\/2018\/03\/5.jpg'><img loading=\"lazy\" decoding=\"async\" width=\"150\" height=\"150\" src=\"https:\/\/www.mandabe.org\/wp-content\/uploads\/2018\/03\/5-150x150.jpg\" class=\"attachment-thumbnail size-thumbnail\" alt=\"\" srcset=\"https:\/\/www.mandabe.org\/wp-content\/uploads\/2018\/03\/5-150x150.jpg 150w, https:\/\/www.mandabe.org\/wp-content\/uploads\/2018\/03\/5-100x100.jpg 100w\" sizes=\"(max-width: 150px) 100vw, 150px\" \/><\/a>\n\t\t\t<\/span>\n\t\t\t\t<figcaption class='wp-caption-text gallery-caption'>\n\t\t\t\tLuciano Marcon espone il resoconto delle donazioni e a cosa saranno destinate\n\t\t\t\t<\/figcaption><\/figure><figure class='gallery-item'>\n\t\t\t<span class='gallery-icon'>\n\t\t\t\t<a rel='attachment' href='https:\/\/www.mandabe.org\/wp-content\/uploads\/2018\/03\/6.jpg'><img loading=\"lazy\" decoding=\"async\" width=\"150\" height=\"150\" src=\"https:\/\/www.mandabe.org\/wp-content\/uploads\/2018\/03\/6-150x150.jpg\" class=\"attachment-thumbnail size-thumbnail\" alt=\"\" srcset=\"https:\/\/www.mandabe.org\/wp-content\/uploads\/2018\/03\/6-150x150.jpg 150w, https:\/\/www.mandabe.org\/wp-content\/uploads\/2018\/03\/6-100x100.jpg 100w\" sizes=\"(max-width: 150px) 100vw, 150px\" \/><\/a>\n\t\t\t<\/span><\/figure><figure class='gallery-item'>\n\t\t\t<span class='gallery-icon'>\n\t\t\t\t<a rel='attachment' href='https:\/\/www.mandabe.org\/wp-content\/uploads\/2018\/03\/7.jpg'><img loading=\"lazy\" decoding=\"async\" width=\"150\" height=\"150\" src=\"https:\/\/www.mandabe.org\/wp-content\/uploads\/2018\/03\/7-150x150.jpg\" class=\"attachment-thumbnail size-thumbnail\" alt=\"\" srcset=\"https:\/\/www.mandabe.org\/wp-content\/uploads\/2018\/03\/7-150x150.jpg 150w, https:\/\/www.mandabe.org\/wp-content\/uploads\/2018\/03\/7-100x100.jpg 100w\" sizes=\"(max-width: 150px) 100vw, 150px\" \/><\/a>\n\t\t\t<\/span>\n\t\t\t\t<figcaption class='wp-caption-text gallery-caption'>\n\t\t\t\tE&#8217; intervenuto anche il parroco\n\t\t\t\t<\/figcaption><\/figure><figure class='gallery-item'>\n\t\t\t<span class='gallery-icon'>\n\t\t\t\t<a rel='attachment' href='https:\/\/www.mandabe.org\/wp-content\/uploads\/2018\/03\/8.jpg'><img loading=\"lazy\" decoding=\"async\" width=\"150\" height=\"150\" src=\"https:\/\/www.mandabe.org\/wp-content\/uploads\/2018\/03\/8-150x150.jpg\" class=\"attachment-thumbnail size-thumbnail\" alt=\"\" srcset=\"https:\/\/www.mandabe.org\/wp-content\/uploads\/2018\/03\/8-150x150.jpg 150w, https:\/\/www.mandabe.org\/wp-content\/uploads\/2018\/03\/8-100x100.jpg 100w\" sizes=\"(max-width: 150px) 100vw, 150px\" \/><\/a>\n\t\t\t<\/span><\/figure><br style=\"clear: both\" \/><figure class='gallery-item'>\n\t\t\t<span class='gallery-icon'>\n\t\t\t\t<a rel='attachment' href='https:\/\/www.mandabe.org\/wp-content\/uploads\/2018\/03\/9.jpg'><img loading=\"lazy\" decoding=\"async\" width=\"150\" height=\"150\" src=\"https:\/\/www.mandabe.org\/wp-content\/uploads\/2018\/03\/9-150x150.jpg\" class=\"attachment-thumbnail size-thumbnail\" alt=\"\" srcset=\"https:\/\/www.mandabe.org\/wp-content\/uploads\/2018\/03\/9-150x150.jpg 150w, https:\/\/www.mandabe.org\/wp-content\/uploads\/2018\/03\/9-100x100.jpg 100w\" sizes=\"(max-width: 150px) 100vw, 150px\" \/><\/a>\n\t\t\t<\/span>\n\t\t\t\t<figcaption class='wp-caption-text gallery-caption'>\n\t\t\t\tLuoghi comuni o no&#8230; quando si lavora insieme per qualcosa di bello, anche i lavori pi\u00f9 umili si affrontano con gioia\n\t\t\t\t<\/figcaption><\/figure>\n\t\t\t<div class='clear'><\/div>\n\t\t<\/div>\n\n","protected":false},"excerpt":{"rendered":"<p>Oggi a Castelminio (TV) si \u00e8 tenuto il tradizionale incontro degli amici di Cuore Amico: due comunit\u00e0 parrocchiali insieme nella convivialit\u00e0 di un pasto durante il quale\u00a0c&#8217;\u00e8 stato il modo di aggiornarsi sulla nostra missione.<\/p>\n","protected":false},"author":1,"featured_media":0,"parent":0,"menu_order":0,"comment_status":"closed","ping_status":"open","template":"","meta":{"footnotes":""},"_links":{"self":[{"href":"https:\/\/www.mandabe.org\/index.php?rest_route=\/wp\/v2\/pages\/3600"}],"collection":[{"href":"https:\/\/www.mandabe.org\/index.php?rest_route=\/wp\/v2\/pages"}],"about":[{"href":"https:\/\/www.mandabe.org\/index.php?rest_route=\/wp\/v2\/types\/page"}],"author":[{"embeddable":true,"href":"https:\/\/www.mandabe.org\/index.php?rest_route=\/wp\/v2\/users\/1"}],"replies":[{"embeddable":true,"href":"https:\/\/www.mandabe.org\/index.php?rest_route=%2Fwp%2Fv2%2Fcomments&post=3600"}],"version-history":[{"count":1,"href":"https:\/\/www.mandabe.org\/index.php?rest_route=\/wp\/v2\/pages\/3600\/revisions"}],"predecessor-version":[{"id":3601,"href":"https:\/\/www.mandabe.org\/index.php?rest_route=\/wp\/v2\/pages\/3600\/revisions\/3601"}],"wp:attachment":[{"href":"https:\/\/www.mandabe.org\/index.php?rest_route=%2Fwp%2Fv2%2Fmedia&parent=3600"}],"curies":[{"name":"wp","href":"https:\/\/api.w.org\/{rel}","templated":true}]}}