{"id":4056,"date":"2019-05-19T15:58:06","date_gmt":"2019-05-19T13:58:06","guid":{"rendered":"http:\/\/www.mandabe.org\/?page_id=4056"},"modified":"2019-05-19T15:58:06","modified_gmt":"2019-05-19T13:58:06","slug":"che-cosa-lasciamo-sei-anni-dopo","status":"publish","type":"page","link":"https:\/\/www.mandabe.org\/?page_id=4056","title":{"rendered":"CHE COSA LASCIAMO&#8230; SEI ANNI DOPO"},"content":{"rendered":"<p><span style=\"font-family: arial, helvetica, sans-serif; font-size: 12pt; color: #000000;\"><strong>Betanatanana\u2026triennio 2016-2018<\/strong><\/span><\/p>\n<p><span style=\"font-family: arial, helvetica, sans-serif; font-size: 12pt; color: #000000;\">Negli anni 2016, 2017 e parte del 2018 \u00e8 continuata l\u2019attivit\u00e0 di evangelizzazione e di edificazione di aule, alloggi per insegnanti, escavazione di pozzi, nei villaggi della campagna, evitando quindi ai ragazzi pesanti pendolarismi giornalieri per andare a scuola. Alle cinque scuolette gi\u00e0 attive, si sono cos\u00ec aggiunte quelle di Ambonarabe-Mahasoa, Andronomalio. Andabotoka, Ambalamanda. A Betanatanana si sono potenziate le scuole, dalla materna alla media, con la presenza di operatori ben preparati nel duplice ruolo di insegnanti e di catechisti. Cos\u00ec \u00e8 cresciuta anche una vitale comunit\u00e0 cristiana.<\/span><\/p>\n<p><span style=\"font-family: arial, helvetica, sans-serif; font-size: 12pt; color: #000000;\">Nel 2018 \u00e8 stata inaugurata la nuova chiesa, che pu\u00f2 ospitare oltre 600 persone.<\/span><\/p>\n<p>&nbsp;<\/p>\n<p><span style=\"font-family: arial, helvetica, sans-serif; font-size: 12pt; color: #000000;\"><strong>2018: da Betanatanana a Antsiraraka<\/strong><\/span><\/p>\n<p><span style=\"font-family: arial, helvetica, sans-serif; font-size: 12pt; color: #000000;\">Nel 2012 padre Riccardo viene destinato dal suo vescovo a Betanatana, nella diocesi di Maintirano, per un mandato di tre anni come \u201cdonum fidei\u201d a questo territorio. Il mandato viene rinnovato per un secondo triennio (2016-2018), ma nel 2018 il suo vescovo lo richiama nella diocesi di Morondava e gli affida un nuovo incarico che don Riccardo accetta con entusiasmo. Gli viene affidata la parrocchia di Antsiraraka, un villaggio a 160 km a nord di Morondava, dove \u00e8 richiesta la presenza di un missionario che rivitalizzi e incrementi la comunit\u00e0 cristiana, quasi inesistente. Da novembre 2018 padre Riccardo \u00e8 presente a Antsiraraka, dove ha pianificato incontri con i residenti per capire i loro usi e costumi, oltre che le loro aspettative.<\/span><\/p>\n<p><span style=\"font-family: arial, helvetica, sans-serif; font-size: 12pt; color: #000000;\">Nel contempo sta costruendo sul terreno della missione alcune stanze per alloggiare lui e i suoi stretti collaboratori ed escavando un pozzo a disposizione anche della gente (l\u2019acqua \u00e8 razionata e si deve comperare). Il primo progetto importante sar\u00e0 la costruzione di una nuova chiesa (quella esistente \u00e8 una capanna fatiscente), indispensabile per avere un luogo di incontro con la comunit\u00e0 locale e con i numerosi ragazzi che frequentano la esistente scuola delle suore, molto ben gestita e apprezzata.<\/span><\/p>\n<p>&nbsp;<\/p>\n<p><span style=\"font-family: arial, helvetica, sans-serif; font-size: 12pt; color: #000000;\"><strong>Cosa lasciamo e Betanatanana<\/strong><\/span><\/p>\n<p><span style=\"font-family: arial, helvetica, sans-serif; font-size: 12pt; color: #000000;\">Gli anni trascorsi a Betanatanana sono stati anni molto intensi. Si \u00e8 trattato di rianimare delle comunit\u00e0 cristiane esangui o gi\u00e0 spente, di reperire e formare nuovi responsabili, di rilanciare insomma la vita cristiana, cominciando dalla preghiera, dai sacramenti, ecc. Certo, le grosse difficolt\u00e0 non sono mancate, fin dagli inizi, ma, come sempre, accanto ai problemi ci sono le soluzioni, spesso presenti nei collaboratori discreti, attivi, disponibili che fortunatamente non sono mancati.<\/span><\/p>\n<p><span style=\"font-family: arial, helvetica, sans-serif; font-size: 12pt; color: #000000;\">Oggi la missione di Betanatanana conta tredici comunit\u00e0 cristiane e dieci scuole di varia entit\u00e0, che hanno cominciato a rivivere. C\u2019\u00e8 anche una moderna e ampia chiesa, dove i cristiani locali, ma anche quelli provenienti da altri villaggi, si radunano per le varie celebrazioni e gli incontri comunitari.<\/span><\/p>\n<p><span style=\"font-family: arial, helvetica, sans-serif; font-size: 12pt; color: #000000;\">Un segno dell\u2019apertura verso l\u2019ecumenismo, sono le vetrofanie sulle grandi finestre della nuova chiesa, raffiguranti le immagini dei martiri in Madagascar sia europei (cattolici, luterani, riformati) che malgasci (per la maggioranza): un semplice e visivo ricordo, che ci sollecita a riflettere che tutti siamo chiamati a costruire un\u2019unica chiesa dai molti volti, a testimonianza di un cammino intrapreso e in divenire.\u00a0<\/span><\/p>\n<p><span style=\"font-family: arial, helvetica, sans-serif; font-size: 12pt; color: #000000;\">A Betanatanana salutiamo una popolazione che ringrazia, consapevole di quanto \u00e8 stato fatto per loro e che si impegna ora a continuare con responsabilit\u00e0 e competenza la gestione di quanto in essere.<\/span><\/p>\n<p><span style=\"font-family: arial, helvetica, sans-serif; font-size: 12pt; color: #000000;\">A noi rimane un rimpianto per i progetti non portati a termine: <strong>il dispensario<\/strong> non \u00e8 stato realizzato per resistenze amministrative locali, mentre <strong>la casa per madri sole e bisognose<\/strong> non si \u00e8 potuta concretizzare per la mancanza di suore che potessero gestirla. Questo per\u00f2 fa un po\u2019 parte delle cose: quando i progetti sono tanti ed il tempo per realizzarli \u00e8 poco, pu\u00f2 verificarsi qualche situazioni negativa.<\/span><\/p>\n<p><span style=\"font-family: arial, helvetica, sans-serif; font-size: 12pt; color: #000000;\">Lasciamo Betanatanana, ma i nostri fratelli di Betanatanana non li abbandoniamo. Continueremo a seguirli e a sostenerli con le adozioni in essere sino alla loro naturale scadenza e, se necessario, con interventi di aiuto mirato in presenza di eventi di emergenza particolari.<\/span><\/p>\n","protected":false},"excerpt":{"rendered":"<p>Betanatanana\u2026triennio 2016-2018 Negli anni 2016, 2017 e parte del 2018 \u00e8 continuata l\u2019attivit\u00e0 di evangelizzazione e di edificazione di aule, alloggi per insegnanti, escavazione di pozzi, nei villaggi della campagna, evitando quindi ai ragazzi pesanti pendolarismi giornalieri per andare a scuola. Alle cinque scuolette gi\u00e0 attive, si sono cos\u00ec aggiunte &#8230;<\/p>\n","protected":false},"author":1,"featured_media":0,"parent":0,"menu_order":0,"comment_status":"closed","ping_status":"open","template":"","meta":{"footnotes":""},"_links":{"self":[{"href":"https:\/\/www.mandabe.org\/index.php?rest_route=\/wp\/v2\/pages\/4056"}],"collection":[{"href":"https:\/\/www.mandabe.org\/index.php?rest_route=\/wp\/v2\/pages"}],"about":[{"href":"https:\/\/www.mandabe.org\/index.php?rest_route=\/wp\/v2\/types\/page"}],"author":[{"embeddable":true,"href":"https:\/\/www.mandabe.org\/index.php?rest_route=\/wp\/v2\/users\/1"}],"replies":[{"embeddable":true,"href":"https:\/\/www.mandabe.org\/index.php?rest_route=%2Fwp%2Fv2%2Fcomments&post=4056"}],"version-history":[{"count":1,"href":"https:\/\/www.mandabe.org\/index.php?rest_route=\/wp\/v2\/pages\/4056\/revisions"}],"predecessor-version":[{"id":4057,"href":"https:\/\/www.mandabe.org\/index.php?rest_route=\/wp\/v2\/pages\/4056\/revisions\/4057"}],"wp:attachment":[{"href":"https:\/\/www.mandabe.org\/index.php?rest_route=%2Fwp%2Fv2%2Fmedia&parent=4056"}],"curies":[{"name":"wp","href":"https:\/\/api.w.org\/{rel}","templated":true}]}}