{"id":42,"date":"2014-04-14T23:03:23","date_gmt":"2014-04-14T21:03:23","guid":{"rendered":"http:\/\/www.mandabe.org\/?page_id=42"},"modified":"2026-03-02T21:56:11","modified_gmt":"2026-03-02T20:56:11","slug":"chi-siamo","status":"publish","type":"page","link":"https:\/\/www.mandabe.org\/?page_id=42","title":{"rendered":"CHI SIAMO"},"content":{"rendered":"<p>L\u2019Associazione Progetti Ecar Mandabe Onlus (Ecar sta per Eglise Catholique Apostolique Romain e Mandabe \u00e8 il villaggio in cui \u00e8 stata avviata la nostra missione e dove don Riccardo Simionato ha vissuto e operato dal 2000 al 2012) \u00e8 stata costituita nel 2002 come associazione di volontariato, quale risposta alla necessit\u00e0 di coordinare e coniugare due pregevoli realt\u00e0: le molteplici esigenze d\u2019intervento a favore di quelle popolazioni e la grande, viva solidariet\u00e0 degli amici di don Riccardo per la missione che gli era stata affidata.<br \/>\nEssa ha per scopo la promozione e il sostegno di progetti nel settore dell\u2019istruzione, dell\u2019agricoltura e della sanit\u00e0 in Madagascar, nei distretti del Menabe (dove si trovano Mandabe, Antsiraraka e la missione attuale di Anj\u00e0) e del Melaky (dove si trova Betanatanana). Nella progettazione e realizzazione degli interventi, attivati sempre ed esclusivamente da partner locali in accordo con l\u2019Ecar di competenza, \u00e8 posta particolare attenzione alla cultura malgascia, affinch\u00e9 siano sempre rispettati gli usi e le tradizioni.<br \/>\nPer il perseguimento dei propri fini, l\u2019Associazione svolge attivit\u00e0 di beneficenza, attivando programmi d\u2019informazione, comunicazione e promozione finalizzati alla raccolta di fondi.<br \/>\nL\u2019Associazione non svolge attivit\u00e0 diverse da quelle istituzionali, ad eccezione di quelle ad esse direttamente connesse, \u00e8 apartitica, non ammette discriminazioni di razza, sesso, religione, ideologia politica ed esclude qualsiasi fine commerciale o di lucro agendo esclusivamente per solidariet\u00e0 sociale. Fanno parte dell\u2019Associazione gli Amici della Missione che la sostengono con donazioni mirate o libere, adozioni a distanza e\/o attivit\u00e0 di volontariato.<br \/>\nL\u2019Associazione, infatti, vuole essere un ponte ideale tra chi, qui in Italia, desidera aiutare quelle popolazioni e chi, l\u00e0 in Madagascar, con spirito di sacrificio e di donazione, le sta accompagnando verso una crescita umana, sociale e spirituale, vivendo con loro e condividendo difficolt\u00e0 e gioie.<\/p>\n","protected":false},"excerpt":{"rendered":"<p>L\u2019Associazione Progetti Ecar Mandabe Onlus (Ecar sta per Eglise Catholique Apostolique Romain e Mandabe \u00e8 il villaggio in cui \u00e8 stata avviata la nostra missione e dove don Riccardo Simionato ha vissuto e operato dal 2000 al 2012) \u00e8 stata costituita nel 2002 come associazione di volontariato, quale risposta alla &#8230;<\/p>\n","protected":false},"author":1,"featured_media":0,"parent":0,"menu_order":0,"comment_status":"closed","ping_status":"open","template":"template-full-width.php","meta":{"footnotes":""},"_links":{"self":[{"href":"https:\/\/www.mandabe.org\/index.php?rest_route=\/wp\/v2\/pages\/42"}],"collection":[{"href":"https:\/\/www.mandabe.org\/index.php?rest_route=\/wp\/v2\/pages"}],"about":[{"href":"https:\/\/www.mandabe.org\/index.php?rest_route=\/wp\/v2\/types\/page"}],"author":[{"embeddable":true,"href":"https:\/\/www.mandabe.org\/index.php?rest_route=\/wp\/v2\/users\/1"}],"replies":[{"embeddable":true,"href":"https:\/\/www.mandabe.org\/index.php?rest_route=%2Fwp%2Fv2%2Fcomments&post=42"}],"version-history":[{"count":3,"href":"https:\/\/www.mandabe.org\/index.php?rest_route=\/wp\/v2\/pages\/42\/revisions"}],"predecessor-version":[{"id":5074,"href":"https:\/\/www.mandabe.org\/index.php?rest_route=\/wp\/v2\/pages\/42\/revisions\/5074"}],"wp:attachment":[{"href":"https:\/\/www.mandabe.org\/index.php?rest_route=%2Fwp%2Fv2%2Fmedia&parent=42"}],"curies":[{"name":"wp","href":"https:\/\/api.w.org\/{rel}","templated":true}]}}