{"id":4246,"date":"2020-04-26T17:32:49","date_gmt":"2020-04-26T15:32:49","guid":{"rendered":"http:\/\/www.mandabe.org\/?page_id=4246"},"modified":"2020-04-26T17:38:47","modified_gmt":"2020-04-26T15:38:47","slug":"galleria-fotografica-cattedrale-di-morondava","status":"publish","type":"page","link":"https:\/\/www.mandabe.org\/?page_id=4246","title":{"rendered":"Galleria fotografica: Cattedrale di Morondava"},"content":{"rendered":"<p><span style=\"color: #000000; font-family: arial,helvetica,sans-serif; font-size: 12pt;\">Nel mese di ottobre 2019 si sono conclusi i lavori per la costruzione della nuova cattedrale della diocesi di Morondava; conclusi i lavori, \u00e8 stato organizzato un momento di festa con tutti i lavoratori che hanno partecipato e Monsignor Fabien ha voluto pranzare insieme a loro.<\/span><\/p>\n<p><span style=\"color: #000000; font-family: arial,helvetica,sans-serif; font-size: 12pt;\">Successivamente ha avuto luogo l\u2019inaugurazione ufficiale, avvenuta in forma solenne: sono stati invitati tutti i vescovi del Madagascar e alla cerimonia era presente anche il Presidente della Repubblica: \u00e8 bello vedere la grande partecipazione di popolo, come dimostrano le fotografie, non solo persone di Morondava ma da tutta la diocesi, Antsiraraka compresa! Si vede davvero la partecipazione dei cristiani alla vita della diocesi.<\/span><\/p>\n<p><span style=\"color: #000000; font-family: arial,helvetica,sans-serif; font-size: 12pt;\">Qui di seguito alcune foto dei lavori (molto interessanti sono le impalcature interne e non da meno sono le opere del pittore locale che ha saputo tradurre secondo la cultura malgascia alcune immagini della vita di Ges\u00f9 (ad esempio la pesca miracolosa in cui si pu\u00f2 notare la rappresentazione di Ges\u00f9 con il colore della pelle scura, oppure la Sacra Famiglia che ben rappresenta una tipica scena di vita all\u2019interno dei cortili \u2013 si vede il fuoco acceso e la capanna); notevole \u00e8 anche il luogo in cui \u00e8 stato incastonato il tabernacolo: il tronco di un baobab! <\/span><\/p>\n<p><span style=\"color: #000000; font-family: arial,helvetica,sans-serif; font-size: 12pt;\">Molto curiosa \u00e8 la struttura, rotonda, che rappresenta la forma delle capanne tradizionali.<\/span><\/p>\n\n\t\t<div id='gallery-1' class='gallery galleryid-4246 gallery-columns-4 gallery-size-thumbnail gallery-link-attachment'><figure class='gallery-item'>\n\t\t\t<span class='gallery-icon'>\n\t\t\t\t<a rel='attachment' href='https:\/\/www.mandabe.org\/?attachment_id=4250'><img loading=\"lazy\" decoding=\"async\" width=\"150\" height=\"150\" src=\"https:\/\/www.mandabe.org\/wp-content\/uploads\/2020\/04\/110-150x150.jpg\" class=\"attachment-thumbnail size-thumbnail\" alt=\"\" srcset=\"https:\/\/www.mandabe.org\/wp-content\/uploads\/2020\/04\/110-150x150.jpg 150w, https:\/\/www.mandabe.org\/wp-content\/uploads\/2020\/04\/110-100x100.jpg 100w\" sizes=\"(max-width: 150px) 100vw, 150px\" \/><\/a>\n\t\t\t<\/span><\/figure><figure class='gallery-item'>\n\t\t\t<span class='gallery-icon'>\n\t\t\t\t<a rel='attachment' href='https:\/\/www.mandabe.org\/?attachment_id=4254'><img loading=\"lazy\" decoding=\"async\" width=\"150\" height=\"150\" src=\"https:\/\/www.mandabe.org\/wp-content\/uploads\/2020\/04\/51-150x150.jpg\" class=\"attachment-thumbnail size-thumbnail\" alt=\"\" srcset=\"https:\/\/www.mandabe.org\/wp-content\/uploads\/2020\/04\/51-150x150.jpg 150w, https:\/\/www.mandabe.org\/wp-content\/uploads\/2020\/04\/51-100x100.jpg 100w\" sizes=\"(max-width: 150px) 100vw, 150px\" \/><\/a>\n\t\t\t<\/span><\/figure><figure class='gallery-item'>\n\t\t\t<span class='gallery-icon'>\n\t\t\t\t<a rel='attachment' href='https:\/\/www.mandabe.org\/?attachment_id=4253'><img loading=\"lazy\" decoding=\"async\" width=\"150\" height=\"150\" src=\"https:\/\/www.mandabe.org\/wp-content\/uploads\/2020\/04\/41-150x150.jpg\" class=\"attachment-thumbnail size-thumbnail\" alt=\"\" srcset=\"https:\/\/www.mandabe.org\/wp-content\/uploads\/2020\/04\/41-150x150.jpg 150w, https:\/\/www.mandabe.org\/wp-content\/uploads\/2020\/04\/41-100x100.jpg 100w\" sizes=\"(max-width: 150px) 100vw, 150px\" \/><\/a>\n\t\t\t<\/span><\/figure><figure class='gallery-item'>\n\t\t\t<span class='gallery-icon'>\n\t\t\t\t<a rel='attachment' href='https:\/\/www.mandabe.org\/?attachment_id=4252'><img loading=\"lazy\" decoding=\"async\" width=\"150\" height=\"150\" src=\"https:\/\/www.mandabe.org\/wp-content\/uploads\/2020\/04\/31-150x150.jpg\" class=\"attachment-thumbnail size-thumbnail\" alt=\"\" srcset=\"https:\/\/www.mandabe.org\/wp-content\/uploads\/2020\/04\/31-150x150.jpg 150w, https:\/\/www.mandabe.org\/wp-content\/uploads\/2020\/04\/31-100x100.jpg 100w\" sizes=\"(max-width: 150px) 100vw, 150px\" \/><\/a>\n\t\t\t<\/span><\/figure><br style=\"clear: both\" \/><figure class='gallery-item'>\n\t\t\t<span class='gallery-icon'>\n\t\t\t\t<a rel='attachment' href='https:\/\/www.mandabe.org\/?attachment_id=4251'><img loading=\"lazy\" decoding=\"async\" width=\"150\" height=\"150\" src=\"https:\/\/www.mandabe.org\/wp-content\/uploads\/2020\/04\/210-150x150.jpg\" class=\"attachment-thumbnail size-thumbnail\" alt=\"\" srcset=\"https:\/\/www.mandabe.org\/wp-content\/uploads\/2020\/04\/210-150x150.jpg 150w, https:\/\/www.mandabe.org\/wp-content\/uploads\/2020\/04\/210-100x100.jpg 100w\" sizes=\"(max-width: 150px) 100vw, 150px\" \/><\/a>\n\t\t\t<\/span><\/figure><figure class='gallery-item'>\n\t\t\t<span class='gallery-icon'>\n\t\t\t\t<a rel='attachment' href='https:\/\/www.mandabe.org\/?attachment_id=4255'><img loading=\"lazy\" decoding=\"async\" width=\"150\" height=\"150\" src=\"https:\/\/www.mandabe.org\/wp-content\/uploads\/2020\/04\/71-150x150.jpg\" class=\"attachment-thumbnail size-thumbnail\" alt=\"\" srcset=\"https:\/\/www.mandabe.org\/wp-content\/uploads\/2020\/04\/71-150x150.jpg 150w, https:\/\/www.mandabe.org\/wp-content\/uploads\/2020\/04\/71-100x100.jpg 100w\" sizes=\"(max-width: 150px) 100vw, 150px\" \/><\/a>\n\t\t\t<\/span><\/figure><figure class='gallery-item'>\n\t\t\t<span class='gallery-icon'>\n\t\t\t\t<a rel='attachment' href='https:\/\/www.mandabe.org\/?attachment_id=4256'><img loading=\"lazy\" decoding=\"async\" width=\"150\" height=\"150\" src=\"https:\/\/www.mandabe.org\/wp-content\/uploads\/2020\/04\/81-150x150.jpg\" class=\"attachment-thumbnail size-thumbnail\" alt=\"\" srcset=\"https:\/\/www.mandabe.org\/wp-content\/uploads\/2020\/04\/81-150x150.jpg 150w, https:\/\/www.mandabe.org\/wp-content\/uploads\/2020\/04\/81-100x100.jpg 100w\" sizes=\"(max-width: 150px) 100vw, 150px\" \/><\/a>\n\t\t\t<\/span><\/figure><figure class='gallery-item'>\n\t\t\t<span class='gallery-icon'>\n\t\t\t\t<a rel='attachment' href='https:\/\/www.mandabe.org\/?attachment_id=4257'><img loading=\"lazy\" decoding=\"async\" width=\"150\" height=\"150\" src=\"https:\/\/www.mandabe.org\/wp-content\/uploads\/2020\/04\/91-150x150.jpg\" class=\"attachment-thumbnail size-thumbnail\" alt=\"\" srcset=\"https:\/\/www.mandabe.org\/wp-content\/uploads\/2020\/04\/91-150x150.jpg 150w, https:\/\/www.mandabe.org\/wp-content\/uploads\/2020\/04\/91-100x100.jpg 100w\" sizes=\"(max-width: 150px) 100vw, 150px\" \/><\/a>\n\t\t\t<\/span><\/figure><br style=\"clear: both\" \/><figure class='gallery-item'>\n\t\t\t<span class='gallery-icon'>\n\t\t\t\t<a rel='attachment' href='https:\/\/www.mandabe.org\/?attachment_id=4259'><img loading=\"lazy\" decoding=\"async\" width=\"150\" height=\"150\" src=\"https:\/\/www.mandabe.org\/wp-content\/uploads\/2020\/04\/101-150x150.jpg\" class=\"attachment-thumbnail size-thumbnail\" alt=\"\" srcset=\"https:\/\/www.mandabe.org\/wp-content\/uploads\/2020\/04\/101-150x150.jpg 150w, https:\/\/www.mandabe.org\/wp-content\/uploads\/2020\/04\/101-100x100.jpg 100w\" sizes=\"(max-width: 150px) 100vw, 150px\" \/><\/a>\n\t\t\t<\/span><\/figure><figure class='gallery-item'>\n\t\t\t<span class='gallery-icon'>\n\t\t\t\t<a rel='attachment' href='https:\/\/www.mandabe.org\/?attachment_id=4260'><img loading=\"lazy\" decoding=\"async\" width=\"150\" height=\"150\" src=\"https:\/\/www.mandabe.org\/wp-content\/uploads\/2020\/04\/111-150x150.jpg\" class=\"attachment-thumbnail size-thumbnail\" alt=\"\" srcset=\"https:\/\/www.mandabe.org\/wp-content\/uploads\/2020\/04\/111-150x150.jpg 150w, https:\/\/www.mandabe.org\/wp-content\/uploads\/2020\/04\/111-100x100.jpg 100w\" sizes=\"(max-width: 150px) 100vw, 150px\" \/><\/a>\n\t\t\t<\/span><\/figure><figure class='gallery-item'>\n\t\t\t<span class='gallery-icon'>\n\t\t\t\t<a rel='attachment' href='https:\/\/www.mandabe.org\/?attachment_id=4261'><img loading=\"lazy\" decoding=\"async\" width=\"150\" height=\"150\" src=\"https:\/\/www.mandabe.org\/wp-content\/uploads\/2020\/04\/121-150x150.jpg\" class=\"attachment-thumbnail size-thumbnail\" alt=\"\" srcset=\"https:\/\/www.mandabe.org\/wp-content\/uploads\/2020\/04\/121-150x150.jpg 150w, https:\/\/www.mandabe.org\/wp-content\/uploads\/2020\/04\/121-100x100.jpg 100w\" sizes=\"(max-width: 150px) 100vw, 150px\" \/><\/a>\n\t\t\t<\/span><\/figure><figure class='gallery-item'>\n\t\t\t<span class='gallery-icon'>\n\t\t\t\t<a rel='attachment' href='https:\/\/www.mandabe.org\/?attachment_id=4262'><img loading=\"lazy\" decoding=\"async\" width=\"150\" height=\"150\" src=\"https:\/\/www.mandabe.org\/wp-content\/uploads\/2020\/04\/131-150x150.jpg\" class=\"attachment-thumbnail size-thumbnail\" alt=\"\" srcset=\"https:\/\/www.mandabe.org\/wp-content\/uploads\/2020\/04\/131-150x150.jpg 150w, https:\/\/www.mandabe.org\/wp-content\/uploads\/2020\/04\/131-100x100.jpg 100w\" sizes=\"(max-width: 150px) 100vw, 150px\" \/><\/a>\n\t\t\t<\/span><\/figure><br style=\"clear: both\" \/><figure class='gallery-item'>\n\t\t\t<span class='gallery-icon'>\n\t\t\t\t<a rel='attachment' href='https:\/\/www.mandabe.org\/?attachment_id=4263'><img loading=\"lazy\" decoding=\"async\" width=\"150\" height=\"150\" src=\"https:\/\/www.mandabe.org\/wp-content\/uploads\/2020\/04\/141-150x150.jpg\" class=\"attachment-thumbnail size-thumbnail\" alt=\"\" srcset=\"https:\/\/www.mandabe.org\/wp-content\/uploads\/2020\/04\/141-150x150.jpg 150w, https:\/\/www.mandabe.org\/wp-content\/uploads\/2020\/04\/141-100x100.jpg 100w\" sizes=\"(max-width: 150px) 100vw, 150px\" \/><\/a>\n\t\t\t<\/span><\/figure><figure class='gallery-item'>\n\t\t\t<span class='gallery-icon'>\n\t\t\t\t<a rel='attachment' href='https:\/\/www.mandabe.org\/?attachment_id=4258'><img loading=\"lazy\" decoding=\"async\" width=\"150\" height=\"150\" src=\"https:\/\/www.mandabe.org\/wp-content\/uploads\/2020\/04\/61-150x150.jpg\" class=\"attachment-thumbnail size-thumbnail\" alt=\"\" srcset=\"https:\/\/www.mandabe.org\/wp-content\/uploads\/2020\/04\/61-150x150.jpg 150w, https:\/\/www.mandabe.org\/wp-content\/uploads\/2020\/04\/61-100x100.jpg 100w\" sizes=\"(max-width: 150px) 100vw, 150px\" \/><\/a>\n\t\t\t<\/span><\/figure><figure class='gallery-item'>\n\t\t\t<span class='gallery-icon'>\n\t\t\t\t<a rel='attachment' href='https:\/\/www.mandabe.org\/?attachment_id=4264'><img loading=\"lazy\" decoding=\"async\" width=\"150\" height=\"150\" src=\"https:\/\/www.mandabe.org\/wp-content\/uploads\/2020\/04\/151-150x150.jpg\" class=\"attachment-thumbnail size-thumbnail\" alt=\"\" srcset=\"https:\/\/www.mandabe.org\/wp-content\/uploads\/2020\/04\/151-150x150.jpg 150w, https:\/\/www.mandabe.org\/wp-content\/uploads\/2020\/04\/151-100x100.jpg 100w\" sizes=\"(max-width: 150px) 100vw, 150px\" \/><\/a>\n\t\t\t<\/span><\/figure><figure class='gallery-item'>\n\t\t\t<span class='gallery-icon'>\n\t\t\t\t<a rel='attachment' href='https:\/\/www.mandabe.org\/?attachment_id=4265'><img loading=\"lazy\" decoding=\"async\" width=\"150\" height=\"150\" src=\"https:\/\/www.mandabe.org\/wp-content\/uploads\/2020\/04\/161-150x150.jpg\" class=\"attachment-thumbnail size-thumbnail\" alt=\"\" srcset=\"https:\/\/www.mandabe.org\/wp-content\/uploads\/2020\/04\/161-150x150.jpg 150w, https:\/\/www.mandabe.org\/wp-content\/uploads\/2020\/04\/161-100x100.jpg 100w\" sizes=\"(max-width: 150px) 100vw, 150px\" \/><\/a>\n\t\t\t<\/span><\/figure><br style=\"clear: both\" \/><figure class='gallery-item'>\n\t\t\t<span class='gallery-icon'>\n\t\t\t\t<a rel='attachment' href='https:\/\/www.mandabe.org\/?attachment_id=4266'><img loading=\"lazy\" decoding=\"async\" width=\"150\" height=\"150\" src=\"https:\/\/www.mandabe.org\/wp-content\/uploads\/2020\/04\/171-150x150.jpg\" class=\"attachment-thumbnail size-thumbnail\" alt=\"\" srcset=\"https:\/\/www.mandabe.org\/wp-content\/uploads\/2020\/04\/171-150x150.jpg 150w, https:\/\/www.mandabe.org\/wp-content\/uploads\/2020\/04\/171-100x100.jpg 100w\" sizes=\"(max-width: 150px) 100vw, 150px\" \/><\/a>\n\t\t\t<\/span><\/figure><figure class='gallery-item'>\n\t\t\t<span class='gallery-icon'>\n\t\t\t\t<a rel='attachment' href='https:\/\/www.mandabe.org\/?attachment_id=4267'><img loading=\"lazy\" decoding=\"async\" width=\"150\" height=\"150\" src=\"https:\/\/www.mandabe.org\/wp-content\/uploads\/2020\/04\/181-150x150.jpg\" class=\"attachment-thumbnail size-thumbnail\" alt=\"\" srcset=\"https:\/\/www.mandabe.org\/wp-content\/uploads\/2020\/04\/181-150x150.jpg 150w, https:\/\/www.mandabe.org\/wp-content\/uploads\/2020\/04\/181-100x100.jpg 100w\" sizes=\"(max-width: 150px) 100vw, 150px\" \/><\/a>\n\t\t\t<\/span><\/figure><figure class='gallery-item'>\n\t\t\t<span class='gallery-icon'>\n\t\t\t\t<a rel='attachment' href='https:\/\/www.mandabe.org\/?attachment_id=4268'><img loading=\"lazy\" decoding=\"async\" width=\"150\" height=\"150\" src=\"https:\/\/www.mandabe.org\/wp-content\/uploads\/2020\/04\/191-150x150.jpg\" class=\"attachment-thumbnail size-thumbnail\" alt=\"\" srcset=\"https:\/\/www.mandabe.org\/wp-content\/uploads\/2020\/04\/191-150x150.jpg 150w, https:\/\/www.mandabe.org\/wp-content\/uploads\/2020\/04\/191-100x100.jpg 100w\" sizes=\"(max-width: 150px) 100vw, 150px\" \/><\/a>\n\t\t\t<\/span><\/figure><figure class='gallery-item'>\n\t\t\t<span class='gallery-icon'>\n\t\t\t\t<a rel='attachment' href='https:\/\/www.mandabe.org\/?attachment_id=4269'><img loading=\"lazy\" decoding=\"async\" width=\"150\" height=\"150\" src=\"https:\/\/www.mandabe.org\/wp-content\/uploads\/2020\/04\/201-150x150.jpg\" class=\"attachment-thumbnail size-thumbnail\" alt=\"\" srcset=\"https:\/\/www.mandabe.org\/wp-content\/uploads\/2020\/04\/201-150x150.jpg 150w, https:\/\/www.mandabe.org\/wp-content\/uploads\/2020\/04\/201-100x100.jpg 100w\" sizes=\"(max-width: 150px) 100vw, 150px\" \/><\/a>\n\t\t\t<\/span><\/figure><br style=\"clear: both\" \/><figure class='gallery-item'>\n\t\t\t<span class='gallery-icon'>\n\t\t\t\t<a rel='attachment' href='https:\/\/www.mandabe.org\/?attachment_id=4270'><img loading=\"lazy\" decoding=\"async\" width=\"150\" height=\"150\" src=\"https:\/\/www.mandabe.org\/wp-content\/uploads\/2020\/04\/211-150x150.jpg\" class=\"attachment-thumbnail size-thumbnail\" alt=\"\" srcset=\"https:\/\/www.mandabe.org\/wp-content\/uploads\/2020\/04\/211-150x150.jpg 150w, https:\/\/www.mandabe.org\/wp-content\/uploads\/2020\/04\/211-100x100.jpg 100w\" sizes=\"(max-width: 150px) 100vw, 150px\" \/><\/a>\n\t\t\t<\/span><\/figure><figure class='gallery-item'>\n\t\t\t<span class='gallery-icon'>\n\t\t\t\t<a rel='attachment' href='https:\/\/www.mandabe.org\/?attachment_id=4271'><img loading=\"lazy\" decoding=\"async\" width=\"150\" height=\"150\" src=\"https:\/\/www.mandabe.org\/wp-content\/uploads\/2020\/04\/221-150x150.jpg\" class=\"attachment-thumbnail size-thumbnail\" alt=\"\" srcset=\"https:\/\/www.mandabe.org\/wp-content\/uploads\/2020\/04\/221-150x150.jpg 150w, https:\/\/www.mandabe.org\/wp-content\/uploads\/2020\/04\/221-100x100.jpg 100w\" sizes=\"(max-width: 150px) 100vw, 150px\" \/><\/a>\n\t\t\t<\/span><\/figure><figure class='gallery-item'>\n\t\t\t<span class='gallery-icon'>\n\t\t\t\t<a rel='attachment' href='https:\/\/www.mandabe.org\/?attachment_id=4272'><img loading=\"lazy\" decoding=\"async\" width=\"150\" height=\"150\" src=\"https:\/\/www.mandabe.org\/wp-content\/uploads\/2020\/04\/231-150x150.jpg\" class=\"attachment-thumbnail size-thumbnail\" alt=\"\" srcset=\"https:\/\/www.mandabe.org\/wp-content\/uploads\/2020\/04\/231-150x150.jpg 150w, https:\/\/www.mandabe.org\/wp-content\/uploads\/2020\/04\/231-100x100.jpg 100w\" sizes=\"(max-width: 150px) 100vw, 150px\" \/><\/a>\n\t\t\t<\/span><\/figure><figure class='gallery-item'>\n\t\t\t<span class='gallery-icon'>\n\t\t\t\t<a rel='attachment' href='https:\/\/www.mandabe.org\/?attachment_id=4273'><img loading=\"lazy\" decoding=\"async\" width=\"150\" height=\"150\" src=\"https:\/\/www.mandabe.org\/wp-content\/uploads\/2020\/04\/241-150x150.jpg\" class=\"attachment-thumbnail size-thumbnail\" alt=\"\" srcset=\"https:\/\/www.mandabe.org\/wp-content\/uploads\/2020\/04\/241-150x150.jpg 150w, https:\/\/www.mandabe.org\/wp-content\/uploads\/2020\/04\/241-100x100.jpg 100w\" sizes=\"(max-width: 150px) 100vw, 150px\" \/><\/a>\n\t\t\t<\/span><\/figure><br style=\"clear: both\" \/><figure class='gallery-item'>\n\t\t\t<span class='gallery-icon'>\n\t\t\t\t<a rel='attachment' href='https:\/\/www.mandabe.org\/?attachment_id=4274'><img loading=\"lazy\" decoding=\"async\" width=\"150\" height=\"150\" src=\"https:\/\/www.mandabe.org\/wp-content\/uploads\/2020\/04\/251-150x150.jpg\" class=\"attachment-thumbnail size-thumbnail\" alt=\"\" srcset=\"https:\/\/www.mandabe.org\/wp-content\/uploads\/2020\/04\/251-150x150.jpg 150w, https:\/\/www.mandabe.org\/wp-content\/uploads\/2020\/04\/251-100x100.jpg 100w\" sizes=\"(max-width: 150px) 100vw, 150px\" \/><\/a>\n\t\t\t<\/span><\/figure><figure class='gallery-item'>\n\t\t\t<span class='gallery-icon'>\n\t\t\t\t<a rel='attachment' href='https:\/\/www.mandabe.org\/?attachment_id=4247'><img loading=\"lazy\" decoding=\"async\" width=\"150\" height=\"150\" src=\"https:\/\/www.mandabe.org\/wp-content\/uploads\/2020\/04\/261-150x150.jpg\" class=\"attachment-thumbnail size-thumbnail\" alt=\"\" srcset=\"https:\/\/www.mandabe.org\/wp-content\/uploads\/2020\/04\/261-150x150.jpg 150w, https:\/\/www.mandabe.org\/wp-content\/uploads\/2020\/04\/261-100x100.jpg 100w\" sizes=\"(max-width: 150px) 100vw, 150px\" \/><\/a>\n\t\t\t<\/span><\/figure><figure class='gallery-item'>\n\t\t\t<span class='gallery-icon'>\n\t\t\t\t<a rel='attachment' href='https:\/\/www.mandabe.org\/?attachment_id=4248'><img loading=\"lazy\" decoding=\"async\" width=\"150\" height=\"150\" src=\"https:\/\/www.mandabe.org\/wp-content\/uploads\/2020\/04\/271-150x150.jpg\" class=\"attachment-thumbnail size-thumbnail\" alt=\"\" srcset=\"https:\/\/www.mandabe.org\/wp-content\/uploads\/2020\/04\/271-150x150.jpg 150w, https:\/\/www.mandabe.org\/wp-content\/uploads\/2020\/04\/271-100x100.jpg 100w\" sizes=\"(max-width: 150px) 100vw, 150px\" \/><\/a>\n\t\t\t<\/span><\/figure><figure class='gallery-item'>\n\t\t\t<span class='gallery-icon'>\n\t\t\t\t<a rel='attachment' href='https:\/\/www.mandabe.org\/?attachment_id=4249'><img loading=\"lazy\" decoding=\"async\" width=\"150\" height=\"150\" src=\"https:\/\/www.mandabe.org\/wp-content\/uploads\/2020\/04\/281-150x150.jpg\" class=\"attachment-thumbnail size-thumbnail\" alt=\"\" srcset=\"https:\/\/www.mandabe.org\/wp-content\/uploads\/2020\/04\/281-150x150.jpg 150w, https:\/\/www.mandabe.org\/wp-content\/uploads\/2020\/04\/281-100x100.jpg 100w\" sizes=\"(max-width: 150px) 100vw, 150px\" \/><\/a>\n\t\t\t<\/span><\/figure><br style=\"clear: both\" \/>\n\t\t\t<div class='clear'><\/div>\n\t\t<\/div>\n\n<p>&nbsp;<\/p>\n","protected":false},"excerpt":{"rendered":"<p>Nel mese di ottobre 2019 si sono conclusi i lavori per la costruzione della nuova cattedrale della diocesi di Morondava; conclusi i lavori, \u00e8 stato organizzato un momento di festa con tutti i lavoratori che hanno partecipato e Monsignor Fabien ha voluto pranzare insieme a loro. Successivamente ha avuto luogo &#8230;<\/p>\n","protected":false},"author":1,"featured_media":0,"parent":0,"menu_order":0,"comment_status":"closed","ping_status":"closed","template":"","meta":{"footnotes":""},"_links":{"self":[{"href":"https:\/\/www.mandabe.org\/index.php?rest_route=\/wp\/v2\/pages\/4246"}],"collection":[{"href":"https:\/\/www.mandabe.org\/index.php?rest_route=\/wp\/v2\/pages"}],"about":[{"href":"https:\/\/www.mandabe.org\/index.php?rest_route=\/wp\/v2\/types\/page"}],"author":[{"embeddable":true,"href":"https:\/\/www.mandabe.org\/index.php?rest_route=\/wp\/v2\/users\/1"}],"replies":[{"embeddable":true,"href":"https:\/\/www.mandabe.org\/index.php?rest_route=%2Fwp%2Fv2%2Fcomments&post=4246"}],"version-history":[{"count":3,"href":"https:\/\/www.mandabe.org\/index.php?rest_route=\/wp\/v2\/pages\/4246\/revisions"}],"predecessor-version":[{"id":4277,"href":"https:\/\/www.mandabe.org\/index.php?rest_route=\/wp\/v2\/pages\/4246\/revisions\/4277"}],"wp:attachment":[{"href":"https:\/\/www.mandabe.org\/index.php?rest_route=%2Fwp%2Fv2%2Fmedia&parent=4246"}],"curies":[{"name":"wp","href":"https:\/\/api.w.org\/{rel}","templated":true}]}}