{"id":5078,"date":"2026-03-02T22:20:08","date_gmt":"2026-03-02T21:20:08","guid":{"rendered":"https:\/\/www.mandabe.org\/?page_id=5078"},"modified":"2026-03-02T22:20:08","modified_gmt":"2026-03-02T21:20:08","slug":"don-riccardo-simionato","status":"publish","type":"page","link":"https:\/\/www.mandabe.org\/?page_id=5078","title":{"rendered":"Don Riccardo Simionato"},"content":{"rendered":"\n<p>Don Riccardo Simionato: una vita spesa per il Madagascar<br \/>Don Riccardo Simionato \u00e8 in Madagascar dal 1981, prima come missionario orionino e poi, dal 2000, come sacerdote incardinato nella Diocesi di Morondava (distretto del Menabe). Per lui, essere missionario significa conoscere profondamente la cultura locale e inserirsi pienamente nella vita ordinaria dei malgasci, con tutto ci\u00f2 che ne comporta (zero, o quasi, comodit\u00e0). <br \/>Negli anni, don Riccardo ha vissuto e operato in diversi posti dell\u2019isola (da orionino a Anatihazo \u2013 periferia di Tananarive \u2013 e a Faratsiho; come sacerdote diocesano a Mandabe, a Betanatanana, a Antsiraraka e, ad oggi, a Anj\u00e0) e per poter capire meglio come far arrivare il Vangelo ha studiato molto, ha imparato le varie lingue locali e ha sempre cercato la relazione umana, facendo in modo che piano piano le persone imparassero a conoscerlo e a fidarsi di quel \u201cvaz\u00e0\u201d (termine malgascio che indica l\u2019uomo bianco, quasi in senso dispregiativo) venuto da chiss\u00e0 dove.<br \/>Veneto di origine, don Riccardo definisce la sua storia \u201cassolutamente normale\u201d: genitori molto credenti, una famiglia povera e molto unita, un\u2019educazione semplice ma con il costante allenamento al sacrificio e alla condivisione. <br \/>Durante gli anni del seminario ha avvertito il rischio dell\u2019abitudine, della vita senza \u201cscosse\u201d, perch\u00e9 era s\u00ec appassionato dallo studio ma si sentiva spegnere; trascorre cos\u00ec due anni a Vicenza in una Casa Orionina come assistente di alcuni ragazzi problematici e l\u00ec intuisce che avrebbe potuto percorrere un cammino diverso. In seguito, comincia gli studi di Teologia a Roma dove per\u00f2, poco dopo, perde entusiasmo e preferisce seguire corsi di Cinematografia al centro di Montemario; dopo il primo anno di Teologia, fa richiesta di trascorrere le vacanze estive con i disabili a Seregno (MB) e attraverso questa esperienza si rende conto di non avere alcuna competenza medico-sanitaria; a quel punto, decide di iscriversi al corso di infermiere al Policlinico Gemelli e, subito dopo, a un corso di medicina tropicale a Lione. <br \/>Avverte che la sua vita sta andando altrove e nel 1971 parte per la Costa d\u2019Avorio. <br \/>L\u00ec frequenta i corsi in seminario e contemporaneamente sente di doversi \u201crompere alla vita di missione\u201d. Da subito ha grandi responsabilit\u00e0 da gestire da solo e questo per lui rappresenta una grande scuola di vita. Sono anni di fuoco durante i quali si iscrive anche all\u2019Universit\u00e0 di Abidjan per conoscere meglio la cultura e le vicende dell\u2019Africa nera.<br \/>Nel 1977 rientra in Italia e si stabilisce a Milano dove passer\u00e0 anni meravigliosi e instaurer\u00e0 relazioni significative e durature. Nella parrocchia che lo ha accolto ricopre vari incarichi, dal responsabile corso fidanzati alla collaborazione per la catechesi dei ragazzi e in oratorio e conosce la coppia missionaria Angiola e Giancarlo Chailly.<br \/>Da questa bella e profonda amicizia nascer\u00e0 l\u2019Associazione Progetti Ecar Mandabe Onlus e si svilupperanno nuove collaborazioni e legami che continuano tutt\u2019ora.<br \/>La missione via via \u00e8 diventata \u201cla nostra missione\u201d con il contributo di tutti gli amici e i sostenitori.<\/p>\n<p>Dopo la realizzazione di tanti progetti a favore della popolazione locale, qualcuno un giorno ha fatto a don Riccardo la fatidica domanda, \u201cGli anni passano anche per te, cosa prevedi per il tuo futuro? Chi si occuper\u00e0 di te?\u201d. <br \/>Lui ha risposto cos\u00ec: \u201cDi certo non ho una congregazione che ci pensa e questa diocesi in cui sono non ha mezzi per poterlo fare. Anzich\u00e9 inquietarmene, penso sia meglio mettere il futuro nelle mani del mio \u201cDatore di lavoro\u201d. \u201cGuardate i gigli del campo, guardate gli uccelli dell\u2019aria\u201d \u2026 Non \u00e8 un invito a fidarsi totalmente di Lui? E nella Prima Lettera di San Pietro leggiamo: \u201cmettete in Lui ogni vostra preoccupazione, perch\u00e9 Egli ha cura di voi\u201d. Io credo proprio che ce la far\u00e0!\u201d<br \/>E ancora, \u201cQual \u00e8 un tuo desiderio, un sogno che coltivi?\u201d<br \/>\u201cChe ci sia qualcuno fra i giovani che conosco che si faccia missionario \u2026 Non come me, ma meglio di me. Vorrei che la mia presenza fra questa gente possa suscitare giovani che mettano la loro vita al servizio di Cristo e del loro popolo\u201d.<\/p>\n","protected":false},"excerpt":{"rendered":"<p>Don Riccardo Simionato: una vita spesa per il MadagascarDon Riccardo Simionato \u00e8 in Madagascar dal 1981, prima come missionario orionino e poi, dal 2000, come sacerdote incardinato nella Diocesi di Morondava (distretto del Menabe). Per lui, essere missionario significa conoscere profondamente la cultura locale e inserirsi pienamente nella vita ordinaria &#8230;<\/p>\n","protected":false},"author":4,"featured_media":0,"parent":0,"menu_order":0,"comment_status":"closed","ping_status":"closed","template":"","meta":{"footnotes":""},"_links":{"self":[{"href":"https:\/\/www.mandabe.org\/index.php?rest_route=\/wp\/v2\/pages\/5078"}],"collection":[{"href":"https:\/\/www.mandabe.org\/index.php?rest_route=\/wp\/v2\/pages"}],"about":[{"href":"https:\/\/www.mandabe.org\/index.php?rest_route=\/wp\/v2\/types\/page"}],"author":[{"embeddable":true,"href":"https:\/\/www.mandabe.org\/index.php?rest_route=\/wp\/v2\/users\/4"}],"replies":[{"embeddable":true,"href":"https:\/\/www.mandabe.org\/index.php?rest_route=%2Fwp%2Fv2%2Fcomments&post=5078"}],"version-history":[{"count":1,"href":"https:\/\/www.mandabe.org\/index.php?rest_route=\/wp\/v2\/pages\/5078\/revisions"}],"predecessor-version":[{"id":5079,"href":"https:\/\/www.mandabe.org\/index.php?rest_route=\/wp\/v2\/pages\/5078\/revisions\/5079"}],"wp:attachment":[{"href":"https:\/\/www.mandabe.org\/index.php?rest_route=%2Fwp%2Fv2%2Fmedia&parent=5078"}],"curies":[{"name":"wp","href":"https:\/\/api.w.org\/{rel}","templated":true}]}}