{"id":56,"date":"2014-04-17T22:23:53","date_gmt":"2014-04-17T20:23:53","guid":{"rendered":"http:\/\/www.mandabe.org\/?page_id=56"},"modified":"2014-10-20T21:14:39","modified_gmt":"2014-10-20T19:14:39","slug":"missione","status":"publish","type":"page","link":"https:\/\/www.mandabe.org\/?page_id=56","title":{"rendered":"REGIONE DEL MENABE (2000-2012)"},"content":{"rendered":"<p style=\"color: #5e593d;\"><span style=\"font-family: arial, helvetica, sans-serif; font-size: 12pt; color: #000000;\">I missionari cominciarono a frequentare la regione intorno al 1930. Ma fu solo nel 1970 che padre Repchick, un missionario americano di origine russa, cominci\u00f2 a risiedere proprio a Mandabe. La comunit\u00e0 cristiana conobbe un certo sviluppo. Vi furono aperti alcuni asili. Tuttavia fu soprattutto agli emigranti betsileo, venuti nella regione a cercare terre da coltivare cui si volsero le cure del missionario. Non ci fu quindi uno sforzo sufficiente di inculturazione nell\u2019annuncio del vangelo, cosi pure non fu tentato di portare il vangelo fra i bara dei villaggi attorno.<\/span><\/p>\n<p style=\"color: #5e593d;\"><span style=\"font-family: arial, helvetica, sans-serif; font-size: 12pt;\"><span style=\"color: #000000;\"><a href=\"https:\/\/www.mandabe.org\/wp-content\/uploads\/2014\/09\/IMAG0337-e1410206827795.jpg\"><img loading=\"lazy\" decoding=\"async\" class=\"alignleft wp-image-1846 size-thumbnail\" src=\"https:\/\/www.mandabe.org\/wp-content\/uploads\/2014\/09\/IMAG0337-e1410206827795-150x150.jpg\" alt=\"Exif-JPEG-422\" width=\"150\" height=\"150\" srcset=\"https:\/\/www.mandabe.org\/wp-content\/uploads\/2014\/09\/IMAG0337-e1410206827795-150x150.jpg 150w, https:\/\/www.mandabe.org\/wp-content\/uploads\/2014\/09\/IMAG0337-e1410206827795-100x100.jpg 100w\" sizes=\"(max-width: 150px) 100vw, 150px\" \/><\/a>Una quindicina di anni dopo, essendo partito il missionario, scomparve quasi tutto e la comunit\u00e0 cristiana di Mandabe ritorn\u00f2 a dimensioni molto, molto modeste (un centinaio di cristiani in tutto). Nell\u2019agosto 2000 il vescovo di Morondava riaperse la missione insediandovi padre Riccardo. Un lavoro immenso aspettava il nuovo missionario.<\/span><\/span><\/p>\n<p style=\"color: #5e593d;\"><span style=\"font-family: arial, helvetica, sans-serif; font-size: 12pt; color: #000000;\">Accanto agli stabili da risistemare c\u2019era soprattutto da iniziare l\u2019evangelizzazione orientandola per\u00f2 verso i bara, oramai gruppo etnico dominante (70% della popolazione).<\/span><\/p>\n<p style=\"color: #5e593d;\"><span style=\"font-family: arial, helvetica, sans-serif; font-size: 12pt;\"><span style=\"color: #000000;\"><a href=\"https:\/\/www.mandabe.org\/wp-content\/uploads\/2014\/09\/IMG_0681.jpg\"><img loading=\"lazy\" decoding=\"async\" class=\"alignright size-thumbnail wp-image-1810\" src=\"https:\/\/www.mandabe.org\/wp-content\/uploads\/2014\/09\/IMG_0681-150x150.jpg\" alt=\"IMG_0681\" width=\"150\" height=\"150\" srcset=\"https:\/\/www.mandabe.org\/wp-content\/uploads\/2014\/09\/IMG_0681-150x150.jpg 150w, https:\/\/www.mandabe.org\/wp-content\/uploads\/2014\/09\/IMG_0681-300x300.jpg 300w, https:\/\/www.mandabe.org\/wp-content\/uploads\/2014\/09\/IMG_0681-100x100.jpg 100w, https:\/\/www.mandabe.org\/wp-content\/uploads\/2014\/09\/IMG_0681.jpg 480w\" sizes=\"(max-width: 150px) 100vw, 150px\" \/><\/a>Si trattava per\u00f2 di ripensare ad un\u2019evangelizzazione che tenesse in considerazione la peculiarit\u00e0 della cultura bara, facendo molta attenzione a tutte quelle forme religiose in cui essa si esprime: i sacrifici, per esempio che accompagnano gli eventi pi\u00f9 importanti della vita del clan (la circoncisione, i matrimoni, i funerali ecc.); di capire il ruolo chiave del capo-clan (hazomanga).<\/span><\/span><\/p>\n<p style=\"color: #5e593d;\"><span style=\"font-family: arial, helvetica, sans-serif; font-size: 12pt; color: #000000;\">&#8230;che \u00e8 allo stesso tempo capo-famiglia, sacerdote e sacrificatore, poich\u00e9 \u00e8 a lui che vengono trasmessi il coltello per i sacrifici (viarara) e altri oggetti sacri. Bisogna altres\u00ec prendere molto in considerazione i tab\u00f9 (fady) e la tradizione (lilin-draza) che regolano la vita di ogni villaggio. E\u2019 logico che non si pu\u00f2 evangelizzare senza prima mettersi alla scuola degli anziani di ogni villaggio e di capire per quanto possibile l\u2019animo dei bara.<\/span><\/p>\n<div class=\"csRow\">\n<div class=\"csColumnGap\" style=\"margin: 0px; padding: 0px; float: left; width: 1.56%;\"><img decoding=\"async\" style=\"border: none;\" src=\"https:\/\/www.mandabe.org\/wp-content\/plugins\/advanced-wp-columns\/assets\/js\/plugins\/views\/img\/1x1-pixel.png\" alt=\"\" \/><\/div>\n<div class=\"csColumn\" style=\"margin: 0px; padding: 0px; float: left; width: 47.7%; text-align: center;\" data-csstartpoint=\"15.010415077209473\" data-csendpoint=\"472.4930739402771\" data-cswidth=\"47.7%\" data-csid=\"dd6af807-cbb0-a4df-aded-a59046c600cf\">\n<div id=\"attachment_660\" style=\"width: 310px\" class=\"wp-caption aligncenter\"><a title=\"MANDABE\" href=\"https:\/\/www.mandabe.org\/?page_id=65\"><img loading=\"lazy\" decoding=\"async\" aria-describedby=\"caption-attachment-660\" class=\"wp-image-660 size-medium\" src=\"https:\/\/www.mandabe.org\/wp-content\/uploads\/2014\/05\/mandabescuola04-300x202.jpg\" alt=\"mandabescuola04\" width=\"300\" height=\"202\" srcset=\"https:\/\/www.mandabe.org\/wp-content\/uploads\/2014\/05\/mandabescuola04-300x202.jpg 300w, https:\/\/www.mandabe.org\/wp-content\/uploads\/2014\/05\/mandabescuola04.jpg 589w\" sizes=\"(max-width: 300px) 100vw, 300px\" \/><\/a><p id=\"caption-attachment-660\" class=\"wp-caption-text\">Clicca qui per scoprire di pi\u00f9 sulla missione di Mandabe<\/p><\/div>\n<\/div>\n<div class=\"csColumnGap\" style=\"margin: 0px; padding: 0px; float: left; width: 1.56%;\"><img decoding=\"async\" style=\"border: none;\" src=\"https:\/\/www.mandabe.org\/wp-content\/plugins\/advanced-wp-columns\/assets\/js\/plugins\/views\/img\/1x1-pixel.png\" alt=\"\" \/><\/div>\n<div class=\"csColumn\" style=\"margin: 0px; padding: 0px; float: left; width: 47.7%; text-align: center;\" data-csstartpoint=\"487.5104684829712\" data-csendpoint=\"944.9930739402771\" data-cswidth=\"47.7%\" data-csid=\"3e0b6cd8-6c90-39ce-b113-baf9756ef275\">\n<div id=\"attachment_682\" style=\"width: 310px\" class=\"wp-caption aligncenter\"><a title=\"I VILLAGGI\" href=\"https:\/\/www.mandabe.org\/?page_id=62\"><img loading=\"lazy\" decoding=\"async\" aria-describedby=\"caption-attachment-682\" class=\"wp-image-682 size-medium\" src=\"https:\/\/www.mandabe.org\/wp-content\/uploads\/2014\/05\/berenty03-300x204.jpg\" alt=\"berenty03\" width=\"300\" height=\"204\" srcset=\"https:\/\/www.mandabe.org\/wp-content\/uploads\/2014\/05\/berenty03-300x204.jpg 300w, https:\/\/www.mandabe.org\/wp-content\/uploads\/2014\/05\/berenty03.jpg 600w\" sizes=\"(max-width: 300px) 100vw, 300px\" \/><\/a><p id=\"caption-attachment-682\" class=\"wp-caption-text\">Clicca qui per scoprire di pi\u00f9 sui villaggi vicini a Mandabe<\/p><\/div>\n<\/div>\n<div class=\"csColumnGap\" style=\"margin: 0px; padding: 0px; float: left; width: 1.56%;\"><img decoding=\"async\" style=\"border: none;\" src=\"https:\/\/www.mandabe.org\/wp-content\/plugins\/advanced-wp-columns\/assets\/js\/plugins\/views\/img\/1x1-pixel.png\" alt=\"\" \/><\/div>\n<div style=\"clear: both; float: none; display: block; visibility: hidden; width: 0px; font-size: 0px; line-height: 0;\"><\/div>\n<\/div>\n<div id=\"attachment_795\" style=\"width: 310px\" class=\"wp-caption aligncenter\"><a title=\"I CANALI\" href=\"https:\/\/www.mandabe.org\/?page_id=1429\"><img loading=\"lazy\" decoding=\"async\" aria-describedby=\"caption-attachment-795\" class=\"wp-image-795 size-medium\" src=\"https:\/\/www.mandabe.org\/wp-content\/uploads\/2014\/05\/ESS.-DE-1ERE-CRUE-e1400965674755-300x196.jpg\" alt=\"\" width=\"300\" height=\"196\" srcset=\"https:\/\/www.mandabe.org\/wp-content\/uploads\/2014\/05\/ESS.-DE-1ERE-CRUE-e1400965674755-300x196.jpg 300w, https:\/\/www.mandabe.org\/wp-content\/uploads\/2014\/05\/ESS.-DE-1ERE-CRUE-e1400965674755-700x459.jpg 700w, https:\/\/www.mandabe.org\/wp-content\/uploads\/2014\/05\/ESS.-DE-1ERE-CRUE-e1400965674755.jpg 1018w\" sizes=\"(max-width: 300px) 100vw, 300px\" \/><\/a><p id=\"caption-attachment-795\" class=\"wp-caption-text\">Clicca qui per scoprire di pi\u00f9 sui progetti relativi ai canali<\/p><\/div>\n","protected":false},"excerpt":{"rendered":"<p>I missionari cominciarono a frequentare la regione intorno al 1930. Ma fu solo nel 1970 che padre Repchick, un missionario americano di origine russa, cominci\u00f2 a risiedere proprio a Mandabe. La comunit\u00e0 cristiana conobbe un certo sviluppo. Vi furono aperti alcuni asili. Tuttavia fu soprattutto agli emigranti betsileo, venuti nella &#8230;<\/p>\n","protected":false},"author":1,"featured_media":0,"parent":0,"menu_order":0,"comment_status":"closed","ping_status":"open","template":"","meta":{"footnotes":""},"_links":{"self":[{"href":"https:\/\/www.mandabe.org\/index.php?rest_route=\/wp\/v2\/pages\/56"}],"collection":[{"href":"https:\/\/www.mandabe.org\/index.php?rest_route=\/wp\/v2\/pages"}],"about":[{"href":"https:\/\/www.mandabe.org\/index.php?rest_route=\/wp\/v2\/types\/page"}],"author":[{"embeddable":true,"href":"https:\/\/www.mandabe.org\/index.php?rest_route=\/wp\/v2\/users\/1"}],"replies":[{"embeddable":true,"href":"https:\/\/www.mandabe.org\/index.php?rest_route=%2Fwp%2Fv2%2Fcomments&post=56"}],"version-history":[{"count":12,"href":"https:\/\/www.mandabe.org\/index.php?rest_route=\/wp\/v2\/pages\/56\/revisions"}],"predecessor-version":[{"id":1905,"href":"https:\/\/www.mandabe.org\/index.php?rest_route=\/wp\/v2\/pages\/56\/revisions\/1905"}],"wp:attachment":[{"href":"https:\/\/www.mandabe.org\/index.php?rest_route=%2Fwp%2Fv2%2Fmedia&parent=56"}],"curies":[{"name":"wp","href":"https:\/\/api.w.org\/{rel}","templated":true}]}}