{"id":68,"date":"2014-04-17T22:26:33","date_gmt":"2014-04-17T20:26:33","guid":{"rendered":"http:\/\/www.mandabe.org\/?page_id=68"},"modified":"2016-04-13T09:15:50","modified_gmt":"2016-04-13T07:15:50","slug":"betanatanana","status":"publish","type":"page","link":"https:\/\/www.mandabe.org\/?page_id=68","title":{"rendered":"GLI INIZI"},"content":{"rendered":"<p><a href=\"https:\/\/www.mandabe.org\/wp-content\/uploads\/2014\/05\/IMG_0849.jpg\"><img loading=\"lazy\" decoding=\"async\" class=\"aligncenter wp-image-768 size-full\" src=\"https:\/\/www.mandabe.org\/wp-content\/uploads\/2014\/05\/IMG_0849.jpg\" alt=\"Betanatanana - ingresso paese\" width=\"480\" height=\"480\" srcset=\"https:\/\/www.mandabe.org\/wp-content\/uploads\/2014\/05\/IMG_0849.jpg 480w, https:\/\/www.mandabe.org\/wp-content\/uploads\/2014\/05\/IMG_0849-150x150.jpg 150w, https:\/\/www.mandabe.org\/wp-content\/uploads\/2014\/05\/IMG_0849-300x300.jpg 300w, https:\/\/www.mandabe.org\/wp-content\/uploads\/2014\/05\/IMG_0849-100x100.jpg 100w\" sizes=\"(max-width: 480px) 100vw, 480px\" \/><\/a> <span style=\"font-family: arial, helvetica, sans-serif; font-size: 12pt; color: #000000;\">La missione muove i suoi primi passi nel giugno 2013. Ricevendo l\u2019incarico di stabilirsi a Betanatanana don Riccardo sapeva bene che cominciava praticamente una missione da costruire\u00a0 ex novo. Nessun missionario ci aveva mai vissuto ed i cristiani ricevevano solo visite sporadiche dai sacerdoti trinitari di Maintirano.<a href=\"https:\/\/www.mandabe.org\/wp-content\/uploads\/2014\/05\/IMG_0927.jpg\"><span style=\"color: #000000;\"><img loading=\"lazy\" decoding=\"async\" class=\"alignleft size-thumbnail wp-image-769\" src=\"https:\/\/www.mandabe.org\/wp-content\/uploads\/2014\/05\/IMG_0927-150x150.jpg\" alt=\"IMG_0927\" width=\"150\" height=\"150\" srcset=\"https:\/\/www.mandabe.org\/wp-content\/uploads\/2014\/05\/IMG_0927-150x150.jpg 150w, https:\/\/www.mandabe.org\/wp-content\/uploads\/2014\/05\/IMG_0927-300x300.jpg 300w, https:\/\/www.mandabe.org\/wp-content\/uploads\/2014\/05\/IMG_0927-100x100.jpg 100w, https:\/\/www.mandabe.org\/wp-content\/uploads\/2014\/05\/IMG_0927.jpg 480w\" sizes=\"(max-width: 150px) 100vw, 150px\" \/><\/span><\/a> La famiglia che aveva vissuto nelle due stanzette della missione non aveva certo pensato alla loro manutenzione. Due classi di bambini erano in due aule malsane e pericolanti mentre altre due classi utilizzavano la chiesetta, separate da un tendone con ragazzi seduti sul cemento perch\u00e9 i banchi erano insufficienti. Il cortile della missione era il crocevia di venditori, taxi-brousse, zeb\u00f9, maiali, capre, cani ecc. Il pozzo, oramai insabbiato e mal tenuto, non dava che poca acqua, e sporca.<\/span> <span style=\"font-family: arial, helvetica, sans-serif; font-size: 12pt;\"><a href=\"https:\/\/www.mandabe.org\/wp-content\/uploads\/2014\/05\/IMG_0889.jpg\"><img loading=\"lazy\" decoding=\"async\" class=\"alignright size-thumbnail wp-image-774\" src=\"https:\/\/www.mandabe.org\/wp-content\/uploads\/2014\/05\/IMG_0889-150x150.jpg\" alt=\"IMG_0889\" width=\"150\" height=\"150\" srcset=\"https:\/\/www.mandabe.org\/wp-content\/uploads\/2014\/05\/IMG_0889-150x150.jpg 150w, https:\/\/www.mandabe.org\/wp-content\/uploads\/2014\/05\/IMG_0889-300x300.jpg 300w, https:\/\/www.mandabe.org\/wp-content\/uploads\/2014\/05\/IMG_0889-100x100.jpg 100w, https:\/\/www.mandabe.org\/wp-content\/uploads\/2014\/05\/IMG_0889.jpg 480w\" sizes=\"(max-width: 150px) 100vw, 150px\" \/><\/a><\/span><\/p>\n<p><span style=\"font-family: arial, helvetica, sans-serif; font-size: 12pt;\">Bisognava intervenire rapidamente per permettere al m<\/span><span style=\"font-family: arial, helvetica, sans-serif; font-size: 12pt;\">issionario di abitarci, consentire ai ragazzi di frequentare le classi in ambienti sani ed adeguati, dare alla comunit\u00e0 cristiana un luogo per pregare pulito e decoroso\u00a0ed\u00a0assicurare acqua pulita a tutti. <\/span><\/p>\n<p><span style=\"font-family: arial, helvetica, sans-serif; font-size: 12pt;\">Il progetto iniziale era ambizioso ma non aveva preso sufficientemente in considerazione che il terreno era \u201dun fazzoletto\u201d&#8230; che sarebbe stato ridotto ancor pi\u00f9 a causa dei prossimi lavori di allargamento della strada. Pertanto se fossero stati attuati i lavori cos\u00ec come programmati sarebbe sparito il cortiletto per i ragazzi. Ecco perch\u00e9 si \u00e8 reso imperioso il ridimensionamento del progetto iniziale e la ricerca febbrile di un altro terreno che permettesse la realizzazione della parte esclusa.<\/span> <span style=\"font-family: arial, helvetica, sans-serif; font-size: 12pt;\">\u00a0\u00a0<\/span><\/p>\n<p><span style=\"font-family: arial, helvetica, sans-serif; font-size: 12pt; color: #000000;\">Nel giugno\u00a0del 2013 sono iniziati i primi lavori che in tre mesi di intensa attivit\u00e0 hanno portato al completamento delle seguenti attivit\u00e0:<\/span><\/p>\n<ul>\n<li><span style=\"font-family: arial, helvetica, sans-serif; font-size: 12pt; color: #000000;\">recinzione del terreno della missione impedendone l\u2019uso abusivo e la libera circolazione degli animali;<\/span><\/li>\n<li><span style=\"font-family: arial, helvetica, sans-serif; font-size: 12pt; color: #000000;\">sistemazione provvisoria e ripulitura della chiesa con acquisto di nuovi banchi e materiale sacro;<\/span><\/li>\n<li><span style=\"font-family: arial, helvetica, sans-serif; font-size: 12pt; color: #000000;\">bonifica della stanza del missionario per renderla vivibile e acquisto del necessario per risiederci;<\/span><\/li>\n<li><span style=\"font-family: arial, helvetica, sans-serif; font-size: 12pt; color: #000000;\">creazione di tre locali: cucina, ufficio parrocchiale, magazzino;<\/span><\/li>\n<li><span style=\"font-family: arial, helvetica, sans-serif; font-size: 12pt; color: #000000;\">riattivazione del pozzo quasi secco e escavazione di un altro pozzo per la scuola;<\/span><\/li>\n<li><span style=\"font-family: arial, helvetica, sans-serif; font-size: 12pt; color: #000000;\">costruzione ex novo di 5 classi e di due alloggi per insegnanti con relativi servizi sanitari;<\/span><\/li>\n<li><span style=\"font-family: arial, helvetica, sans-serif; font-size: 12pt; color: #000000;\">acquisto di materiale scolastico, banchi, armadi, tavoli per insegnanti, lavagne.<\/span><\/li>\n<\/ul>\n<p><span style=\"font-family: arial, helvetica, sans-serif; font-size: 12pt; color: #000000;\">Nel 2014 nella missione in centro ci sono pi\u00f9 di 180 ragazzi che frequentano la scuola materna e le elementari.<\/span><\/p>\n<p><span style=\"font-family: arial, helvetica, sans-serif; font-size: 12pt; color: #000000;\"><a href=\"https:\/\/www.mandabe.org\/wp-content\/uploads\/2014\/04\/nuovo-terreno-betanatanana-e1404938636211.jpg\"><img loading=\"lazy\" decoding=\"async\" class=\"alignright wp-image-1539 size-medium\" src=\"https:\/\/www.mandabe.org\/wp-content\/uploads\/2014\/04\/nuovo-terreno-betanatanana-e1404938636211-300x212.jpg\" alt=\"\" width=\"300\" height=\"212\" srcset=\"https:\/\/www.mandabe.org\/wp-content\/uploads\/2014\/04\/nuovo-terreno-betanatanana-e1404938636211-300x212.jpg 300w, https:\/\/www.mandabe.org\/wp-content\/uploads\/2014\/04\/nuovo-terreno-betanatanana-e1404938636211-1024x725.jpg 1024w, https:\/\/www.mandabe.org\/wp-content\/uploads\/2014\/04\/nuovo-terreno-betanatanana-e1404938636211-700x495.jpg 700w, https:\/\/www.mandabe.org\/wp-content\/uploads\/2014\/04\/nuovo-terreno-betanatanana-e1404938636211.jpg 1760w\" sizes=\"(max-width: 300px) 100vw, 300px\" \/><\/a>Sempre nel giugno\u00a0del 2013 \u00e8 stato reperito ed acquistato un\u00a0nuovo terreno al limite del villaggio (un ettaro e mezzo circa), la cui pianta \u00e8 rappresentata nell&#8217;immagine qui a lato,<\/span><span style=\"font-family: arial, helvetica, sans-serif; font-size: 12pt; color: #000000;\">\u00a0da destinarsi alla costruzione della scuola elementare e\u00a0della scuola media con le necessarie infrastrutture. A causa della distanza si \u00e8 preferito che i bambini piccoli dell\u2019asilo e della prima elementare restassero nel terreno in centro.<\/span><\/p>\n<p><span style=\"font-family: arial, helvetica, sans-serif; font-size: 12pt; color: #000000;\">Qui il progetto prevedeva la graduale realizzazione delle seguenti opere:<\/span><\/p>\n<ul>\n<li><span style=\"font-family: arial, helvetica, sans-serif; font-size: 12pt; color: #000000;\">Lavori di bonifica del nuovo terreno per renderlo idoneo agli usi previsti (lavori di pulitura, sterramento, nonch\u00e9 le pratiche presso il demanio per accedere alla propriet\u00e0) \u00a0 \u00a0\u00a0<\/span><\/li>\n<li><span style=\"font-family: arial, helvetica, sans-serif; font-size: 12pt; color: #000000;\">Escavazione di tre pozzi.<\/span><\/li>\n<li><span style=\"font-family: arial, helvetica, sans-serif; font-size: 12pt; color: #000000;\">Costruzione di cinque classi per le\u00a0 elementari.<\/span><\/li>\n<li><span style=\"font-family: arial, helvetica, sans-serif; font-size: 12pt; color: #000000;\">Costruzione di quattro classi per la scuola media.<\/span><\/li>\n<li><span style=\"font-family: arial, helvetica, sans-serif; font-size: 12pt; color: #000000;\">Costruzione di quattro stanze per ufficio, sala insegnanti, magazzino, archivio.<\/span><\/li>\n<li><span style=\"font-family: arial, helvetica, sans-serif; font-size: 12pt; color: #000000;\">Costruzione di due blocchi di servizi sanitari.<\/span><\/li>\n<li><span style=\"font-family: arial, helvetica, sans-serif; font-size: 12pt; color: #000000;\">Costruzione di sei\u00a0abitazioni per insegnanti.<\/span><\/li>\n<li><span style=\"font-family: arial, helvetica, sans-serif; font-size: 12pt; color: #000000;\">Costruzione di una cucina per la refezione scolastica.<\/span><\/li>\n<li><span style=\"font-family: arial, helvetica, sans-serif; font-size: 12pt; color: #000000;\">Costruzione di un\u2019ampia sala riunioni.<\/span><\/li>\n<li><span style=\"font-family: arial, helvetica, sans-serif; font-size: 12pt; color: #000000;\">Realizzazione di campi di gioco per i ragazzi della scuola e per i giovani del paese.<\/span><\/li>\n<li><span style=\"font-family: arial, helvetica, sans-serif; font-size: 12pt; color: #000000;\">Costruzione di\u00a0 un ambulatorio (in previsione).<\/span><\/li>\n<li><span style=\"font-family: arial, helvetica, sans-serif; font-size: 12pt; color: #000000;\">Casa delle suore\u00a0 (in previsione).<\/span><\/li>\n<\/ul>\n<p><span style=\"font-family: arial, helvetica, sans-serif; font-size: 12pt; color: #000000;\">Questi progetti sono stati, in parte, rivisti in seguito all&#8217;ampliamento del terreno sia verso la strada provinciale (lato ovest), che verso il lato est. Questo ha consentito di allargare i cortili da giochi (spazi che i ragazzi di Betanatanana aspettano con impazienza), previo lo spostamento delle classi, e di aumentare il numero degli alloggi per gli insegnanti da sei a tredici. La planimetria qui sotto mostra il progetto rivisto:<\/span><\/p>\n<p><a href=\"https:\/\/www.mandabe.org\/wp-content\/uploads\/2014\/08\/Planimetria-aggiornata-agosto.jpg\"><img loading=\"lazy\" decoding=\"async\" class=\"aligncenter wp-image-1770 size-large\" src=\"https:\/\/www.mandabe.org\/wp-content\/uploads\/2014\/08\/Planimetria-aggiornata-agosto-1024x715.jpg\" alt=\"Planimetria aggiornata ad agosto 2014\" width=\"700\" height=\"488\" srcset=\"https:\/\/www.mandabe.org\/wp-content\/uploads\/2014\/08\/Planimetria-aggiornata-agosto-1024x715.jpg 1024w, https:\/\/www.mandabe.org\/wp-content\/uploads\/2014\/08\/Planimetria-aggiornata-agosto-300x209.jpg 300w, https:\/\/www.mandabe.org\/wp-content\/uploads\/2014\/08\/Planimetria-aggiornata-agosto-700x489.jpg 700w\" sizes=\"(max-width: 700px) 100vw, 700px\" \/><\/a><\/p>\n<p>&nbsp;<\/p>\n<p><span style=\"font-family: arial, helvetica, sans-serif; font-size: 12pt; color: #000000;\">I lavori sono iniziati a settembre 2013 con l&#8217;obiettivo di essere portati a termine entro agosto 2014.<\/span><\/p>\n<p><a href=\"https:\/\/www.mandabe.org\/wp-content\/uploads\/2014\/04\/ALLOGGI-INS-E-SANITARI.jpg\"><img loading=\"lazy\" decoding=\"async\" class=\"alignleft size-thumbnail wp-image-1540\" src=\"https:\/\/www.mandabe.org\/wp-content\/uploads\/2014\/04\/ALLOGGI-INS-E-SANITARI-150x150.jpg\" alt=\"ALLOGGI INS  E SANITARI\" width=\"150\" height=\"150\" srcset=\"https:\/\/www.mandabe.org\/wp-content\/uploads\/2014\/04\/ALLOGGI-INS-E-SANITARI-150x150.jpg 150w, https:\/\/www.mandabe.org\/wp-content\/uploads\/2014\/04\/ALLOGGI-INS-E-SANITARI-100x100.jpg 100w\" sizes=\"(max-width: 150px) 100vw, 150px\" \/><\/a><span style=\"font-family: arial, helvetica, sans-serif; font-size: 12pt; color: #000000;\">Nella prima fase\u00a0si \u00e8 proceduto alla pulitura del terreno, all&#8217;acquisto del materiale per edificare (ferro, cemento, sabbia e attrezzature di supporto)\u00a0e\u00a0al reperimento della mano d\u2019opera che, dati i tempi stretti, non sempre \u00e8 stata scelta ben preparata. Nonostante ci\u00f2,\u00a0entro dicembre gi\u00e0 si \u00e8 arrivati con il progetto in fase molto avanzata;\u00a0le classi quasi pronte, i servizi sanitari e la copertura dei manufatti previsti. <a href=\"https:\/\/www.mandabe.org\/wp-content\/uploads\/2014\/04\/IMG_1606.jpg\"><img loading=\"lazy\" decoding=\"async\" class=\"alignright size-thumbnail wp-image-1541\" src=\"https:\/\/www.mandabe.org\/wp-content\/uploads\/2014\/04\/IMG_1606-150x150.jpg\" alt=\"???????????????????????????????\" width=\"150\" height=\"150\" srcset=\"https:\/\/www.mandabe.org\/wp-content\/uploads\/2014\/04\/IMG_1606-150x150.jpg 150w, https:\/\/www.mandabe.org\/wp-content\/uploads\/2014\/04\/IMG_1606-100x100.jpg 100w\" sizes=\"(max-width: 150px) 100vw, 150px\" \/><\/a><\/span> <span style=\"font-family: arial, helvetica, sans-serif; font-size: 12pt; color: #000000;\">I lavori si sono interrotti da gennaio sino ad aprile, non essendo possibile edificare durante il periodo delle piogge. In quei mesi, quindi, sono rimasti solo alcuni muratori esperti per sistemare quanto non era stato fatto a regola d\u2019arte. <\/span><\/p>\n<p><a href=\"https:\/\/www.mandabe.org\/wp-content\/uploads\/2014\/04\/SC-MEDIA-lato-nord.jpg\"><img loading=\"lazy\" decoding=\"async\" class=\"alignleft size-thumbnail wp-image-1542\" src=\"https:\/\/www.mandabe.org\/wp-content\/uploads\/2014\/04\/SC-MEDIA-lato-nord-150x150.jpg\" alt=\"SC MEDIA  lato nord\" width=\"150\" height=\"150\" srcset=\"https:\/\/www.mandabe.org\/wp-content\/uploads\/2014\/04\/SC-MEDIA-lato-nord-150x150.jpg 150w, https:\/\/www.mandabe.org\/wp-content\/uploads\/2014\/04\/SC-MEDIA-lato-nord-100x100.jpg 100w\" sizes=\"(max-width: 150px) 100vw, 150px\" \/><\/a><span style=\"font-family: arial, helvetica, sans-serif; font-size: 12pt; color: #000000;\">Ad aprile 2014 i lavori sono ripartiti alacremente con la costruzione delle sale di supporto, degli alloggi per gli insegnanti ed il completamento delle rimanenti aule. <\/span><\/p>\n<p><span style=\"font-family: arial, helvetica, sans-serif; font-size: 12pt; color: #000000;\">Il progetto delle scuole in quest&#8217;area \u00e8 stato completato nei primi giorni del settembre\u00a02014, come programmato, assicurando cos\u00ec la frequenza all&#8217;anno scolastico,\u00a0sia dei ragazzi delle elementari che di quelli delle medie. Poco dopo, anche gli insegnanti si sono trasferiti\u00a0negli alloggi per loro predisposti.<\/span><\/p>\n<p><strong><em>La missione diventer\u00e0 fra non molto \u201cdistretto\u201d e cio\u00e8 unit\u00e0 pastorale con una decina di villaggi limitrofi e quindi bisogner\u00e0 disporre di strutture per accogliere la gente che verr\u00e0 per incontri, formazione, catechesi. Noi stiamo sempre attenti a che neppure \u201cun soldino\u201d vada\u00a0 perso o sprecato perch\u00e9 sappiamo benissimo che \u00e8\u00a0 frutto di rinunce e sacrifici vostri, a volte assai severi.<\/em><\/strong><\/p>\n<p><strong><em>Al Signore chiediamo la\u00a0 ricompensa di questa\u00a0 vostra generosit\u00e0.<\/em><\/strong><\/p>\n<p style=\"text-align: right;\"><strong><em>don Riccardo<\/em><\/strong><\/p>\n<p>&nbsp;<\/p>\n","protected":false},"excerpt":{"rendered":"<p>La missione muove i suoi primi passi nel giugno 2013. Ricevendo l\u2019incarico di stabilirsi a Betanatanana don Riccardo sapeva bene che cominciava praticamente una missione da costruire\u00a0 ex novo. Nessun missionario ci aveva mai vissuto ed i cristiani ricevevano solo visite sporadiche dai sacerdoti trinitari di Maintirano. La famiglia che &#8230;<\/p>\n","protected":false},"author":1,"featured_media":0,"parent":0,"menu_order":0,"comment_status":"closed","ping_status":"open","template":"template-content-sidebar.php","meta":{"footnotes":""},"_links":{"self":[{"href":"https:\/\/www.mandabe.org\/index.php?rest_route=\/wp\/v2\/pages\/68"}],"collection":[{"href":"https:\/\/www.mandabe.org\/index.php?rest_route=\/wp\/v2\/pages"}],"about":[{"href":"https:\/\/www.mandabe.org\/index.php?rest_route=\/wp\/v2\/types\/page"}],"author":[{"embeddable":true,"href":"https:\/\/www.mandabe.org\/index.php?rest_route=\/wp\/v2\/users\/1"}],"replies":[{"embeddable":true,"href":"https:\/\/www.mandabe.org\/index.php?rest_route=%2Fwp%2Fv2%2Fcomments&post=68"}],"version-history":[{"count":31,"href":"https:\/\/www.mandabe.org\/index.php?rest_route=\/wp\/v2\/pages\/68\/revisions"}],"predecessor-version":[{"id":3006,"href":"https:\/\/www.mandabe.org\/index.php?rest_route=\/wp\/v2\/pages\/68\/revisions\/3006"}],"wp:attachment":[{"href":"https:\/\/www.mandabe.org\/index.php?rest_route=%2Fwp%2Fv2%2Fmedia&parent=68"}],"curies":[{"name":"wp","href":"https:\/\/api.w.org\/{rel}","templated":true}]}}