{"id":74,"date":"2014-04-17T22:31:05","date_gmt":"2014-04-17T20:31:05","guid":{"rendered":"http:\/\/www.mandabe.org\/?page_id=74"},"modified":"2020-07-27T09:37:58","modified_gmt":"2020-07-27T07:37:58","slug":"donazioni","status":"publish","type":"page","link":"https:\/\/www.mandabe.org\/?page_id=74","title":{"rendered":"COME AIUTARCI"},"content":{"rendered":"<p><span style=\"font-family: arial, helvetica, sans-serif; font-size: 12pt;\"><em>La missione diventer\u00e0 fra non molto \u201cdistretto\u201d e cio\u00e8 unit\u00e0 pastorale con una decina di villaggi limitrofi e quindi bisogner\u00e0 disporre di strutture per accogliere la gente che verr\u00e0 per incontri, formazione, catechesi. Noi stiamo sempre attenti a che neppure \u201cun soldino\u201d vada perso o sprecato perch\u00e9 sappiamo benissimo che \u00e8 frutto di rinunce e sacrifici vostri, a volte assai severi. <\/em><\/span><\/p>\n<p><span style=\"font-family: arial, helvetica, sans-serif; font-size: 12pt;\"><em>Al Signore chiediamo la ricompensa di questa vostra generosit\u00e0.<\/em><\/span><\/p>\n<p style=\"text-align: left;\"><span style=\"font-family: arial, helvetica, sans-serif; font-size: 12pt;\"><em>don Riccardo<\/em><\/span><\/p>\n<p style=\"text-align: left;\"><span style=\"font-family: arial, helvetica, sans-serif; font-size: 12pt; color: #000000;\">Potete indicare su quale dei seguenti progetti preferireste fossero indirizzati i vostri contributi.<\/span><\/p>\n<table id=\"tb_mada3\" width=\"480\">\n<tbody>\n<tr>\n<td style=\"text-align: center;\" colspan=\"3\" width=\"80%\"><span style=\"font-family: arial, helvetica, sans-serif; font-size: 12pt;\"><strong>COSTO DEI PROGETTI<\/strong><\/span><\/td>\n<\/tr>\n<tr>\n<td style=\"text-align: left;\" colspan=\"3\" width=\"80%\"><\/td>\n<\/tr>\n<tr>\n<td style=\"text-align: left;\" width=\"80%\"><span style=\"font-family: arial, helvetica, sans-serif; font-size: 12pt; color: #000000;\">Bicicletta per operatori della missione<\/span><\/td>\n<td><span style=\"font-family: arial, helvetica, sans-serif; font-size: 12pt; color: #000000;\">\u20ac<\/span><\/td>\n<td align=\"right\"><span style=\"font-family: arial, helvetica, sans-serif; font-size: 12pt; color: #000000;\">80,00<\/span><\/td>\n<\/tr>\n<tr>\n<td style=\"text-align: left;\" width=\"80%\"><span style=\"font-family: arial, helvetica, sans-serif; font-size: 12pt; color: #000000;\">Banco piccolo (per 1\/2 ragazzi)<\/span><\/td>\n<td><span style=\"font-family: arial, helvetica, sans-serif; font-size: 12pt; color: #000000;\">\u20ac<\/span><\/td>\n<td align=\"right\"><span style=\"font-family: arial, helvetica, sans-serif; font-size: 12pt; color: #000000;\">100,00<\/span><\/td>\n<\/tr>\n<tr>\n<td style=\"text-align: left;\" width=\"80%\"><span style=\"font-family: arial, helvetica, sans-serif; font-size: 12pt; color: #000000;\">Banco grande (per 3\/4 ragazzi)<\/span><\/td>\n<td><span style=\"font-family: arial, helvetica, sans-serif; font-size: 12pt; color: #000000;\">\u20ac<\/span><\/td>\n<td align=\"right\"><span style=\"font-family: arial, helvetica, sans-serif; font-size: 12pt; color: #000000;\">160,00<\/span><\/td>\n<\/tr>\n<tr>\n<td style=\"text-align: left;\" width=\"80%\"><span style=\"font-family: arial, helvetica, sans-serif; font-size: 12pt; color: #000000;\">Servizi igienico (per cella)<\/span><\/td>\n<td><span style=\"font-family: arial, helvetica, sans-serif; font-size: 12pt; color: #000000;\">\u20ac<\/span><\/td>\n<td align=\"right\"><span style=\"font-family: arial, helvetica, sans-serif; font-size: 12pt; color: #000000;\">1.600,00<\/span><\/td>\n<\/tr>\n<tr>\n<td style=\"text-align: left;\" width=\"80%\"><span style=\"font-family: arial, helvetica, sans-serif; font-size: 12pt; color: #000000;\">Escavazione pozzo<\/span><\/td>\n<td><span style=\"font-family: arial, helvetica, sans-serif; font-size: 12pt; color: #000000;\">\u20ac<\/span><\/td>\n<td align=\"right\"><span style=\"font-family: arial, helvetica, sans-serif; font-size: 12pt; color: #000000;\">4.000,00<\/span><\/td>\n<\/tr>\n<tr>\n<td style=\"text-align: left;\" width=\"80%\"><span style=\"font-family: arial, helvetica, sans-serif; font-size: 12pt; color: #000000;\">Alloggio per un insegnante<\/span><\/td>\n<td><span style=\"font-family: arial, helvetica, sans-serif; font-size: 12pt; color: #000000;\">\u20ac<\/span><\/td>\n<td align=\"right\"><span style=\"font-family: arial, helvetica, sans-serif; font-size: 12pt; color: #000000;\">6.500,00<\/span><\/td>\n<\/tr>\n<tr>\n<td style=\"text-align: left;\" width=\"80%\"><span style=\"font-family: arial, helvetica, sans-serif; font-size: 12pt; color: #000000;\">Classe in muratura<\/span><\/td>\n<td><span style=\"font-family: arial, helvetica, sans-serif; font-size: 12pt; color: #000000;\">\u20ac<\/span><\/td>\n<td align=\"right\"><span style=\"font-family: arial, helvetica, sans-serif; font-size: 12pt; color: #000000;\">20.000,00<\/span><\/td>\n<\/tr>\n<tr>\n<td style=\"text-align: left;\" width=\"80%\"><span style=\"font-family: arial, helvetica, sans-serif; font-size: 12pt; color: #000000;\">Acquisto due terreni per risaia<\/span><\/td>\n<td><span style=\"font-family: arial, helvetica, sans-serif; font-size: 12pt; color: #000000;\">\u20ac<\/span><\/td>\n<td align=\"right\"><span style=\"font-family: arial, helvetica, sans-serif; font-size: 12pt; color: #000000;\">10.000,00<\/span><\/td>\n<\/tr>\n<tr>\n<td style=\"text-align: left;\" width=\"80%\"><span style=\"font-family: arial, helvetica, sans-serif; font-size: 12pt; color: #000000;\">Costruzione nuova chiesa<\/span><\/td>\n<td><span style=\"font-family: arial, helvetica, sans-serif; font-size: 12pt; color: #000000;\">\u20ac<\/span><\/td>\n<td align=\"right\"><span style=\"font-family: arial, helvetica, sans-serif; font-size: 12pt; color: #000000;\">200.000,00<\/span><\/td>\n<\/tr>\n<tr>\n<td style=\"text-align: left;\" width=\"80%\"><span style=\"font-family: arial, helvetica, sans-serif; font-size: 12pt; color: #000000;\">Costruzione Ambulatorio Maternit\u00e0<\/span><\/td>\n<td><span style=\"font-family: arial, helvetica, sans-serif; font-size: 12pt; color: #000000;\">\u20ac<\/span><\/td>\n<td align=\"right\"><span style=\"font-family: arial, helvetica, sans-serif; font-size: 12pt; color: #000000;\">110.000,00<\/span><\/td>\n<\/tr>\n<\/tbody>\n<\/table>\n<p>&nbsp;<\/p>\n<table id=\"tb_mada3\" width=\"480\">\n<tbody>\n<tr>\n<td colspan=\"3\"><span style=\"font-family: arial, helvetica, sans-serif; font-size: 12pt;\"><strong><span style=\"color: #000000;\">DOTAZIONE PER UNA CLASSE<\/span><\/strong><\/span><\/td>\n<\/tr>\n<tr>\n<td colspan=\"3\"><\/td>\n<\/tr>\n<tr>\n<td style=\"text-align: left;\" width=\"80%\"><span style=\"color: #000000; font-family: arial, helvetica, sans-serif; font-size: 12pt;\">Sedia<\/span><\/td>\n<td><span style=\"color: #000000; font-family: arial, helvetica, sans-serif; font-size: 12pt;\">\u20ac<\/span><\/td>\n<td align=\"right\"><span style=\"color: #000000; font-family: arial, helvetica, sans-serif; font-size: 12pt;\">40,00<\/span><\/td>\n<\/tr>\n<tr>\n<td style=\"text-align: left;\" width=\"80%\"><span style=\"color: #000000; font-family: arial, helvetica, sans-serif; font-size: 12pt;\">Tavolo<\/span><\/td>\n<td><span style=\"color: #000000; font-family: arial, helvetica, sans-serif; font-size: 12pt;\">\u20ac<\/span><\/td>\n<td align=\"right\"><span style=\"color: #000000; font-family: arial, helvetica, sans-serif; font-size: 12pt;\">70,00<\/span><\/td>\n<\/tr>\n<tr>\n<td style=\"text-align: left;\" width=\"80%\"><span style=\"font-family: arial, helvetica, sans-serif; font-size: 12pt; color: #000000;\">Lavagna<\/span><\/td>\n<td><span style=\"color: #000000; font-family: arial, helvetica, sans-serif; font-size: 12pt;\">\u20ac<\/span><\/td>\n<td align=\"right\"><span style=\"color: #000000; font-family: arial, helvetica, sans-serif; font-size: 12pt;\">60,00<\/span><\/td>\n<\/tr>\n<tr>\n<td style=\"text-align: left;\" width=\"80%\"><span style=\"font-family: arial, helvetica, sans-serif; font-size: 12pt; color: #000000;\">Armadio<\/span><\/td>\n<td><span style=\"color: #000000; font-family: arial, helvetica, sans-serif; font-size: 12pt;\">\u20ac<\/span><\/td>\n<td align=\"right\"><span style=\"color: #000000; font-family: arial, helvetica, sans-serif; font-size: 12pt;\">110,00<\/span><\/td>\n<\/tr>\n<tr>\n<td style=\"text-align: left;\" width=\"80%\"><span style=\"color: #000000; font-family: arial, helvetica, sans-serif; font-size: 12pt;\">40 banchi piccoli<\/span><\/td>\n<td><span style=\"color: #000000; font-family: arial, helvetica, sans-serif; font-size: 12pt;\">\u20ac<\/span><\/td>\n<td align=\"right\"><span style=\"color: #000000; font-family: arial, helvetica, sans-serif; font-size: 12pt;\">4.000,00<\/span><\/td>\n<\/tr>\n<tr>\n<td colspan=\"3\"><\/td>\n<\/tr>\n<tr>\n<td style=\"text-align: left;\" width=\"80%\"><span style=\"font-family: arial, helvetica, sans-serif; font-size: 12pt; color: #000000;\"><i>TOTALE dotazione per aula<\/i><\/span><\/td>\n<td><span style=\"font-family: arial, helvetica, sans-serif; font-size: 12pt; color: #000000;\">\u20ac<\/span><\/td>\n<td align=\"right\"><span style=\"font-family: arial, helvetica, sans-serif; font-size: 12pt; color: #000000;\">4.280,00<\/span><\/td>\n<\/tr>\n<\/tbody>\n<\/table>\n<p>&nbsp;<\/p>\n<table id=\"tb_mada3\" width=\"480\">\n<tbody>\n<tr>\n<td colspan=\"3\"><span style=\"font-family: arial, helvetica, sans-serif; font-size: 12pt;\"><strong>DOTAZIONE PER ABITAZIONE\u00a0INSEGNANTE<\/strong><\/span><\/td>\n<\/tr>\n<tr>\n<td colspan=\"3\"><\/td>\n<\/tr>\n<tr>\n<td style=\"text-align: left;\" width=\"80%\"><span style=\"font-family: arial, helvetica, sans-serif; font-size: 12pt; color: #000000;\">Sedia<\/span><\/td>\n<td><span style=\"font-family: arial, helvetica, sans-serif; font-size: 12pt; color: #000000;\">\u20ac<\/span><\/td>\n<td align=\"right\"><span style=\"font-family: arial, helvetica, sans-serif; font-size: 12pt; color: #000000;\">38,00<\/span><\/td>\n<\/tr>\n<tr>\n<td style=\"text-align: left;\" width=\"80%\"><span style=\"font-family: arial, helvetica, sans-serif; font-size: 12pt; color: #000000;\">Materasso<\/span><\/td>\n<td><span style=\"font-family: arial, helvetica, sans-serif; font-size: 12pt; color: #000000;\">\u20ac<\/span><\/td>\n<td align=\"right\"><span style=\"font-family: arial, helvetica, sans-serif; font-size: 12pt; color: #000000;\">50,00<\/span><\/td>\n<\/tr>\n<tr>\n<td style=\"text-align: left;\" width=\"80%\"><span style=\"font-family: arial, helvetica, sans-serif; font-size: 12pt; color: #000000;\">Tavolo<\/span><\/td>\n<td><span style=\"font-family: arial, helvetica, sans-serif; font-size: 12pt; color: #000000;\">\u20ac<\/span><\/td>\n<td align=\"right\"><span style=\"font-family: arial, helvetica, sans-serif; font-size: 12pt; color: #000000;\">60,00<\/span><\/td>\n<\/tr>\n<tr>\n<td style=\"text-align: left;\" width=\"80%\"><span style=\"font-family: arial, helvetica, sans-serif; font-size: 12pt; color: #000000;\">Utensili cucina, biancheria, varie<\/span><\/td>\n<td><span style=\"font-family: arial, helvetica, sans-serif; font-size: 12pt; color: #000000;\">\u20ac<\/span><\/td>\n<td align=\"right\"><span style=\"font-family: arial, helvetica, sans-serif; font-size: 12pt; color: #000000;\">50,00<\/span><\/td>\n<\/tr>\n<tr>\n<td style=\"text-align: left;\" width=\"80%\"><span style=\"font-family: arial, helvetica, sans-serif; font-size: 12pt; color: #000000;\">Letto<\/span><\/td>\n<td><span style=\"font-family: arial, helvetica, sans-serif; font-size: 12pt; color: #000000;\">\u20ac<\/span><\/td>\n<td align=\"right\"><span style=\"font-family: arial, helvetica, sans-serif; font-size: 12pt; color: #000000;\">65,00<\/span><\/td>\n<\/tr>\n<tr>\n<td style=\"text-align: left;\" width=\"80%\"><span style=\"font-family: arial, helvetica, sans-serif; font-size: 12pt; color: #000000;\">Armadio<\/span><\/td>\n<td><span style=\"font-family: arial, helvetica, sans-serif; font-size: 12pt; color: #000000;\">\u20ac<\/span><\/td>\n<td align=\"right\"><span style=\"font-family: arial, helvetica, sans-serif; font-size: 12pt; color: #000000;\">110,00<\/span><\/td>\n<\/tr>\n<tr>\n<td style=\"text-align: left;\" colspan=\"3\"><\/td>\n<\/tr>\n<tr>\n<td style=\"text-align: left;\" width=\"80%\"><span style=\"font-family: arial, helvetica, sans-serif; font-size: 12pt; color: #000000;\"><i>TOTALE dotazione per alloggio insegnante<\/i><\/span><\/td>\n<td><span style=\"font-family: arial, helvetica, sans-serif; font-size: 12pt; color: #000000;\">\u20ac<\/span><\/td>\n<td align=\"right\"><span style=\"font-family: arial, helvetica, sans-serif; font-size: 12pt; color: #000000;\">373,00<\/span><\/td>\n<\/tr>\n<\/tbody>\n<\/table>\n<p>&nbsp;<\/p>\n<table id=\"tb_mada3\" width=\"480\">\n<tbody>\n<tr>\n<td colspan=\"3\" width=\"80%\"><span style=\"font-family: arial, helvetica, sans-serif; font-size: 12pt; color: #000000; background-color: #ffffff;\"><strong>ADOZIONI A DISTANZA<br \/>\n<\/strong><\/span><\/td>\n<\/tr>\n<tr>\n<td style=\"text-align: left;\" colspan=\"3\" width=\"80%\"><\/td>\n<\/tr>\n<tr>\n<td width=\"80%\"><span style=\"font-family: arial, helvetica, sans-serif; font-size: 12pt; color: #000000; background-color: #ffffff;\">ADOZIONE BAMBINO A DISTANZA (importo annuo)<\/span><\/td>\n<td><span style=\"font-family: arial, helvetica, sans-serif; font-size: 12pt; color: #000000; background-color: #ffffff;\">\u20ac<\/span><\/td>\n<td align=\"right\"><span style=\"font-family: arial, helvetica, sans-serif; font-size: 12pt; color: #000000; background-color: #ffffff;\">180,00<\/span><\/td>\n<\/tr>\n<tr>\n<td width=\"80%\"><span style=\"font-family: arial, helvetica, sans-serif; font-size: 12pt; color: #000000; background-color: #ffffff;\">ADOZIONE DI UN INSEGNANTE PER UN ANNO<\/span><\/td>\n<td><span style=\"font-family: arial, helvetica, sans-serif; font-size: 12pt; color: #000000; background-color: #ffffff;\">\u20ac<\/span><\/td>\n<td align=\"right\"><span style=\"font-family: arial, helvetica, sans-serif; font-size: 12pt; color: #000000; background-color: #ffffff;\">350,00<\/span><\/td>\n<\/tr>\n<\/tbody>\n<\/table>\n<p><span style=\"color: #000000; font-family: arial,helvetica,sans-serif; font-size: 12pt;\">Il contributo viene utilizzato per aiutare il bambino adottato ad andare a scuola e per sostenerlo nelle sue necessit\u00e0 primarie quotidiane. In base alle necessit\u00e0 dei bambini e\u00a0delle scuole della Missione, una minima parte del contributo star\u00e0 destinato per:\u00a0-registrare i bambini all&#8217;anagrafe (circa l&#8217;80% non lo \u00e8 ancora), permettere loro di essere riconosciuti dallo Stato e di godere dei diritti di bambini e di cittadini; -aiutare i bambini malati ed handicappati (acquisto medicinali, protesi, soggiorno in ospedale, ecc.); -coprire qualche necessit\u00e0 di compagni non adottati, ma bisognosi di sostegno; -completare gli stipendi degli insegnanti; -acquistare libri e strumenti didattici.<\/span><\/p>\n<p>&nbsp;<\/p>\n<p><span style=\"color: #000000; font-family: arial, helvetica, sans-serif; font-size: 12pt;\">E&#8217; possibile destinare il controvalore di bomboniere per matrimoni, cresime, comunioni\u00a0o\u00a0battesimi all&#8217;Associazione, che stamper\u00e0 un biglietto ad hoc, concordato con gli interessati, da dare ai partecipanti all&#8217;evento con indicata la volont\u00e0 dei festeggiati e la destinazione dell\u2019importo.<\/span><\/p>\n<p>&nbsp;<\/p>\n<h2><\/h2>\n<p><span style=\"font-size: 18pt;\"><strong><span style=\"font-family: arial, helvetica, sans-serif; color: #000000;\"><u>Per le donazioni<\/u><\/span><\/strong><\/span><\/p>\n<p><span style=\"text-decoration: underline;\"><span style=\"font-family: arial, helvetica, sans-serif; font-size: 12pt;\"><strong>Associazione PROGETTI ECAR MANDABE ONLUS<\/strong><\/span><\/span><\/p>\n<p><strong><strong>\u00a0<\/strong><\/strong><\/p>\n<ul>\n<li><span style=\"font-family: arial,helvetica,sans-serif; font-size: 12pt;\"><strong><strong>BANCA INTESASANPAOLO\u00a0\u00a0\u00a0<\/strong><\/strong><\/span><\/li>\n<\/ul>\n<p><span style=\"font-family: arial,helvetica,sans-serif; font-size: 12pt;\"><span style=\"font-size: 10pt;\">\u00a0\u00a0\u00a0\u00a0\u00a0\u00a0\u00a0 SEDE DI MILANO &#8211; VIA VERDI 8 &#8211; 20121 MILANO<\/span><strong><strong><span style=\"font-size: 10pt;\">\u00a0\u00a0\u00a0<\/span>\u00a0<\/strong><\/strong><\/span><\/p>\n<p><span style=\"font-family: arial,helvetica,sans-serif; font-size: 12pt;\"><span style=\"font-family: arial,helvetica,sans-serif; font-size: 12pt;\">\u00a0\u00a0\u00a0\u00a0\u00a0\u00a0 CONTO\u00a0CORRENTE: 55000100000120020<\/span><\/span><\/p>\n<p><span style=\"font-family: arial,helvetica,sans-serif; font-size: 12pt;\">\u00a0\u00a0\u00a0\u00a0\u00a0\u00a0\u00a0IBAN: IT27 Y030 6909 6061 0000 0120 020 \u00a0 \u00a0<\/span><\/p>\n<p><span style=\"font-family: arial,helvetica,sans-serif; font-size: 12pt;\">\u00a0\u00a0\u00a0\u00a0\u00a0\u00a0 BIC:\u00a0\u00a0 BCITITMM<\/span><\/p>\n<p>&nbsp;<\/p>\n<ul>\n<li><strong><span style=\"font-family: arial,helvetica,sans-serif; font-size: 12pt;\">C\/C POSTALE\u00a0 68665660<\/span><\/strong><\/li>\n<\/ul>\n<p>&nbsp;<\/p>\n<ul>\n<li><span style=\"font-family: arial,helvetica,sans-serif; font-size: 12pt;\"><strong>Codice fiscale\u00a0 (5&#215;1000)\u00a0 97313100154<\/strong><\/span><\/li>\n<\/ul>\n<p><strong><strong>\u00a0<\/strong><\/strong><\/p>\n<p>&nbsp;<\/p>\n","protected":false},"excerpt":{"rendered":"<p>La missione diventer\u00e0 fra non molto \u201cdistretto\u201d e cio\u00e8 unit\u00e0 pastorale con una decina di villaggi limitrofi e quindi bisogner\u00e0 disporre di strutture per accogliere la gente che verr\u00e0 per incontri, formazione, catechesi. Noi stiamo sempre attenti a che neppure \u201cun soldino\u201d vada perso o sprecato perch\u00e9 sappiamo benissimo che &#8230;<\/p>\n","protected":false},"author":1,"featured_media":0,"parent":0,"menu_order":0,"comment_status":"closed","ping_status":"open","template":"template-full-width.php","meta":{"footnotes":""},"_links":{"self":[{"href":"https:\/\/www.mandabe.org\/index.php?rest_route=\/wp\/v2\/pages\/74"}],"collection":[{"href":"https:\/\/www.mandabe.org\/index.php?rest_route=\/wp\/v2\/pages"}],"about":[{"href":"https:\/\/www.mandabe.org\/index.php?rest_route=\/wp\/v2\/types\/page"}],"author":[{"embeddable":true,"href":"https:\/\/www.mandabe.org\/index.php?rest_route=\/wp\/v2\/users\/1"}],"replies":[{"embeddable":true,"href":"https:\/\/www.mandabe.org\/index.php?rest_route=%2Fwp%2Fv2%2Fcomments&post=74"}],"version-history":[{"count":31,"href":"https:\/\/www.mandabe.org\/index.php?rest_route=\/wp\/v2\/pages\/74\/revisions"}],"predecessor-version":[{"id":4325,"href":"https:\/\/www.mandabe.org\/index.php?rest_route=\/wp\/v2\/pages\/74\/revisions\/4325"}],"wp:attachment":[{"href":"https:\/\/www.mandabe.org\/index.php?rest_route=%2Fwp%2Fv2%2Fmedia&parent=74"}],"curies":[{"name":"wp","href":"https:\/\/api.w.org\/{rel}","templated":true}]}}