{"id":744,"date":"2014-05-17T19:16:33","date_gmt":"2014-05-17T17:16:33","guid":{"rendered":"http:\/\/www.mandabe.org\/?page_id=744"},"modified":"2016-04-12T22:56:12","modified_gmt":"2016-04-12T20:56:12","slug":"regione-del-melaky","status":"publish","type":"page","link":"https:\/\/www.mandabe.org\/?page_id=744","title":{"rendered":"REGIONE DEL MELAKY"},"content":{"rendered":"<p><a href=\"https:\/\/www.mandabe.org\/wp-content\/uploads\/2014\/05\/Melaky-e1403119789314.jpg\"><img loading=\"lazy\" decoding=\"async\" class=\"alignleft wp-image-1178\" src=\"https:\/\/www.mandabe.org\/wp-content\/uploads\/2014\/05\/Melaky-e1403119789314.jpg\" alt=\"\" width=\"370\" height=\"367\" srcset=\"https:\/\/www.mandabe.org\/wp-content\/uploads\/2014\/05\/Melaky-e1403119789314.jpg 401w, https:\/\/www.mandabe.org\/wp-content\/uploads\/2014\/05\/Melaky-e1403119789314-150x150.jpg 150w, https:\/\/www.mandabe.org\/wp-content\/uploads\/2014\/05\/Melaky-e1403119789314-300x297.jpg 300w, https:\/\/www.mandabe.org\/wp-content\/uploads\/2014\/05\/Melaky-e1403119789314-100x100.jpg 100w\" sizes=\"(max-width: 370px) 100vw, 370px\" \/><\/a><\/p>\n<p><span style=\"font-family: arial, helvetica, sans-serif; font-size: 12pt; color: #000000;\">Capoluogo: MAINTIRANO<\/span><\/p>\n<p><span style=\"font-family: arial, helvetica, sans-serif; font-size: 12pt; color: #000000;\">Elenco dei distretti che compongono la regione:\u00a0MAINTIRANO, BESALAMPY, AMBATOMAINTY, ANTSALOVA, MORAFENOBE<\/span><\/p>\n<p><span style=\"font-family: arial, helvetica, sans-serif; font-size: 12pt; color: #000000;\">Superficie: 38852 km\u00b2<\/span><\/p>\n<p><span style=\"font-family: arial, helvetica, sans-serif; font-size: 12pt; color: #000000;\">popolazione stimata:\u00a0 600.000 abitanti<\/span><\/p>\n<p><span style=\"font-family: arial, helvetica, sans-serif; font-size: 12pt; color: #000000;\">Densit\u00e0 abitativa: 4,5 abitanti\/km\u00b2<\/span><\/p>\n<p><span style=\"font-family: arial, helvetica, sans-serif; font-size: 12pt; color: #000000;\">Regioni confinanti: BOENY, BETSIBOKA, BONGOLAVA, MENABE.<\/span><\/p>\n<p><span style=\"font-family: arial, helvetica, sans-serif; font-size: 12pt; color: #000000;\"><em>\u00a0<\/em><\/span><\/p>\n<p><span style=\"font-family: arial, helvetica, sans-serif; font-size: 12pt; color: #000000;\">Una scorsa per quanto rapida ai dati statistici mette in evidenza due dati: la grande estensione del Melaky e la scarsa popolazione, che non dovrebbe esser inferiore ai 600.000 abitanti.<\/span><\/p>\n<p><span style=\"font-family: arial, helvetica, sans-serif; font-size: 12pt; color: #000000;\">E\u2019 da molto che si parla di erigere il Melaky in diocesi, ma le cose si sono accelerate 4 anni fa, quando finalmente i vescovi delle diocesi limitrofe si sono messi d\u2019accordo per richiederlo alla Santa Sede.<\/span><\/p>\n<p><span style=\"font-family: arial, helvetica, sans-serif; font-size: 12pt; color: #000000;\"><a href=\"https:\/\/www.mandabe.org\/wp-content\/uploads\/2014\/05\/beta3.jpg\"><img loading=\"lazy\" decoding=\"async\" class=\"alignright size-medium wp-image-1181\" src=\"https:\/\/www.mandabe.org\/wp-content\/uploads\/2014\/05\/beta3-300x225.jpg\" alt=\"beta3\" width=\"300\" height=\"225\" srcset=\"https:\/\/www.mandabe.org\/wp-content\/uploads\/2014\/05\/beta3-300x225.jpg 300w, https:\/\/www.mandabe.org\/wp-content\/uploads\/2014\/05\/beta3-1024x768.jpg 1024w, https:\/\/www.mandabe.org\/wp-content\/uploads\/2014\/05\/beta3-268x200.jpg 268w, https:\/\/www.mandabe.org\/wp-content\/uploads\/2014\/05\/beta3-700x525.jpg 700w, https:\/\/www.mandabe.org\/wp-content\/uploads\/2014\/05\/beta3.jpg 1408w\" sizes=\"(max-width: 300px) 100vw, 300px\" \/><\/a>Ma ovviamente la storia non finisce cosi, perch\u00e9 ancora oggi pare si sia alla ricerca di \u201ccandidati capaci e credibili\u201d. In parole povere ci vuole una buona dose di coraggio per \u201ccominciare a metter su diocesi\u201d, da queste parti. Bisogna veramente cominciare da quasi zero. La futura diocesi potrebbe contare su una dozzina circa di preti ed altrettante religiose\u00a0ed\u00a0una cinquantina di catechisti.<\/span><\/p>\n<p><span style=\"font-family: arial, helvetica, sans-serif; font-size: 12pt; color: #000000;\">Ma tutte le strutture sono da metter in piedi ex novo. I problemi di comunicazione sono enormi visto\u00a0 che di strade ce ne sono due ed anche molto dissestate.<\/span><\/p>\n<p><span style=\"font-family: arial, helvetica, sans-serif; font-size: 12pt; color: #000000;\">L\u2019evangelizzazione del Melaky (chiamato, due secoli fa, Mailaka e suddiviso in Mailaka, Milanja\u00a0e\u00a0Ambongo)\u00a0 fu avviata dai gesuiti, che, verso il 1850, risiedevano in un isoletta, Baly, proprio al nord del Melaky. Nonostante tutta l\u2019energia profusa i risultati erano deludenti: la presenza del commerciati di schiavi, dell\u2019islam che prosperava nel commercio e vedeva come fumo negli occhi la presenza \u201cpovera\u201d dei missionari, le malattie -soprattutto la malaria-, l\u2019instabilit\u00e0 politica&#8230;\u00a0tutti questi motivi rendevano la presenza dei missionari assolutamente precaria.<\/span><\/p>\n<p><span style=\"font-family: arial, helvetica, sans-serif; font-size: 12pt; color: #000000;\">Infatti, i gesuiti ritirandosi, verso il 1870, \u201dpassavano la mano\u201d ai missionari del Santo Spirito, cui, fra l\u2019altro, era affidata l\u2019evangelizzazione di tutto il nord del Madagascar, mentre i gesuiti si consacravano al centro ed al sud dell\u2019isola. <\/span><\/p>\n<p><span style=\"font-family: arial, helvetica, sans-serif; font-size: 12pt; color: #000000;\">Alla fine del secolo, nel 1899, arrivarono anche i PP della Salette, che si installarono ad Antsirabe, a\u00a0sud di Tananarive, e pian piano presero tutta la fascia costiera ovest del Madagascar (da Maintirano fino a Morombe).<\/span><\/p>\n<p><span style=\"font-family: arial, helvetica, sans-serif; font-size: 12pt; color: #000000;\">Iniziava, quindi, una presenza meno sporadica e pi\u00f9 attiva.<\/span><\/p>\n<p><span style=\"font-family: arial, helvetica, sans-serif; font-size: 12pt; color: #000000;\">Tuttavia, se guardiamo una cartina geografica dell\u2019epoca, vediamo che quasi nessuno dei villaggi attuali era segnato. Pare che fossero delle inondazioni fuori dal comune &#8211;\u00a0avvenute verso il 1927\u00a0 &#8211; che imposero all&#8217;amministrazione coloniale di riorganizzare la presenza degli abitanti riaccorpandoli e sistemandoli in siti \u201cnuovi\u201d, probabilmente meno soggetti alle inondazioni e pi\u00f9 facilmente controllabili.<\/span><\/p>\n<p><span style=\"font-family: arial, helvetica, sans-serif; font-size: 12pt; color: #000000;\">Nel 1960 la grande isola accede all&#8217;indipendenza e, nel frattempo, si procede ad\u00a0 una nuova riorganizzazione delle diocesi. Il Melaky viene quindi affidato ai PP Trinitari che avevano il loro centro a Tsiroanomandidy. Una comunit\u00e0 di PP Trinitari mise piede a Maintirano, i cristiani avevano quindi i missionari un po&#8217; pi\u00f9 a portata di mano. Ed infatti l\u2019evangelizzazione fece progressi.\u00a0 <\/span><\/p>\n<p><span style=\"font-family: arial, helvetica, sans-serif; font-size: 12pt; color: #000000;\"><a href=\"https:\/\/www.mandabe.org\/wp-content\/uploads\/2014\/05\/beta2.jpg\"><img loading=\"lazy\" decoding=\"async\" class=\"alignright size-thumbnail wp-image-1182\" src=\"https:\/\/www.mandabe.org\/wp-content\/uploads\/2014\/05\/beta2-150x150.jpg\" alt=\"beta2\" width=\"150\" height=\"150\" srcset=\"https:\/\/www.mandabe.org\/wp-content\/uploads\/2014\/05\/beta2-150x150.jpg 150w, https:\/\/www.mandabe.org\/wp-content\/uploads\/2014\/05\/beta2-100x100.jpg 100w\" sizes=\"(max-width: 150px) 100vw, 150px\" \/><\/a>Venendo qui nel Melaky, ho puntato il dito su Betanatanana, che \u00e8 il secondo centro importante della zona dopo Maintirano. Ed \u00e8 qui dove noi oggi lavoriamo insieme con voi che mi leggete per \u201cdilatare\u201d le piccole comunit\u00e0 presenti in questo territorio, vasto, poco popolato ed anche \u201cmolto dimenticato\u201d.<\/span><\/p>\n<p><span style=\"font-family: arial, helvetica, sans-serif; font-size: 12pt; color: #000000;\">I dati statistici sono approssimativi, visto che non c\u2019\u00e8 un censimento serio da oltre trent&#8217;anni.<\/span><\/p>\n<p><span style=\"font-family: arial, helvetica, sans-serif; font-size: 12pt; color: #000000;\">Il comune di Betanatanana fa circa 15000 abitanti. Il comune di Andabot\u00f3ka ne fa quasi 10.000. Il comune di Ank\u00edsatra 6000 circa. Quando cercavo dei villaggi da fotografare sono rimasto con la macchina in mano perch\u00e9 effettivamente le capanne sono raramente raggruppate. E questo costituisce di certo un problema supplementare se si vuole incontrare periodicamente la gente del posto.<\/span><\/p>\n<p><span style=\"font-family: arial, helvetica, sans-serif; font-size: 12pt; color: #000000;\"><a href=\"https:\/\/www.mandabe.org\/wp-content\/uploads\/2014\/05\/Beta.jpg\"><img loading=\"lazy\" decoding=\"async\" class=\"alignleft size-thumbnail wp-image-1183\" src=\"https:\/\/www.mandabe.org\/wp-content\/uploads\/2014\/05\/Beta-150x150.jpg\" alt=\"Beta\" width=\"150\" height=\"150\" srcset=\"https:\/\/www.mandabe.org\/wp-content\/uploads\/2014\/05\/Beta-150x150.jpg 150w, https:\/\/www.mandabe.org\/wp-content\/uploads\/2014\/05\/Beta-100x100.jpg 100w\" sizes=\"(max-width: 150px) 100vw, 150px\" \/><\/a>Un problema molto grave \u00e8 costituito dall&#8217;insicurezza dovuta ai ladri di bestiame. Siamo proprio alla \u201cperiferia\u201d di ci\u00f2 che si potrebbe chiamare Stato. Un problema supplementare \u00e8 il dilagare della corruzione\u00a0ed\u00a0un\u2019amministrazione abbastanza fatiscente. E a questo aggiungete le difficolt\u00e0 di comunicazione, di scambi commerciali a rilento, problemi di sanit\u00e0 altrettanto gravi&#8230;<\/span><\/p>\n<p><span style=\"font-family: arial, helvetica, sans-serif; font-size: 12pt; color: #000000;\">\u00a0Non \u00e8 troppo difficile venire qui. L\u2019importante \u00e8 restarci.<\/span><\/p>\n<p><span style=\"font-family: arial, helvetica, sans-serif; font-size: 12pt; color: #000000;\"><em>Olon-droa miditra an\u2019ala izaho no tokiny, izy no tokiko<\/em>: il proverbio dice che noi siamo come due che entrano in una foresta, io sono la sua forza ed egli la mia.<\/span><\/p>\n<p><span style=\"font-family: arial, helvetica, sans-serif; font-size: 12pt; color: #000000;\">Ma so che non sono solo e che oltre l\u2019oceano indiano una grande famiglia di amici, voi, mi siete vicini e mi sostenete. E questo mi basta!\u00a0\u00a0<\/span><\/p>\n<p><a title=\"BETANATANANA \u2013 La nuova missione\" href=\"https:\/\/www.mandabe.org\/?page_id=3001\"><span style=\"font-size: 14pt;\"><strong><span style=\"text-decoration: underline;\"><span style=\"font-family: arial, helvetica, sans-serif;\">Clicca qui per scoprire di pi\u00f9 della missione di Betanatanana<\/span><\/span><\/strong><\/span><\/a><\/p>\n<div id=\"attachment_1186\" style=\"width: 310px\" class=\"wp-caption aligncenter\"><a title=\"BETANATANANA \u2013 La nuova missione\" href=\"https:\/\/www.mandabe.org\/?page_id=3001\"><img loading=\"lazy\" decoding=\"async\" aria-describedby=\"caption-attachment-1186\" class=\"size-medium wp-image-1186\" src=\"https:\/\/www.mandabe.org\/wp-content\/uploads\/2014\/05\/CHIESA-E-2-ALLOGGI-DA-NORD2-300x225.jpg\" alt=\"Clicca qui per scoprire di pi\u00f9 sulla missione di Betanatanana\" width=\"300\" height=\"225\" srcset=\"https:\/\/www.mandabe.org\/wp-content\/uploads\/2014\/05\/CHIESA-E-2-ALLOGGI-DA-NORD2-300x225.jpg 300w, https:\/\/www.mandabe.org\/wp-content\/uploads\/2014\/05\/CHIESA-E-2-ALLOGGI-DA-NORD2-268x200.jpg 268w, https:\/\/www.mandabe.org\/wp-content\/uploads\/2014\/05\/CHIESA-E-2-ALLOGGI-DA-NORD2-700x525.jpg 700w, https:\/\/www.mandabe.org\/wp-content\/uploads\/2014\/05\/CHIESA-E-2-ALLOGGI-DA-NORD2.jpg 800w\" sizes=\"(max-width: 300px) 100vw, 300px\" \/><\/a><p id=\"caption-attachment-1186\" class=\"wp-caption-text\">Clicca qui per scoprire di pi\u00f9 sulla missione di Betanatanana<\/p><\/div>\n","protected":false},"excerpt":{"rendered":"<p>Capoluogo: MAINTIRANO Elenco dei distretti che compongono la regione:\u00a0MAINTIRANO, BESALAMPY, AMBATOMAINTY, ANTSALOVA, MORAFENOBE Superficie: 38852 km\u00b2 popolazione stimata:\u00a0 600.000 abitanti Densit\u00e0 abitativa: 4,5 abitanti\/km\u00b2 Regioni confinanti: BOENY, BETSIBOKA, BONGOLAVA, MENABE. \u00a0 Una scorsa per quanto rapida ai dati statistici mette in evidenza due dati: la grande estensione del Melaky e &#8230;<\/p>\n","protected":false},"author":1,"featured_media":0,"parent":0,"menu_order":0,"comment_status":"closed","ping_status":"open","template":"","meta":{"footnotes":""},"_links":{"self":[{"href":"https:\/\/www.mandabe.org\/index.php?rest_route=\/wp\/v2\/pages\/744"}],"collection":[{"href":"https:\/\/www.mandabe.org\/index.php?rest_route=\/wp\/v2\/pages"}],"about":[{"href":"https:\/\/www.mandabe.org\/index.php?rest_route=\/wp\/v2\/types\/page"}],"author":[{"embeddable":true,"href":"https:\/\/www.mandabe.org\/index.php?rest_route=\/wp\/v2\/users\/1"}],"replies":[{"embeddable":true,"href":"https:\/\/www.mandabe.org\/index.php?rest_route=%2Fwp%2Fv2%2Fcomments&post=744"}],"version-history":[{"count":13,"href":"https:\/\/www.mandabe.org\/index.php?rest_route=\/wp\/v2\/pages\/744\/revisions"}],"predecessor-version":[{"id":3005,"href":"https:\/\/www.mandabe.org\/index.php?rest_route=\/wp\/v2\/pages\/744\/revisions\/3005"}],"wp:attachment":[{"href":"https:\/\/www.mandabe.org\/index.php?rest_route=%2Fwp%2Fv2%2Fmedia&parent=744"}],"curies":[{"name":"wp","href":"https:\/\/api.w.org\/{rel}","templated":true}]}}