{"id":92,"date":"2014-04-17T22:38:21","date_gmt":"2014-04-17T20:38:21","guid":{"rendered":"http:\/\/www.mandabe.org\/?page_id=92"},"modified":"2014-05-27T21:44:39","modified_gmt":"2014-05-27T19:44:39","slug":"berenty","status":"publish","type":"page","link":"https:\/\/www.mandabe.org\/?page_id=92","title":{"rendered":"BERENTY"},"content":{"rendered":"<p><center style=\"color: #000000;\"><span style=\"font-family: arial, helvetica, sans-serif; font-size: 12pt; color: #000000;\">(circa 21 km da Mandabe)<\/span><\/center><center style=\"color: #000000;\"><a href=\"https:\/\/www.mandabe.org\/wp-content\/uploads\/2014\/05\/berenty031.jpg\"><img loading=\"lazy\" decoding=\"async\" class=\"aligncenter wp-image-803 size-full\" src=\"https:\/\/www.mandabe.org\/wp-content\/uploads\/2014\/05\/berenty031.jpg\" alt=\"berenty03\" width=\"600\" height=\"409\" srcset=\"https:\/\/www.mandabe.org\/wp-content\/uploads\/2014\/05\/berenty031.jpg 600w, https:\/\/www.mandabe.org\/wp-content\/uploads\/2014\/05\/berenty031-300x204.jpg 300w\" sizes=\"(max-width: 600px) 100vw, 600px\" \/><\/a><\/center><center style=\"color: #000000;\"><\/center><\/p>\n<p style=\"color: #5e593d;\"><span style=\"font-family: arial, helvetica, sans-serif; font-size: 12pt; color: #000000;\">Il nome del villaggio \u00e8 lo stesso del corso d\u2019acqua che passa l\u00ec vicino.<\/span><\/p>\n<p><span style=\"font-family: arial, helvetica, sans-serif; font-size: 12pt; color: #000000;\">Era considerato il villaggio pi\u00f9 pericoloso della regione per la presenza frequente dei ladri di bestiame che l\u00ec avevano delle connivenze consolidate. Questi ladri partivano da circa 100 km. a est e dopo due giorni di strada arrivavano a Berenty a sera inoltrata. Ben rifocillati partivano per le loro razzie.<\/span><\/p>\n<p><span style=\"color: #000000; font-family: arial, helvetica, sans-serif; font-size: 12pt;\"><a href=\"https:\/\/www.mandabe.org\/wp-content\/uploads\/2014\/05\/berenty200302.jpg\"><img loading=\"lazy\" decoding=\"async\" class=\"alignright size-thumbnail wp-image-804\" src=\"https:\/\/www.mandabe.org\/wp-content\/uploads\/2014\/05\/berenty200302-150x150.jpg\" alt=\"berenty200302\" width=\"150\" height=\"150\" srcset=\"https:\/\/www.mandabe.org\/wp-content\/uploads\/2014\/05\/berenty200302-150x150.jpg 150w, https:\/\/www.mandabe.org\/wp-content\/uploads\/2014\/05\/berenty200302-100x100.jpg 100w\" sizes=\"(max-width: 150px) 100vw, 150px\" \/><\/a>Non tutti gli abitanti del villaggio perci\u00f2\u00a0 erano d\u2019accordo per l\u2019avvio di una scuola che avrebbe portato i maestri da fuori e quindi dei possibili \u201cdelatori\u201d.<\/span><\/p>\n<p><span style=\"color: #000000; font-family: arial, helvetica, sans-serif; font-size: 12pt;\">La gente \u00e8 tutta analfabeta, dedita alla pastorizia ed alla cultura del riso.<\/span><\/p>\n<p><span style=\"color: #000000; font-family: arial, helvetica, sans-serif; font-size: 12pt;\">Ci vorr\u00e0 del tempo per \u201cdisarmare\u201c gente che viveva sui furti e le vendette personali: tutto \u201cveleno\u201c\u2026 che ovviamente viene poi passato ai figli. La gente \u00e8 tutta analfabeta, dedita alla pastorizia ed alla cultura del riso.<\/span><\/p>\n<p><span style=\"color: #000000; font-family: arial, helvetica, sans-serif; font-size: 12pt;\"><a href=\"https:\/\/www.mandabe.org\/wp-content\/uploads\/2014\/05\/berenty04.jpg\"><img loading=\"lazy\" decoding=\"async\" class=\"alignleft size-thumbnail wp-image-805\" src=\"https:\/\/www.mandabe.org\/wp-content\/uploads\/2014\/05\/berenty04-150x150.jpg\" alt=\"berenty04\" width=\"150\" height=\"150\" srcset=\"https:\/\/www.mandabe.org\/wp-content\/uploads\/2014\/05\/berenty04-150x150.jpg 150w, https:\/\/www.mandabe.org\/wp-content\/uploads\/2014\/05\/berenty04-100x100.jpg 100w\" sizes=\"(max-width: 150px) 100vw, 150px\" \/><\/a>Comunque alla fine \u00e8 prevalso l\u2019interesse per l\u2019istruzione dei figli e quindi abbiamo realizzato due classi frequentate da parecchi ragazzi e assegnato due insegnanti\u00a0 per i quali abbiamo costruito due piccoli alloggi (gli insegnanti vengono da lontana e accettano di insegnare in villaggi cos\u00ec remoti solo se ad essi viene assicurato l\u2019alloggio)<\/span><\/p>\n<p><span style=\"color: #000000; font-family: arial, helvetica, sans-serif; font-size: 12pt;\">E\u2019 stato escavato con molte difficolt\u00e0 (due tentativi) un pozzo per la scuola e costruita una chiesetta.<\/span><\/p>\n<p style=\"color: #5e593d;\">\n","protected":false},"excerpt":{"rendered":"<p>(circa 21 km da Mandabe) Il nome del villaggio \u00e8 lo stesso del corso d\u2019acqua che passa l\u00ec vicino. Era considerato il villaggio pi\u00f9 pericoloso della regione per la presenza frequente dei ladri di bestiame che l\u00ec avevano delle connivenze consolidate. Questi ladri partivano da circa 100 km. a est &#8230;<\/p>\n","protected":false},"author":1,"featured_media":0,"parent":0,"menu_order":0,"comment_status":"closed","ping_status":"open","template":"template-content-sidebar.php","meta":{"footnotes":""},"_links":{"self":[{"href":"https:\/\/www.mandabe.org\/index.php?rest_route=\/wp\/v2\/pages\/92"}],"collection":[{"href":"https:\/\/www.mandabe.org\/index.php?rest_route=\/wp\/v2\/pages"}],"about":[{"href":"https:\/\/www.mandabe.org\/index.php?rest_route=\/wp\/v2\/types\/page"}],"author":[{"embeddable":true,"href":"https:\/\/www.mandabe.org\/index.php?rest_route=\/wp\/v2\/users\/1"}],"replies":[{"embeddable":true,"href":"https:\/\/www.mandabe.org\/index.php?rest_route=%2Fwp%2Fv2%2Fcomments&post=92"}],"version-history":[{"count":9,"href":"https:\/\/www.mandabe.org\/index.php?rest_route=\/wp\/v2\/pages\/92\/revisions"}],"predecessor-version":[{"id":807,"href":"https:\/\/www.mandabe.org\/index.php?rest_route=\/wp\/v2\/pages\/92\/revisions\/807"}],"wp:attachment":[{"href":"https:\/\/www.mandabe.org\/index.php?rest_route=%2Fwp%2Fv2%2Fmedia&parent=92"}],"curies":[{"name":"wp","href":"https:\/\/api.w.org\/{rel}","templated":true}]}}