{"id":934,"date":"2014-06-04T22:47:27","date_gmt":"2014-06-04T20:47:27","guid":{"rendered":"http:\/\/www.mandabe.org\/?page_id=934"},"modified":"2014-12-07T21:25:06","modified_gmt":"2014-12-07T20:25:06","slug":"baobab","status":"publish","type":"page","link":"https:\/\/www.mandabe.org\/?page_id=934","title":{"rendered":"BAOBAB"},"content":{"rendered":"<div id=\"attachment_2344\" style=\"width: 234px\" class=\"wp-caption alignright\"><a href=\"?cat=3\"><img loading=\"lazy\" decoding=\"async\" aria-describedby=\"caption-attachment-2344\" class=\"wp-image-2344 size-medium\" src=\"https:\/\/www.mandabe.org\/wp-content\/uploads\/2014\/12\/BAOBAB2-224x300.jpg\" alt=\"BAOBAB2\" width=\"224\" height=\"300\" srcset=\"https:\/\/www.mandabe.org\/wp-content\/uploads\/2014\/12\/BAOBAB2-224x300.jpg 224w, https:\/\/www.mandabe.org\/wp-content\/uploads\/2014\/12\/BAOBAB2.jpg 459w\" sizes=\"(max-width: 224px) 100vw, 224px\" \/><\/a><p id=\"caption-attachment-2344\" class=\"wp-caption-text\">Clicca qui per accedere alla sezione<\/p><\/div>\n<p style=\"color: #000000;\"><span style=\"color: #000000; font-family: arial, helvetica, sans-serif; font-size: 12pt;\">Sai come fa la gente di qui quando arrivo da loro? Corrono subito a prendere una bella stuoia: di quelle che sono arrotolate e si conservano sempre in casa. E\u2019 il loro modo per farti entrare ed offrirti la sedia.<\/span><\/p>\n<p style=\"color: #000000;\"><span style=\"color: #000000; font-family: arial, helvetica, sans-serif; font-size: 12pt;\">Ci si toglie i sandali perch\u00e9 su quella stuoia loro mangiano insieme \u2013 un atto sacro \u2013 e vi si coricano. Una volta seduti ti chiedono come va la salute? E\u2019 un bene talmente prezioso e fragile che passa prima di ogni cosa.<\/span><\/p>\n<p style=\"color: #000000;\"><span style=\"color: #000000; font-family: arial, helvetica, sans-serif; font-size: 12pt;\">Mi stupisce sempre sentirli rispondere: bene, non c\u2019\u00e8 male. E tu? E la cosa mi sconcerta perch\u00e9 a volte lo scopo della visita \u00e8 di annunciare anche un affare spinoso, una lite da regolare, un parente malato grave ed anche annunciare che \u00e8 morto qualcuno.<\/span><\/p>\n<p style=\"color: #000000;\"><span style=\"color: #000000; font-family: arial, helvetica, sans-serif; font-size: 12pt;\"><a href=\"https:\/\/www.mandabe.org\/wp-content\/uploads\/2014\/06\/DSCF3992.jpg\"><img loading=\"lazy\" decoding=\"async\" class=\"alignleft size-medium wp-image-1222\" src=\"https:\/\/www.mandabe.org\/wp-content\/uploads\/2014\/06\/DSCF3992-300x225.jpg\" alt=\"DSCF3992\" width=\"300\" height=\"225\" srcset=\"https:\/\/www.mandabe.org\/wp-content\/uploads\/2014\/06\/DSCF3992-300x225.jpg 300w, https:\/\/www.mandabe.org\/wp-content\/uploads\/2014\/06\/DSCF3992-1024x768.jpg 1024w, https:\/\/www.mandabe.org\/wp-content\/uploads\/2014\/06\/DSCF3992-268x200.jpg 268w, https:\/\/www.mandabe.org\/wp-content\/uploads\/2014\/06\/DSCF3992-700x525.jpg 700w\" sizes=\"(max-width: 300px) 100vw, 300px\" \/><\/a>E poi man mano che la conversazione si snoda si entra nel vivo delle cose. Con un semplice sguardo, intanto, colui che ti accoglie fa portare una ciotola di acqua fresca e poi intanto chi \u00e8 in casa si attiva per prepararti qualcosa da mangiare. Quando \u00e8 pronto ti presentano un piccolo catino di riso e un poco di salsa con qualche cucchiaio. E\u2019 chiaro che chi accoglie mangia con l\u2019ospite, IZAY IRAY VATSY IRAY AINA, chi mangia insieme \u00e8 un\u2019anima sola. A tua volta poi anche tu chiederai come stanno loro. Se \u00e8 da molto che non ci si vede sar\u00e0 l\u2019occasione per sgranare tutte le notizie familiari dei mesi passati. Il viandante certo si fermer\u00e0 un po\u2019 di giorni ospite e sar\u00e0 trattato con tutti i segni di rispetto e di attenzione. se poi chi arriva \u00e8 FATI-DRA (LEGATO COL SANGUE) \u2013 e cio\u00e8 se \u00e8 legato non da vincoli di parentela, ma per aver fatto il rito dell\u2019alleanza di sangue, dovr\u00e0 considerarsi padrone di tutto ci\u00f2 che si trova presso il suo ospite.<\/span><\/p>\n<p style=\"color: #000000;\"><span style=\"color: #000000; font-family: arial, helvetica, sans-serif; font-size: 12pt;\">Ti ho nascosto un dettaglio: non \u00e8 sotto il baobab che la gente si trova poich\u00e9 il baobab, anche se pieno di foglie, non fa ombra; ma piuttosto sotto quei grandiosi tamarindi che fanno magari trenta metri d\u2019ombra all\u2019intorno del fusto, per cui se \u00e8 necessario qualcuno, percuotendo forte un cerchione di ferro, dar\u00e0 il segnale a tutti quelli che lavorano dispersi nelle risaie di tornare al villaggio perch\u00e9 c\u2019\u00e8 qualcosa di importante.<\/span><\/p>\n<p style=\"color: #000000;\"><span style=\"color: #000000; font-family: arial, helvetica, sans-serif; font-size: 12pt;\">Ci sarebbero molti altri dettagli da menzionare\u2026 Ma lo faremo semmai in seguito. Intanto qui sotto questa ombra ci potremo parlare, prendere qualche momento di silenzio, riposarci un po\u2019 poi riprendere il nostro cammino che certo ci porta lontano\u2026 ma con la gioia di aver ritrovato un amico!<\/span><\/p>\n<p style=\"color: #000000; text-align: right;\"><span style=\"color: #000000; font-family: arial, helvetica, sans-serif; font-size: 12pt;\">\u00a0 \u00a0 \u00a0 \u00a0 \u00a0 \u00a0 \u00a0 \u00a0 \u00a0 \u00a0 \u00a0 \u00a0 \u00a0 \u00a0 \u00a0 \u00a0 \u00a0 \u00a0 \u00a0 \u00a0 <em>don Riccardo<\/em><\/span><\/p>\n<p style=\"color: #000000; text-align: left;\"><span style=\"text-decoration: underline;\"><span style=\"font-family: arial, helvetica, sans-serif; font-size: 14pt;\"><strong><span style=\"color: #ff6600;\"><a style=\"color: #d54e21;\" href=\"?cat=3\"><span style=\"color: #ff6600; text-decoration: underline;\">Clicca qui per accedere alla sezione<\/span><\/a><\/span><\/strong><\/span><\/span><\/p>\n<div id=\"attachment_142\" style=\"width: 216px\" class=\"wp-caption aligncenter\"><a href=\"?cat=3\"><img loading=\"lazy\" decoding=\"async\" aria-describedby=\"caption-attachment-142\" class=\"wp-image-142 size-full\" src=\"https:\/\/www.mandabe.org\/wp-content\/uploads\/2014\/04\/042314_1349_5.jpg\" alt=\"Clicca sull'immagine per sederti all'ombra del baobab\" width=\"206\" height=\"274\" \/><\/a><p id=\"caption-attachment-142\" class=\"wp-caption-text\">Clicca sull&#8217;immagine per sederti all&#8217;ombra del baobab<\/p><\/div>\n","protected":false},"excerpt":{"rendered":"<p>Sai come fa la gente di qui quando arrivo da loro? Corrono subito a prendere una bella stuoia: di quelle che sono arrotolate e si conservano sempre in casa. E\u2019 il loro modo per farti entrare ed offrirti la sedia. Ci si toglie i sandali perch\u00e9 su quella stuoia loro &#8230;<\/p>\n","protected":false},"author":1,"featured_media":0,"parent":0,"menu_order":0,"comment_status":"closed","ping_status":"open","template":"","meta":{"footnotes":""},"_links":{"self":[{"href":"https:\/\/www.mandabe.org\/index.php?rest_route=\/wp\/v2\/pages\/934"}],"collection":[{"href":"https:\/\/www.mandabe.org\/index.php?rest_route=\/wp\/v2\/pages"}],"about":[{"href":"https:\/\/www.mandabe.org\/index.php?rest_route=\/wp\/v2\/types\/page"}],"author":[{"embeddable":true,"href":"https:\/\/www.mandabe.org\/index.php?rest_route=\/wp\/v2\/users\/1"}],"replies":[{"embeddable":true,"href":"https:\/\/www.mandabe.org\/index.php?rest_route=%2Fwp%2Fv2%2Fcomments&post=934"}],"version-history":[{"count":19,"href":"https:\/\/www.mandabe.org\/index.php?rest_route=\/wp\/v2\/pages\/934\/revisions"}],"predecessor-version":[{"id":2346,"href":"https:\/\/www.mandabe.org\/index.php?rest_route=\/wp\/v2\/pages\/934\/revisions\/2346"}],"wp:attachment":[{"href":"https:\/\/www.mandabe.org\/index.php?rest_route=%2Fwp%2Fv2%2Fmedia&parent=934"}],"curies":[{"name":"wp","href":"https:\/\/api.w.org\/{rel}","templated":true}]}}